{"id":8075,"date":"2023-09-21T16:08:07","date_gmt":"2023-09-21T16:08:07","guid":{"rendered":"https:\/\/www.cacciatoscana.com\/2023\/?page_id=8075"},"modified":"2023-09-21T16:08:07","modified_gmt":"2023-09-21T16:08:07","slug":"deine-jagterfahrung-immer-mit-dir","status":"publish","type":"page","link":"https:\/\/www.cacciatoscana.com\/2023\/de\/neben-der-jagd\/deine-jagterfahrung-immer-mit-dir\/","title":{"rendered":"Deine Jagterfahrung immer mit Dir!"},"content":{"rendered":"<p>Jeder Moment unseres Lebens wird in einem Foto\/Video bewacht.<br \/>\nDie J\u00e4ger wiederleben die Momente und die selbe Atmosph\u00e4re, jedesmal, indem sie Fotos oder Videos wiedersehen.<br \/>\nNoch besser ist es, wenn diese Errinnerumgen in einem Video mit T\u00f6nen und Bildern beigef\u00fcgt werden.<br \/>\nBei uns gibt es die M\u00f6glichkeit einen Videomaker dabei haben, der jeden Moment filmen wird. Unsere Videomaker sind die Besten im Bereich. Sie sind dabei, ohne ihre Anwesenheit merken lassen, damit sie Jagt und J\u00e4ger nicht st\u00f6ren.<br \/>\nIn dieser Weise kann man die eigene Erfahrung anderen erz\u00e4hlen und sie in Errinnerung halten.<br \/>\nBei der Reservierung kann man daf\u00fcr nach Infos fragen!<\/p>\n<p><img loading=\"lazy\" decoding=\"async\" class=\"aligncenter size-full wp-image-8065\" src=\"https:\/\/www.cacciatoscana.com\/2023\/wp-content\/uploads\/2023\/09\/20230428_095023-scaled.jpg\" alt=\"\" width=\"2560\" height=\"1440\" srcset=\"https:\/\/www.cacciatoscana.com\/2023\/wp-content\/uploads\/2023\/09\/20230428_095023-scaled.jpg 2560w, https:\/\/www.cacciatoscana.com\/2023\/wp-content\/uploads\/2023\/09\/20230428_095023-300x169.jpg 300w, https:\/\/www.cacciatoscana.com\/2023\/wp-content\/uploads\/2023\/09\/20230428_095023-1024x576.jpg 1024w, https:\/\/www.cacciatoscana.com\/2023\/wp-content\/uploads\/2023\/09\/20230428_095023-768x432.jpg 768w, https:\/\/www.cacciatoscana.com\/2023\/wp-content\/uploads\/2023\/09\/20230428_095023-1536x864.jpg 1536w, https:\/\/www.cacciatoscana.com\/2023\/wp-content\/uploads\/2023\/09\/20230428_095023-2048x1152.jpg 2048w, https:\/\/www.cacciatoscana.com\/2023\/wp-content\/uploads\/2023\/09\/20230428_095023-2000x1125.jpg 2000w, https:\/\/www.cacciatoscana.com\/2023\/wp-content\/uploads\/2023\/09\/20230428_095023-600x338.jpg 600w, https:\/\/www.cacciatoscana.com\/2023\/wp-content\/uploads\/2023\/09\/20230428_095023-1200x675.jpg 1200w\" sizes=\"auto, (max-width: 2560px) 100vw, 2560px\" \/> <img loading=\"lazy\" decoding=\"async\" class=\"aligncenter size-full wp-image-8064\" src=\"https:\/\/www.cacciatoscana.com\/2023\/wp-content\/uploads\/2023\/09\/fb_img_1695202192417.jpg\" alt=\"\" width=\"1080\" height=\"608\" srcset=\"https:\/\/www.cacciatoscana.com\/2023\/wp-content\/uploads\/2023\/09\/fb_img_1695202192417.jpg 1080w, https:\/\/www.cacciatoscana.com\/2023\/wp-content\/uploads\/2023\/09\/fb_img_1695202192417-300x169.jpg 300w, https:\/\/www.cacciatoscana.com\/2023\/wp-content\/uploads\/2023\/09\/fb_img_1695202192417-1024x576.jpg 1024w, https:\/\/www.cacciatoscana.com\/2023\/wp-content\/uploads\/2023\/09\/fb_img_1695202192417-768x432.jpg 768w, https:\/\/www.cacciatoscana.com\/2023\/wp-content\/uploads\/2023\/09\/fb_img_1695202192417-600x338.jpg 600w\" sizes=\"auto, (max-width: 1080px) 100vw, 1080px\" \/> <img loading=\"lazy\" decoding=\"async\" class=\"aligncenter size-full wp-image-8063\" src=\"https:\/\/www.cacciatoscana.com\/2023\/wp-content\/uploads\/2023\/09\/fb_img_1695202181057.jpg\" alt=\"\" width=\"1080\" height=\"1440\" srcset=\"https:\/\/www.cacciatoscana.com\/2023\/wp-content\/uploads\/2023\/09\/fb_img_1695202181057.jpg 1080w, https:\/\/www.cacciatoscana.com\/2023\/wp-content\/uploads\/2023\/09\/fb_img_1695202181057-225x300.jpg 225w, https:\/\/www.cacciatoscana.com\/2023\/wp-content\/uploads\/2023\/09\/fb_img_1695202181057-768x1024.jpg 768w, https:\/\/www.cacciatoscana.com\/2023\/wp-content\/uploads\/2023\/09\/fb_img_1695202181057-600x800.jpg 600w\" sizes=\"auto, (max-width: 1080px) 100vw, 1080px\" \/><\/p>\n","protected":false},"excerpt":{"rendered":"<p>Jeder Moment unseres Lebens wird in einem Foto\/Video bewacht. Die J\u00e4ger wiederleben die Momente und die selbe Atmosph\u00e4re, jedesmal, indem sie Fotos oder Videos wiedersehen. Noch besser ist es, wenn diese Errinnerumgen in einem Video mit T\u00f6nen und Bildern beigef\u00fcgt werden. Bei uns gibt es die M\u00f6glichkeit einen Videomaker dabei haben, der jeden Moment filmen &hellip; <\/p>\n<p class=\"link-more\"><a href=\"https:\/\/www.cacciatoscana.com\/2023\/de\/neben-der-jagd\/deine-jagterfahrung-immer-mit-dir\/\" class=\"more-link\">Read more<span class=\"screen-reader-text\"> &#8220;Deine Jagterfahrung immer mit Dir!&#8221;<\/span><\/a><\/p>\n","protected":false},"author":1,"featured_media":8062,"parent":7717,"menu_order":0,"comment_status":"closed","ping_status":"closed","template":"","meta":{"footnotes":""},"class_list":["post-8075","page","type-page","status-publish","has-post-thumbnail","hentry"],"featured_media_urls":{"thumbnail":["https:\/\/www.cacciatoscana.com\/2023\/wp-content\/uploads\/2023\/09\/servizi-video-150x150.jpg",150,150,true],"medium":["https:\/\/www.cacciatoscana.com\/2023\/wp-content\/uploads\/2023\/09\/servizi-video-225x300.jpg",225,300,true],"medium_large":["https:\/\/www.cacciatoscana.com\/2023\/wp-content\/uploads\/2023\/09\/servizi-video-768x1024.jpg",768,1024,true],"large":["https:\/\/www.cacciatoscana.com\/2023\/wp-content\/uploads\/2023\/09\/servizi-video-768x1024.jpg",768,1024,true],"1536x1536":["https:\/\/www.cacciatoscana.com\/2023\/wp-content\/uploads\/2023\/09\/servizi-video-1152x1536.jpg",1152,1536,true],"2048x2048":["https:\/\/www.cacciatoscana.com\/2023\/wp-content\/uploads\/2023\/09\/servizi-video.jpg",1536,2048,false],"inspiro-featured-image":["https:\/\/www.cacciatoscana.com\/2023\/wp-content\/uploads\/2023\/09\/servizi-video.jpg",1536,2048,false],"inspiro-loop":["https:\/\/www.cacciatoscana.com\/2023\/wp-content\/uploads\/2023\/09\/servizi-video-950x320.jpg",950,320,true],"inspiro-loop@2x":["https:\/\/www.cacciatoscana.com\/2023\/wp-content\/uploads\/2023\/09\/servizi-video-1536x640.jpg",1536,640,true],"portfolio_item-thumbnail":["https:\/\/www.cacciatoscana.com\/2023\/wp-content\/uploads\/2023\/09\/servizi-video-600x400.jpg",600,400,true],"portfolio_item-thumbnail@2x":["https:\/\/www.cacciatoscana.com\/2023\/wp-content\/uploads\/2023\/09\/servizi-video-1200x800.jpg",1200,800,true],"portfolio_item-masonry":["https:\/\/www.cacciatoscana.com\/2023\/wp-content\/uploads\/2023\/09\/servizi-video-600x800.jpg",600,800,true],"portfolio_item-masonry@2x":["https:\/\/www.cacciatoscana.com\/2023\/wp-content\/uploads\/2023\/09\/servizi-video-1200x1600.jpg",1200,1600,true],"portfolio_item-thumbnail_cinema":["https:\/\/www.cacciatoscana.com\/2023\/wp-content\/uploads\/2023\/09\/servizi-video-800x335.jpg",800,335,true],"portfolio_item-thumbnail_portrait":["https:\/\/www.cacciatoscana.com\/2023\/wp-content\/uploads\/2023\/09\/servizi-video-600x900.jpg",600,900,true],"portfolio_item-thumbnail_portrait@2x":["https:\/\/www.cacciatoscana.com\/2023\/wp-content\/uploads\/2023\/09\/servizi-video-1200x1800.jpg",1200,1800,true],"portfolio_item-thumbnail_square":["https:\/\/www.cacciatoscana.com\/2023\/wp-content\/uploads\/2023\/09\/servizi-video-800x800.jpg",800,800,true]},"_links":{"self":[{"href":"https:\/\/www.cacciatoscana.com\/2023\/wp-json\/wp\/v2\/pages\/8075","targetHints":{"allow":["GET"]}}],"collection":[{"href":"https:\/\/www.cacciatoscana.com\/2023\/wp-json\/wp\/v2\/pages"}],"about":[{"href":"https:\/\/www.cacciatoscana.com\/2023\/wp-json\/wp\/v2\/types\/page"}],"author":[{"embeddable":true,"href":"https:\/\/www.cacciatoscana.com\/2023\/wp-json\/wp\/v2\/users\/1"}],"replies":[{"embeddable":true,"href":"https:\/\/www.cacciatoscana.com\/2023\/wp-json\/wp\/v2\/comments?post=8075"}],"version-history":[{"count":1,"href":"https:\/\/www.cacciatoscana.com\/2023\/wp-json\/wp\/v2\/pages\/8075\/revisions"}],"predecessor-version":[{"id":8076,"href":"https:\/\/www.cacciatoscana.com\/2023\/wp-json\/wp\/v2\/pages\/8075\/revisions\/8076"}],"up":[{"embeddable":true,"href":"https:\/\/www.cacciatoscana.com\/2023\/wp-json\/wp\/v2\/pages\/7717"}],"wp:featuredmedia":[{"embeddable":true,"href":"https:\/\/www.cacciatoscana.com\/2023\/wp-json\/wp\/v2\/media\/8062"}],"wp:attachment":[{"href":"https:\/\/www.cacciatoscana.com\/2023\/wp-json\/wp\/v2\/media?parent=8075"}],"curies":[{"name":"wp","href":"https:\/\/api.w.org\/{rel}","templated":true}]}}