{"id":7782,"date":"2023-07-15T21:53:41","date_gmt":"2023-07-15T21:53:41","guid":{"rendered":"https:\/\/www.cacciatoscana.com\/2023\/?page_id=7782"},"modified":"2023-07-15T21:53:41","modified_gmt":"2023-07-15T21:53:41","slug":"besuch-der-waffenfabrik-cosmi","status":"publish","type":"page","link":"https:\/\/www.cacciatoscana.com\/2023\/de\/neben-der-jagd\/besuch-der-waffenfabrik-cosmi\/","title":{"rendered":"Besuch der Waffenfabrik Cosmi"},"content":{"rendered":"\r\n\r\nIn der herrlichen Umgebung der Riviera del Conero gelegen, hei\u00dft das 1895 von der gleichnamigen Familie gegr\u00fcndete Unternehmen Cosmi alle Liebhaber hochwertiger Schusswaffen willkommen. Hier k\u00f6nnen sie eine einzigartige und faszinierende Welt entdecken, zusammen mit der sch\u00f6nsten halbautomatischen Waffe der Welt.\r\n\r\nDas 250 km von Castelvecchio entfernt gelegene Unternehmen freut sich, alle Liebhaber der Jagd und des Sportschie\u00dfens zu einer organisierten Tour willkommen zu hei\u00dfen, um die Welt des Handwerks kennenzulernen, die seit jeher die St\u00e4rke dieses Juwels der Region Marken ausmacht.\r\n\r\n<img loading=\"lazy\" decoding=\"async\" class=\"alignnone wp-image-7112 size-full\" src=\"https:\/\/www.cacciatoscana.com\/2023\/wp-content\/uploads\/2017\/09\/IMG-20230616-WA0027.jpg\" alt=\"\" width=\"1600\" height=\"1201\" srcset=\"https:\/\/www.cacciatoscana.com\/2023\/wp-content\/uploads\/2017\/09\/IMG-20230616-WA0027.jpg 1600w, https:\/\/www.cacciatoscana.com\/2023\/wp-content\/uploads\/2017\/09\/IMG-20230616-WA0027-300x225.jpg 300w, https:\/\/www.cacciatoscana.com\/2023\/wp-content\/uploads\/2017\/09\/IMG-20230616-WA0027-1024x769.jpg 1024w, https:\/\/www.cacciatoscana.com\/2023\/wp-content\/uploads\/2017\/09\/IMG-20230616-WA0027-768x576.jpg 768w, https:\/\/www.cacciatoscana.com\/2023\/wp-content\/uploads\/2017\/09\/IMG-20230616-WA0027-1536x1153.jpg 1536w, https:\/\/www.cacciatoscana.com\/2023\/wp-content\/uploads\/2017\/09\/IMG-20230616-WA0027-600x450.jpg 600w\" sizes=\"auto, (max-width: 1600px) 100vw, 1600px\" \/> <img loading=\"lazy\" decoding=\"async\" class=\"alignnone wp-image-7111 size-full\" src=\"https:\/\/www.cacciatoscana.com\/2023\/wp-content\/uploads\/2017\/09\/IMG-20230616-WA0026.jpg\" alt=\"\" width=\"960\" height=\"1440\" srcset=\"https:\/\/www.cacciatoscana.com\/2023\/wp-content\/uploads\/2017\/09\/IMG-20230616-WA0026.jpg 960w, https:\/\/www.cacciatoscana.com\/2023\/wp-content\/uploads\/2017\/09\/IMG-20230616-WA0026-200x300.jpg 200w, https:\/\/www.cacciatoscana.com\/2023\/wp-content\/uploads\/2017\/09\/IMG-20230616-WA0026-683x1024.jpg 683w, https:\/\/www.cacciatoscana.com\/2023\/wp-content\/uploads\/2017\/09\/IMG-20230616-WA0026-768x1152.jpg 768w, https:\/\/www.cacciatoscana.com\/2023\/wp-content\/uploads\/2017\/09\/IMG-20230616-WA0026-600x900.jpg 600w\" sizes=\"auto, (max-width: 960px) 100vw, 960px\" \/>\r\n\r\n<img loading=\"lazy\" decoding=\"async\" class=\"aligncenter size-full wp-image-7110\" src=\"https:\/\/www.cacciatoscana.com\/2023\/wp-content\/uploads\/2017\/09\/IMG-20230616-WA0025.jpg\" alt=\"\" width=\"1403\" height=\"485\" srcset=\"https:\/\/www.cacciatoscana.com\/2023\/wp-content\/uploads\/2017\/09\/IMG-20230616-WA0025.jpg 1403w, https:\/\/www.cacciatoscana.com\/2023\/wp-content\/uploads\/2017\/09\/IMG-20230616-WA0025-300x104.jpg 300w, https:\/\/www.cacciatoscana.com\/2023\/wp-content\/uploads\/2017\/09\/IMG-20230616-WA0025-1024x354.jpg 1024w, https:\/\/www.cacciatoscana.com\/2023\/wp-content\/uploads\/2017\/09\/IMG-20230616-WA0025-768x265.jpg 768w, https:\/\/www.cacciatoscana.com\/2023\/wp-content\/uploads\/2017\/09\/IMG-20230616-WA0025-600x207.jpg 600w\" sizes=\"auto, (max-width: 1403px) 100vw, 1403px\" \/>\r\n\r\n","protected":false},"excerpt":{"rendered":"<p>In der herrlichen Umgebung der Riviera del Conero gelegen, hei\u00dft das 1895 von der gleichnamigen Familie gegr\u00fcndete Unternehmen Cosmi alle Liebhaber hochwertiger Schusswaffen willkommen. Hier k\u00f6nnen sie eine einzigartige und faszinierende Welt entdecken, zusammen mit der sch\u00f6nsten halbautomatischen Waffe der Welt. Das 250 km von Castelvecchio entfernt gelegene Unternehmen freut sich, alle Liebhaber der Jagd &hellip; <\/p>\n<p class=\"link-more\"><a href=\"https:\/\/www.cacciatoscana.com\/2023\/de\/neben-der-jagd\/besuch-der-waffenfabrik-cosmi\/\" class=\"more-link\">Read more<span class=\"screen-reader-text\"> &#8220;Besuch der Waffenfabrik Cosmi&#8221;<\/span><\/a><\/p>\n","protected":false},"author":1,"featured_media":7186,"parent":7717,"menu_order":0,"comment_status":"closed","ping_status":"closed","template":"","meta":{"footnotes":""},"class_list":["post-7782","page","type-page","status-publish","has-post-thumbnail","hentry"],"featured_media_urls":{"thumbnail":["https:\/\/www.cacciatoscana.com\/2023\/wp-content\/uploads\/2017\/09\/WhatsApp-Image-2023-06-19-at-18.06.18-150x150.jpeg",150,150,true],"medium":["https:\/\/www.cacciatoscana.com\/2023\/wp-content\/uploads\/2017\/09\/WhatsApp-Image-2023-06-19-at-18.06.18-200x300.jpeg",200,300,true],"medium_large":["https:\/\/www.cacciatoscana.com\/2023\/wp-content\/uploads\/2017\/09\/WhatsApp-Image-2023-06-19-at-18.06.18-768x1153.jpeg",768,1153,true],"large":["https:\/\/www.cacciatoscana.com\/2023\/wp-content\/uploads\/2017\/09\/WhatsApp-Image-2023-06-19-at-18.06.18-682x1024.jpeg",682,1024,true],"1536x1536":["https:\/\/www.cacciatoscana.com\/2023\/wp-content\/uploads\/2017\/09\/WhatsApp-Image-2023-06-19-at-18.06.18-1023x1536.jpeg",1023,1536,true],"2048x2048":["https:\/\/www.cacciatoscana.com\/2023\/wp-content\/uploads\/2017\/09\/WhatsApp-Image-2023-06-19-at-18.06.18.jpeg",1066,1600,false],"inspiro-featured-image":["https:\/\/www.cacciatoscana.com\/2023\/wp-content\/uploads\/2017\/09\/WhatsApp-Image-2023-06-19-at-18.06.18.jpeg",1066,1600,false],"inspiro-loop":["https:\/\/www.cacciatoscana.com\/2023\/wp-content\/uploads\/2017\/09\/WhatsApp-Image-2023-06-19-at-18.06.18-950x320.jpeg",950,320,true],"inspiro-loop@2x":["https:\/\/www.cacciatoscana.com\/2023\/wp-content\/uploads\/2017\/09\/WhatsApp-Image-2023-06-19-at-18.06.18-1066x640.jpeg",1066,640,true],"portfolio_item-thumbnail":["https:\/\/www.cacciatoscana.com\/2023\/wp-content\/uploads\/2017\/09\/WhatsApp-Image-2023-06-19-at-18.06.18-600x400.jpeg",600,400,true],"portfolio_item-thumbnail@2x":["https:\/\/www.cacciatoscana.com\/2023\/wp-content\/uploads\/2017\/09\/WhatsApp-Image-2023-06-19-at-18.06.18.jpeg",533,800,false],"portfolio_item-masonry":["https:\/\/www.cacciatoscana.com\/2023\/wp-content\/uploads\/2017\/09\/WhatsApp-Image-2023-06-19-at-18.06.18-600x901.jpeg",600,901,true],"portfolio_item-masonry@2x":["https:\/\/www.cacciatoscana.com\/2023\/wp-content\/uploads\/2017\/09\/WhatsApp-Image-2023-06-19-at-18.06.18.jpeg",1066,1600,false],"portfolio_item-thumbnail_cinema":["https:\/\/www.cacciatoscana.com\/2023\/wp-content\/uploads\/2017\/09\/WhatsApp-Image-2023-06-19-at-18.06.18-800x335.jpeg",800,335,true],"portfolio_item-thumbnail_portrait":["https:\/\/www.cacciatoscana.com\/2023\/wp-content\/uploads\/2017\/09\/WhatsApp-Image-2023-06-19-at-18.06.18-600x900.jpeg",600,900,true],"portfolio_item-thumbnail_portrait@2x":["https:\/\/www.cacciatoscana.com\/2023\/wp-content\/uploads\/2017\/09\/WhatsApp-Image-2023-06-19-at-18.06.18.jpeg",1066,1600,false],"portfolio_item-thumbnail_square":["https:\/\/www.cacciatoscana.com\/2023\/wp-content\/uploads\/2017\/09\/WhatsApp-Image-2023-06-19-at-18.06.18-800x800.jpeg",800,800,true]},"_links":{"self":[{"href":"https:\/\/www.cacciatoscana.com\/2023\/wp-json\/wp\/v2\/pages\/7782","targetHints":{"allow":["GET"]}}],"collection":[{"href":"https:\/\/www.cacciatoscana.com\/2023\/wp-json\/wp\/v2\/pages"}],"about":[{"href":"https:\/\/www.cacciatoscana.com\/2023\/wp-json\/wp\/v2\/types\/page"}],"author":[{"embeddable":true,"href":"https:\/\/www.cacciatoscana.com\/2023\/wp-json\/wp\/v2\/users\/1"}],"replies":[{"embeddable":true,"href":"https:\/\/www.cacciatoscana.com\/2023\/wp-json\/wp\/v2\/comments?post=7782"}],"version-history":[{"count":1,"href":"https:\/\/www.cacciatoscana.com\/2023\/wp-json\/wp\/v2\/pages\/7782\/revisions"}],"predecessor-version":[{"id":7783,"href":"https:\/\/www.cacciatoscana.com\/2023\/wp-json\/wp\/v2\/pages\/7782\/revisions\/7783"}],"up":[{"embeddable":true,"href":"https:\/\/www.cacciatoscana.com\/2023\/wp-json\/wp\/v2\/pages\/7717"}],"wp:featuredmedia":[{"embeddable":true,"href":"https:\/\/www.cacciatoscana.com\/2023\/wp-json\/wp\/v2\/media\/7186"}],"wp:attachment":[{"href":"https:\/\/www.cacciatoscana.com\/2023\/wp-json\/wp\/v2\/media?parent=7782"}],"curies":[{"name":"wp","href":"https:\/\/api.w.org\/{rel}","templated":true}]}}