{"id":7776,"date":"2023-07-15T21:52:27","date_gmt":"2023-07-15T21:52:27","guid":{"rendered":"https:\/\/www.cacciatoscana.com\/2023\/?page_id=7776"},"modified":"2023-07-15T21:52:27","modified_gmt":"2023-07-15T21:52:27","slug":"besuch-des-waffengeschaefts-armeria-lenzerini","status":"publish","type":"page","link":"https:\/\/www.cacciatoscana.com\/2023\/de\/neben-der-jagd\/besuch-des-waffengeschaefts-armeria-lenzerini\/","title":{"rendered":"Besuch des Waffengesch\u00e4fts Armeria Lenzerini"},"content":{"rendered":"<p>Armeria Lenzerini: Eine italienische Exzellenz in Poggibonsi im Herzen des Chianti, etwa 20 Autominuten von uns entfernt. Das Waffengesch\u00e4ft ist seit 4 Generationen in der Branche t\u00e4tig. 100 Jahre Geschichte, ausgerichtet auf Innovation und das Streben nach Qualit\u00e4t. Es bietet den besten Service f\u00fcr den Kunden, vom Verkauf einzigartiger Kollektionen, Sehhilfen und Optiken der neuesten Generation \u00fcber Jagdzubeh\u00f6r bis hin zu Outdoor-Bekleidung der besten italienischen und internationalen Marken. Von 1923 bis heute hat sich das Unternehmen kontinuierlich weiterentwickelt und ist zu einer Referenz f\u00fcr alle Liebhaber geworden.<\/p>\n<p><img loading=\"lazy\" decoding=\"async\" class=\"aligncenter size-full wp-image-7189\" src=\"https:\/\/www.cacciatoscana.com\/2023\/wp-content\/uploads\/2023\/06\/WhatsApp-Image-2023-06-19-at-18.12.34.jpeg\" alt=\"\" width=\"1504\" height=\"1000\" srcset=\"https:\/\/www.cacciatoscana.com\/2023\/wp-content\/uploads\/2023\/06\/WhatsApp-Image-2023-06-19-at-18.12.34.jpeg 1504w, https:\/\/www.cacciatoscana.com\/2023\/wp-content\/uploads\/2023\/06\/WhatsApp-Image-2023-06-19-at-18.12.34-300x199.jpeg 300w, https:\/\/www.cacciatoscana.com\/2023\/wp-content\/uploads\/2023\/06\/WhatsApp-Image-2023-06-19-at-18.12.34-1024x681.jpeg 1024w, https:\/\/www.cacciatoscana.com\/2023\/wp-content\/uploads\/2023\/06\/WhatsApp-Image-2023-06-19-at-18.12.34-768x511.jpeg 768w, https:\/\/www.cacciatoscana.com\/2023\/wp-content\/uploads\/2023\/06\/WhatsApp-Image-2023-06-19-at-18.12.34-600x399.jpeg 600w\" sizes=\"auto, (max-width: 1504px) 100vw, 1504px\" \/> <img loading=\"lazy\" decoding=\"async\" class=\"aligncenter size-full wp-image-7190\" src=\"https:\/\/www.cacciatoscana.com\/2023\/wp-content\/uploads\/2023\/06\/WhatsApp-Image-2023-06-19-at-18.12.33.jpeg\" alt=\"\" width=\"1600\" height=\"1066\" srcset=\"https:\/\/www.cacciatoscana.com\/2023\/wp-content\/uploads\/2023\/06\/WhatsApp-Image-2023-06-19-at-18.12.33.jpeg 1600w, https:\/\/www.cacciatoscana.com\/2023\/wp-content\/uploads\/2023\/06\/WhatsApp-Image-2023-06-19-at-18.12.33-300x200.jpeg 300w, https:\/\/www.cacciatoscana.com\/2023\/wp-content\/uploads\/2023\/06\/WhatsApp-Image-2023-06-19-at-18.12.33-1024x682.jpeg 1024w, https:\/\/www.cacciatoscana.com\/2023\/wp-content\/uploads\/2023\/06\/WhatsApp-Image-2023-06-19-at-18.12.33-768x512.jpeg 768w, https:\/\/www.cacciatoscana.com\/2023\/wp-content\/uploads\/2023\/06\/WhatsApp-Image-2023-06-19-at-18.12.33-1536x1023.jpeg 1536w, https:\/\/www.cacciatoscana.com\/2023\/wp-content\/uploads\/2023\/06\/WhatsApp-Image-2023-06-19-at-18.12.33-600x400.jpeg 600w\" sizes=\"auto, (max-width: 1600px) 100vw, 1600px\" \/><\/p>\n<p>Contacts:<br \/>\nCell:+39 3392129457<br \/>\nPhone: 0577936695<\/p>\n<p>Location:<br \/>\nVia Monte San Michele, 1 Poggibonsi(Siena).<\/p>\n<p>E-mail:<br \/>\n<a href=\"mailto:Info@armerialenzerini.it\">Info@armerialenzerini.it<\/a><\/p>\n<p>Website:<br \/>\n<a href=\"http:\/\/www.armerialenzerini.it\/\">http:\/\/www.armerialenzerini.it\/<\/a><\/p>\n","protected":false},"excerpt":{"rendered":"<p>Armeria Lenzerini: Eine italienische Exzellenz in Poggibonsi im Herzen des Chianti, etwa 20 Autominuten von uns entfernt. Das Waffengesch\u00e4ft ist seit 4 Generationen in der Branche t\u00e4tig. 100 Jahre Geschichte, ausgerichtet auf Innovation und das Streben nach Qualit\u00e4t. Es bietet den besten Service f\u00fcr den Kunden, vom Verkauf einzigartiger Kollektionen, Sehhilfen und Optiken der neuesten &hellip; <\/p>\n<p class=\"link-more\"><a href=\"https:\/\/www.cacciatoscana.com\/2023\/de\/neben-der-jagd\/besuch-des-waffengeschaefts-armeria-lenzerini\/\" class=\"more-link\">Read more<span class=\"screen-reader-text\"> &#8220;Besuch des Waffengesch\u00e4fts Armeria Lenzerini&#8221;<\/span><\/a><\/p>\n","protected":false},"author":1,"featured_media":7109,"parent":7717,"menu_order":0,"comment_status":"closed","ping_status":"closed","template":"","meta":{"footnotes":""},"class_list":["post-7776","page","type-page","status-publish","has-post-thumbnail","hentry"],"featured_media_urls":{"thumbnail":["https:\/\/www.cacciatoscana.com\/2023\/wp-content\/uploads\/2017\/09\/R7A8491-Recuperato-150x150.jpg",150,150,true],"medium":["https:\/\/www.cacciatoscana.com\/2023\/wp-content\/uploads\/2017\/09\/R7A8491-Recuperato-300x200.jpg",300,200,true],"medium_large":["https:\/\/www.cacciatoscana.com\/2023\/wp-content\/uploads\/2017\/09\/R7A8491-Recuperato-768x512.jpg",768,512,true],"large":["https:\/\/www.cacciatoscana.com\/2023\/wp-content\/uploads\/2017\/09\/R7A8491-Recuperato-1024x683.jpg",950,634,true],"1536x1536":["https:\/\/www.cacciatoscana.com\/2023\/wp-content\/uploads\/2017\/09\/R7A8491-Recuperato-1536x1024.jpg",1536,1024,true],"2048x2048":["https:\/\/www.cacciatoscana.com\/2023\/wp-content\/uploads\/2017\/09\/R7A8491-Recuperato-2048x1365.jpg",2048,1365,true],"inspiro-featured-image":["https:\/\/www.cacciatoscana.com\/2023\/wp-content\/uploads\/2017\/09\/R7A8491-Recuperato-2000x1333.jpg",2000,1333,true],"inspiro-loop":["https:\/\/www.cacciatoscana.com\/2023\/wp-content\/uploads\/2017\/09\/R7A8491-Recuperato-950x320.jpg",950,320,true],"inspiro-loop@2x":["https:\/\/www.cacciatoscana.com\/2023\/wp-content\/uploads\/2017\/09\/R7A8491-Recuperato-1900x640.jpg",1900,640,true],"portfolio_item-thumbnail":["https:\/\/www.cacciatoscana.com\/2023\/wp-content\/uploads\/2017\/09\/R7A8491-Recuperato-600x400.jpg",600,400,true],"portfolio_item-thumbnail@2x":["https:\/\/www.cacciatoscana.com\/2023\/wp-content\/uploads\/2017\/09\/R7A8491-Recuperato-scaled.jpg",1200,800,false],"portfolio_item-masonry":["https:\/\/www.cacciatoscana.com\/2023\/wp-content\/uploads\/2017\/09\/R7A8491-Recuperato-600x400.jpg",600,400,true],"portfolio_item-masonry@2x":["https:\/\/www.cacciatoscana.com\/2023\/wp-content\/uploads\/2017\/09\/R7A8491-Recuperato-scaled.jpg",1200,800,false],"portfolio_item-thumbnail_cinema":["https:\/\/www.cacciatoscana.com\/2023\/wp-content\/uploads\/2017\/09\/R7A8491-Recuperato-800x335.jpg",800,335,true],"portfolio_item-thumbnail_portrait":["https:\/\/www.cacciatoscana.com\/2023\/wp-content\/uploads\/2017\/09\/R7A8491-Recuperato-600x900.jpg",600,900,true],"portfolio_item-thumbnail_portrait@2x":["https:\/\/www.cacciatoscana.com\/2023\/wp-content\/uploads\/2017\/09\/R7A8491-Recuperato-scaled.jpg",1200,800,false],"portfolio_item-thumbnail_square":["https:\/\/www.cacciatoscana.com\/2023\/wp-content\/uploads\/2017\/09\/R7A8491-Recuperato-800x800.jpg",800,800,true]},"_links":{"self":[{"href":"https:\/\/www.cacciatoscana.com\/2023\/wp-json\/wp\/v2\/pages\/7776","targetHints":{"allow":["GET"]}}],"collection":[{"href":"https:\/\/www.cacciatoscana.com\/2023\/wp-json\/wp\/v2\/pages"}],"about":[{"href":"https:\/\/www.cacciatoscana.com\/2023\/wp-json\/wp\/v2\/types\/page"}],"author":[{"embeddable":true,"href":"https:\/\/www.cacciatoscana.com\/2023\/wp-json\/wp\/v2\/users\/1"}],"replies":[{"embeddable":true,"href":"https:\/\/www.cacciatoscana.com\/2023\/wp-json\/wp\/v2\/comments?post=7776"}],"version-history":[{"count":1,"href":"https:\/\/www.cacciatoscana.com\/2023\/wp-json\/wp\/v2\/pages\/7776\/revisions"}],"predecessor-version":[{"id":7778,"href":"https:\/\/www.cacciatoscana.com\/2023\/wp-json\/wp\/v2\/pages\/7776\/revisions\/7778"}],"up":[{"embeddable":true,"href":"https:\/\/www.cacciatoscana.com\/2023\/wp-json\/wp\/v2\/pages\/7717"}],"wp:featuredmedia":[{"embeddable":true,"href":"https:\/\/www.cacciatoscana.com\/2023\/wp-json\/wp\/v2\/media\/7109"}],"wp:attachment":[{"href":"https:\/\/www.cacciatoscana.com\/2023\/wp-json\/wp\/v2\/media?parent=7776"}],"curies":[{"name":"wp","href":"https:\/\/api.w.org\/{rel}","templated":true}]}}