{"id":7767,"date":"2023-07-15T21:47:50","date_gmt":"2023-07-15T21:47:50","guid":{"rendered":"https:\/\/www.cacciatoscana.com\/2023\/?page_id=7767"},"modified":"2023-07-15T21:47:50","modified_gmt":"2023-07-15T21:47:50","slug":"yacht-tour","status":"publish","type":"page","link":"https:\/\/www.cacciatoscana.com\/2023\/de\/neben-der-jagd\/yacht-tour\/","title":{"rendered":"Yacht-Tour"},"content":{"rendered":"<p>San Lorenzo Cruise Expedition ist ein Abenteuer in einem der au\u00dfergew\u00f6hnlichsten Meeresgebiete Italiens. Der f\u00fcr seine Artenvielfalt bekannte toskanische Archipel umfasst \u00fcber 61.000 km^2 Meeresfl\u00e4che und ist der gr\u00f6\u00dfte Meerespark Europas.<\/p>\n<p>Die Yacht ist eine San Lorenzo 80 Fu\u00df (24 Meter) mit komfortabler und luxuri\u00f6ser Innenausstattung aus Holz. Sie bietet Platz f\u00fcr bis zu 12 Personen an Bord.<\/p>\n<p>Die Inseln sind wie die Perlen einer Halskette aneinander gereiht. Jede Insel bewahrt Spuren ihrer Geschichte und ist einzigartig und urspr\u00fcnglich. Das gemeinsame Merkmal ist die Sch\u00f6nheit ihrer Natur. Die Kette, die diese Juwelen vereint, ist das Meer. Ein warmes und einladendes Meer, das ruhig sein kann, aber auch unberechenbar mit seinen St\u00fcrmen, wie es nur das Mittelmeer sein kann.<\/p>\n<p><img loading=\"lazy\" decoding=\"async\" class=\"aligncenter size-full wp-image-7127\" src=\"https:\/\/www.cacciatoscana.com\/2023\/wp-content\/uploads\/2023\/06\/image012.jpg\" alt=\"\" width=\"557\" height=\"417\" srcset=\"https:\/\/www.cacciatoscana.com\/2023\/wp-content\/uploads\/2023\/06\/image012.jpg 557w, https:\/\/www.cacciatoscana.com\/2023\/wp-content\/uploads\/2023\/06\/image012-300x225.jpg 300w\" sizes=\"auto, (max-width: 557px) 100vw, 557px\" \/> <img loading=\"lazy\" decoding=\"async\" class=\"aligncenter size-full wp-image-7126\" src=\"https:\/\/www.cacciatoscana.com\/2023\/wp-content\/uploads\/2023\/06\/image005.jpg\" alt=\"\" width=\"454\" height=\"328\" srcset=\"https:\/\/www.cacciatoscana.com\/2023\/wp-content\/uploads\/2023\/06\/image005.jpg 454w, https:\/\/www.cacciatoscana.com\/2023\/wp-content\/uploads\/2023\/06\/image005-300x217.jpg 300w\" sizes=\"auto, (max-width: 454px) 100vw, 454px\" \/><\/p>\n","protected":false},"excerpt":{"rendered":"<p>San Lorenzo Cruise Expedition ist ein Abenteuer in einem der au\u00dfergew\u00f6hnlichsten Meeresgebiete Italiens. Der f\u00fcr seine Artenvielfalt bekannte toskanische Archipel umfasst \u00fcber 61.000 km^2 Meeresfl\u00e4che und ist der gr\u00f6\u00dfte Meerespark Europas. Die Yacht ist eine San Lorenzo 80 Fu\u00df (24 Meter) mit komfortabler und luxuri\u00f6ser Innenausstattung aus Holz. Sie bietet Platz f\u00fcr bis zu 12 &hellip; <\/p>\n<p class=\"link-more\"><a href=\"https:\/\/www.cacciatoscana.com\/2023\/de\/neben-der-jagd\/yacht-tour\/\" class=\"more-link\">Read more<span class=\"screen-reader-text\"> &#8220;Yacht-Tour&#8221;<\/span><\/a><\/p>\n","protected":false},"author":1,"featured_media":7125,"parent":7717,"menu_order":0,"comment_status":"closed","ping_status":"closed","template":"","meta":{"footnotes":""},"class_list":["post-7767","page","type-page","status-publish","has-post-thumbnail","hentry"],"featured_media_urls":{"thumbnail":["https:\/\/www.cacciatoscana.com\/2023\/wp-content\/uploads\/2023\/06\/image002-1-150x150.jpg",150,150,true],"medium":["https:\/\/www.cacciatoscana.com\/2023\/wp-content\/uploads\/2023\/06\/image002-1-300x150.jpg",300,150,true],"medium_large":["https:\/\/www.cacciatoscana.com\/2023\/wp-content\/uploads\/2023\/06\/image002-1.jpg",640,320,false],"large":["https:\/\/www.cacciatoscana.com\/2023\/wp-content\/uploads\/2023\/06\/image002-1.jpg",640,320,false],"1536x1536":["https:\/\/www.cacciatoscana.com\/2023\/wp-content\/uploads\/2023\/06\/image002-1.jpg",640,320,false],"2048x2048":["https:\/\/www.cacciatoscana.com\/2023\/wp-content\/uploads\/2023\/06\/image002-1.jpg",640,320,false],"inspiro-featured-image":["https:\/\/www.cacciatoscana.com\/2023\/wp-content\/uploads\/2023\/06\/image002-1.jpg",640,320,false],"inspiro-loop":["https:\/\/www.cacciatoscana.com\/2023\/wp-content\/uploads\/2023\/06\/image002-1.jpg",640,320,false],"inspiro-loop@2x":["https:\/\/www.cacciatoscana.com\/2023\/wp-content\/uploads\/2023\/06\/image002-1.jpg",640,320,false],"portfolio_item-thumbnail":["https:\/\/www.cacciatoscana.com\/2023\/wp-content\/uploads\/2023\/06\/image002-1-600x320.jpg",600,320,true],"portfolio_item-thumbnail@2x":["https:\/\/www.cacciatoscana.com\/2023\/wp-content\/uploads\/2023\/06\/image002-1.jpg",640,320,false],"portfolio_item-masonry":["https:\/\/www.cacciatoscana.com\/2023\/wp-content\/uploads\/2023\/06\/image002-1-600x300.jpg",600,300,true],"portfolio_item-masonry@2x":["https:\/\/www.cacciatoscana.com\/2023\/wp-content\/uploads\/2023\/06\/image002-1.jpg",640,320,false],"portfolio_item-thumbnail_cinema":["https:\/\/www.cacciatoscana.com\/2023\/wp-content\/uploads\/2023\/06\/image002-1.jpg",640,320,false],"portfolio_item-thumbnail_portrait":["https:\/\/www.cacciatoscana.com\/2023\/wp-content\/uploads\/2023\/06\/image002-1-600x320.jpg",600,320,true],"portfolio_item-thumbnail_portrait@2x":["https:\/\/www.cacciatoscana.com\/2023\/wp-content\/uploads\/2023\/06\/image002-1.jpg",640,320,false],"portfolio_item-thumbnail_square":["https:\/\/www.cacciatoscana.com\/2023\/wp-content\/uploads\/2023\/06\/image002-1.jpg",640,320,false]},"_links":{"self":[{"href":"https:\/\/www.cacciatoscana.com\/2023\/wp-json\/wp\/v2\/pages\/7767","targetHints":{"allow":["GET"]}}],"collection":[{"href":"https:\/\/www.cacciatoscana.com\/2023\/wp-json\/wp\/v2\/pages"}],"about":[{"href":"https:\/\/www.cacciatoscana.com\/2023\/wp-json\/wp\/v2\/types\/page"}],"author":[{"embeddable":true,"href":"https:\/\/www.cacciatoscana.com\/2023\/wp-json\/wp\/v2\/users\/1"}],"replies":[{"embeddable":true,"href":"https:\/\/www.cacciatoscana.com\/2023\/wp-json\/wp\/v2\/comments?post=7767"}],"version-history":[{"count":1,"href":"https:\/\/www.cacciatoscana.com\/2023\/wp-json\/wp\/v2\/pages\/7767\/revisions"}],"predecessor-version":[{"id":7768,"href":"https:\/\/www.cacciatoscana.com\/2023\/wp-json\/wp\/v2\/pages\/7767\/revisions\/7768"}],"up":[{"embeddable":true,"href":"https:\/\/www.cacciatoscana.com\/2023\/wp-json\/wp\/v2\/pages\/7717"}],"wp:featuredmedia":[{"embeddable":true,"href":"https:\/\/www.cacciatoscana.com\/2023\/wp-json\/wp\/v2\/media\/7125"}],"wp:attachment":[{"href":"https:\/\/www.cacciatoscana.com\/2023\/wp-json\/wp\/v2\/media?parent=7767"}],"curies":[{"name":"wp","href":"https:\/\/api.w.org\/{rel}","templated":true}]}}