{"id":7765,"date":"2023-07-15T21:46:30","date_gmt":"2023-07-15T21:46:30","guid":{"rendered":"https:\/\/www.cacciatoscana.com\/2023\/?page_id=7765"},"modified":"2023-07-15T21:46:30","modified_gmt":"2023-07-15T21:46:30","slug":"quad-touren","status":"publish","type":"page","link":"https:\/\/www.cacciatoscana.com\/2023\/de\/neben-der-jagd\/quad-touren\/","title":{"rendered":"Quad-Touren"},"content":{"rendered":"<p>Auf Anfrage organisieren wir Quad-Touren, um die wundervollen Landschaften zu genie\u00dfen, die nur die Toskana zu bieten hat. Wir bieten zahlreiche Routen an: H\u00fcgel, Landschaften mit unbefestigten Stra\u00dfen und Naturschutzgebiete. Erleben Sie ein einzigartiges Erlebnis im Kontakt mit der Natur.<\/p>\n","protected":false},"excerpt":{"rendered":"<p>Auf Anfrage organisieren wir Quad-Touren, um die wundervollen Landschaften zu genie\u00dfen, die nur die Toskana zu bieten hat. Wir bieten zahlreiche Routen an: H\u00fcgel, Landschaften mit unbefestigten Stra\u00dfen und Naturschutzgebiete. Erleben Sie ein einzigartiges Erlebnis im Kontakt mit der Natur.<\/p>\n","protected":false},"author":1,"featured_media":6936,"parent":7717,"menu_order":0,"comment_status":"closed","ping_status":"closed","template":"","meta":{"footnotes":""},"class_list":["post-7765","page","type-page","status-publish","has-post-thumbnail","hentry"],"featured_media_urls":{"thumbnail":["https:\/\/www.cacciatoscana.com\/2023\/wp-content\/uploads\/2017\/09\/pexels-\u043d\u0430\u0437\u0430\u0440-13890140-150x150.jpg",150,150,true],"medium":["https:\/\/www.cacciatoscana.com\/2023\/wp-content\/uploads\/2017\/09\/pexels-\u043d\u0430\u0437\u0430\u0440-13890140-300x200.jpg",300,200,true],"medium_large":["https:\/\/www.cacciatoscana.com\/2023\/wp-content\/uploads\/2017\/09\/pexels-\u043d\u0430\u0437\u0430\u0440-13890140-768x512.jpg",768,512,true],"large":["https:\/\/www.cacciatoscana.com\/2023\/wp-content\/uploads\/2017\/09\/pexels-\u043d\u0430\u0437\u0430\u0440-13890140-1024x683.jpg",950,634,true],"1536x1536":["https:\/\/www.cacciatoscana.com\/2023\/wp-content\/uploads\/2017\/09\/pexels-\u043d\u0430\u0437\u0430\u0440-13890140-1536x1024.jpg",1536,1024,true],"2048x2048":["https:\/\/www.cacciatoscana.com\/2023\/wp-content\/uploads\/2017\/09\/pexels-\u043d\u0430\u0437\u0430\u0440-13890140-2048x1365.jpg",2048,1365,true],"inspiro-featured-image":["https:\/\/www.cacciatoscana.com\/2023\/wp-content\/uploads\/2017\/09\/pexels-\u043d\u0430\u0437\u0430\u0440-13890140-2000x1333.jpg",2000,1333,true],"inspiro-loop":["https:\/\/www.cacciatoscana.com\/2023\/wp-content\/uploads\/2017\/09\/pexels-\u043d\u0430\u0437\u0430\u0440-13890140-950x320.jpg",950,320,true],"inspiro-loop@2x":["https:\/\/www.cacciatoscana.com\/2023\/wp-content\/uploads\/2017\/09\/pexels-\u043d\u0430\u0437\u0430\u0440-13890140-1900x640.jpg",1900,640,true],"portfolio_item-thumbnail":["https:\/\/www.cacciatoscana.com\/2023\/wp-content\/uploads\/2017\/09\/pexels-\u043d\u0430\u0437\u0430\u0440-13890140-600x400.jpg",600,400,true],"portfolio_item-thumbnail@2x":["https:\/\/www.cacciatoscana.com\/2023\/wp-content\/uploads\/2017\/09\/pexels-\u043d\u0430\u0437\u0430\u0440-13890140-scaled.jpg",1200,800,false],"portfolio_item-masonry":["https:\/\/www.cacciatoscana.com\/2023\/wp-content\/uploads\/2017\/09\/pexels-\u043d\u0430\u0437\u0430\u0440-13890140-600x400.jpg",600,400,true],"portfolio_item-masonry@2x":["https:\/\/www.cacciatoscana.com\/2023\/wp-content\/uploads\/2017\/09\/pexels-\u043d\u0430\u0437\u0430\u0440-13890140-scaled.jpg",1200,800,false],"portfolio_item-thumbnail_cinema":["https:\/\/www.cacciatoscana.com\/2023\/wp-content\/uploads\/2017\/09\/pexels-\u043d\u0430\u0437\u0430\u0440-13890140-800x335.jpg",800,335,true],"portfolio_item-thumbnail_portrait":["https:\/\/www.cacciatoscana.com\/2023\/wp-content\/uploads\/2017\/09\/pexels-\u043d\u0430\u0437\u0430\u0440-13890140-600x900.jpg",600,900,true],"portfolio_item-thumbnail_portrait@2x":["https:\/\/www.cacciatoscana.com\/2023\/wp-content\/uploads\/2017\/09\/pexels-\u043d\u0430\u0437\u0430\u0440-13890140-scaled.jpg",1200,800,false],"portfolio_item-thumbnail_square":["https:\/\/www.cacciatoscana.com\/2023\/wp-content\/uploads\/2017\/09\/pexels-\u043d\u0430\u0437\u0430\u0440-13890140-800x800.jpg",800,800,true]},"_links":{"self":[{"href":"https:\/\/www.cacciatoscana.com\/2023\/wp-json\/wp\/v2\/pages\/7765","targetHints":{"allow":["GET"]}}],"collection":[{"href":"https:\/\/www.cacciatoscana.com\/2023\/wp-json\/wp\/v2\/pages"}],"about":[{"href":"https:\/\/www.cacciatoscana.com\/2023\/wp-json\/wp\/v2\/types\/page"}],"author":[{"embeddable":true,"href":"https:\/\/www.cacciatoscana.com\/2023\/wp-json\/wp\/v2\/users\/1"}],"replies":[{"embeddable":true,"href":"https:\/\/www.cacciatoscana.com\/2023\/wp-json\/wp\/v2\/comments?post=7765"}],"version-history":[{"count":1,"href":"https:\/\/www.cacciatoscana.com\/2023\/wp-json\/wp\/v2\/pages\/7765\/revisions"}],"predecessor-version":[{"id":7766,"href":"https:\/\/www.cacciatoscana.com\/2023\/wp-json\/wp\/v2\/pages\/7765\/revisions\/7766"}],"up":[{"embeddable":true,"href":"https:\/\/www.cacciatoscana.com\/2023\/wp-json\/wp\/v2\/pages\/7717"}],"wp:featuredmedia":[{"embeddable":true,"href":"https:\/\/www.cacciatoscana.com\/2023\/wp-json\/wp\/v2\/media\/6936"}],"wp:attachment":[{"href":"https:\/\/www.cacciatoscana.com\/2023\/wp-json\/wp\/v2\/media?parent=7765"}],"curies":[{"name":"wp","href":"https:\/\/api.w.org\/{rel}","templated":true}]}}