{"id":7760,"date":"2023-07-15T21:44:12","date_gmt":"2023-07-15T21:44:12","guid":{"rendered":"https:\/\/www.cacciatoscana.com\/2023\/?page_id=7760"},"modified":"2023-07-15T21:44:12","modified_gmt":"2023-07-15T21:44:12","slug":"reitausfluege","status":"publish","type":"page","link":"https:\/\/www.cacciatoscana.com\/2023\/de\/neben-der-jagd\/reitausfluege\/","title":{"rendered":"Reitausfl\u00fcge"},"content":{"rendered":"<p>Wunderbare Ausfl\u00fcge in die Natur rund um das sch\u00f6ne San Gimignano.<\/p>\n<p>Bei uns gibt es derzeit 20 Pferde mit unterschiedlichen Eigenschaften, um Erwachsenen und Kindern, Anf\u00e4ngern und erfahrenen Reitern die besten Bedingungen zum Ausdruck ihrer Leidenschaft zu garantieren.<\/p>\n","protected":false},"excerpt":{"rendered":"<p>Wunderbare Ausfl\u00fcge in die Natur rund um das sch\u00f6ne San Gimignano. Bei uns gibt es derzeit 20 Pferde mit unterschiedlichen Eigenschaften, um Erwachsenen und Kindern, Anf\u00e4ngern und erfahrenen Reitern die besten Bedingungen zum Ausdruck ihrer Leidenschaft zu garantieren.<\/p>\n","protected":false},"author":1,"featured_media":6882,"parent":7717,"menu_order":0,"comment_status":"closed","ping_status":"closed","template":"","meta":{"footnotes":""},"class_list":["post-7760","page","type-page","status-publish","has-post-thumbnail","hentry"],"featured_media_urls":{"thumbnail":["https:\/\/www.cacciatoscana.com\/2023\/wp-content\/uploads\/2023\/06\/DSC_2334-150x150.jpg",150,150,true],"medium":["https:\/\/www.cacciatoscana.com\/2023\/wp-content\/uploads\/2023\/06\/DSC_2334-300x201.jpg",300,201,true],"medium_large":["https:\/\/www.cacciatoscana.com\/2023\/wp-content\/uploads\/2023\/06\/DSC_2334-768x514.jpg",768,514,true],"large":["https:\/\/www.cacciatoscana.com\/2023\/wp-content\/uploads\/2023\/06\/DSC_2334-1024x685.jpg",950,635,true],"1536x1536":["https:\/\/www.cacciatoscana.com\/2023\/wp-content\/uploads\/2023\/06\/DSC_2334-1536x1028.jpg",1536,1028,true],"2048x2048":["https:\/\/www.cacciatoscana.com\/2023\/wp-content\/uploads\/2023\/06\/DSC_2334.jpg",1920,1285,false],"inspiro-featured-image":["https:\/\/www.cacciatoscana.com\/2023\/wp-content\/uploads\/2023\/06\/DSC_2334.jpg",1920,1285,false],"inspiro-loop":["https:\/\/www.cacciatoscana.com\/2023\/wp-content\/uploads\/2023\/06\/DSC_2334-950x320.jpg",950,320,true],"inspiro-loop@2x":["https:\/\/www.cacciatoscana.com\/2023\/wp-content\/uploads\/2023\/06\/DSC_2334-1900x640.jpg",1900,640,true],"portfolio_item-thumbnail":["https:\/\/www.cacciatoscana.com\/2023\/wp-content\/uploads\/2023\/06\/DSC_2334-600x400.jpg",600,400,true],"portfolio_item-thumbnail@2x":["https:\/\/www.cacciatoscana.com\/2023\/wp-content\/uploads\/2023\/06\/DSC_2334.jpg",1195,800,false],"portfolio_item-masonry":["https:\/\/www.cacciatoscana.com\/2023\/wp-content\/uploads\/2023\/06\/DSC_2334-600x402.jpg",600,402,true],"portfolio_item-masonry@2x":["https:\/\/www.cacciatoscana.com\/2023\/wp-content\/uploads\/2023\/06\/DSC_2334.jpg",1200,803,false],"portfolio_item-thumbnail_cinema":["https:\/\/www.cacciatoscana.com\/2023\/wp-content\/uploads\/2023\/06\/DSC_2334-800x335.jpg",800,335,true],"portfolio_item-thumbnail_portrait":["https:\/\/www.cacciatoscana.com\/2023\/wp-content\/uploads\/2023\/06\/DSC_2334-600x900.jpg",600,900,true],"portfolio_item-thumbnail_portrait@2x":["https:\/\/www.cacciatoscana.com\/2023\/wp-content\/uploads\/2023\/06\/DSC_2334.jpg",1200,803,false],"portfolio_item-thumbnail_square":["https:\/\/www.cacciatoscana.com\/2023\/wp-content\/uploads\/2023\/06\/DSC_2334-800x800.jpg",800,800,true]},"_links":{"self":[{"href":"https:\/\/www.cacciatoscana.com\/2023\/wp-json\/wp\/v2\/pages\/7760","targetHints":{"allow":["GET"]}}],"collection":[{"href":"https:\/\/www.cacciatoscana.com\/2023\/wp-json\/wp\/v2\/pages"}],"about":[{"href":"https:\/\/www.cacciatoscana.com\/2023\/wp-json\/wp\/v2\/types\/page"}],"author":[{"embeddable":true,"href":"https:\/\/www.cacciatoscana.com\/2023\/wp-json\/wp\/v2\/users\/1"}],"replies":[{"embeddable":true,"href":"https:\/\/www.cacciatoscana.com\/2023\/wp-json\/wp\/v2\/comments?post=7760"}],"version-history":[{"count":1,"href":"https:\/\/www.cacciatoscana.com\/2023\/wp-json\/wp\/v2\/pages\/7760\/revisions"}],"predecessor-version":[{"id":7761,"href":"https:\/\/www.cacciatoscana.com\/2023\/wp-json\/wp\/v2\/pages\/7760\/revisions\/7761"}],"up":[{"embeddable":true,"href":"https:\/\/www.cacciatoscana.com\/2023\/wp-json\/wp\/v2\/pages\/7717"}],"wp:featuredmedia":[{"embeddable":true,"href":"https:\/\/www.cacciatoscana.com\/2023\/wp-json\/wp\/v2\/media\/6882"}],"wp:attachment":[{"href":"https:\/\/www.cacciatoscana.com\/2023\/wp-json\/wp\/v2\/media?parent=7760"}],"curies":[{"name":"wp","href":"https:\/\/api.w.org\/{rel}","templated":true}]}}