{"id":7755,"date":"2023-07-15T21:43:18","date_gmt":"2023-07-15T21:43:18","guid":{"rendered":"https:\/\/www.cacciatoscana.com\/2023\/?page_id=7755"},"modified":"2023-07-15T21:43:18","modified_gmt":"2023-07-15T21:43:18","slug":"hubschraubertour","status":"publish","type":"page","link":"https:\/\/www.cacciatoscana.com\/2023\/de\/neben-der-jagd\/hubschraubertour\/","title":{"rendered":"Hubschraubertour"},"content":{"rendered":"<p>Abflug von einem noch festzulegenden Startpunkt mit unserem Hubschrauber AS350, der bis zu 5 Personen pro Flug bef\u00f6rdern kann.<\/p>\n<p>Am Ende der Tour besteht auf Wunsch die M\u00f6glichkeit, ein exklusives Mittagessen im Weinberg oder in den R\u00e4umlichkeiten unseres Weingutes mit Weinprobe und Weinschule zu organisieren.<\/p>\n<p><strong>Classic Tour<\/strong><\/p>\n<p>Ausgangspunkt nach Vereinbarung: San Gimignano, Colle Val d&#8217;Elsa, Certaldo, Chianti-Weinberge<\/p>\n<p>Flugzeit: 15 Minuten<\/p>\n<p><strong>Deluxe Tour<\/strong><\/p>\n<p>Ausgangspunkt nach Vereinbarung: Monteriggioni, Castellina in Chianti, D\u00f6rfer des Chianti Classico, Certaldo, Colle Val d&#8217;Elsa, San Gimignano.<\/p>\n<p>Flugzeit: 25 Minuten<\/p>\n<p>VIP-Tour<\/p>\n<p>Ausgangspunkt nach Vereinbarung: Monteriggioni, Siena, Castellina in Chianti, Greve in Chianti, D\u00f6rfer des Chianti Classico, San Casciano, Florenz, Certaldo, San Gimignano.<\/p>\n<p>Flugzeit: 45 Minuten<\/p>\n","protected":false},"excerpt":{"rendered":"<p>Abflug von einem noch festzulegenden Startpunkt mit unserem Hubschrauber AS350, der bis zu 5 Personen pro Flug bef\u00f6rdern kann. Am Ende der Tour besteht auf Wunsch die M\u00f6glichkeit, ein exklusives Mittagessen im Weinberg oder in den R\u00e4umlichkeiten unseres Weingutes mit Weinprobe und Weinschule zu organisieren. Classic Tour Ausgangspunkt nach Vereinbarung: San Gimignano, Colle Val d&#8217;Elsa, &hellip; <\/p>\n<p class=\"link-more\"><a href=\"https:\/\/www.cacciatoscana.com\/2023\/de\/neben-der-jagd\/hubschraubertour\/\" class=\"more-link\">Read more<span class=\"screen-reader-text\"> &#8220;Hubschraubertour&#8221;<\/span><\/a><\/p>\n","protected":false},"author":1,"featured_media":6911,"parent":7717,"menu_order":0,"comment_status":"closed","ping_status":"closed","template":"","meta":{"footnotes":""},"class_list":["post-7755","page","type-page","status-publish","has-post-thumbnail","hentry"],"featured_media_urls":{"thumbnail":["https:\/\/www.cacciatoscana.com\/2023\/wp-content\/uploads\/2023\/06\/image002-150x150.jpg",150,150,true],"medium":["https:\/\/www.cacciatoscana.com\/2023\/wp-content\/uploads\/2023\/06\/image002-300x166.jpg",300,166,true],"medium_large":["https:\/\/www.cacciatoscana.com\/2023\/wp-content\/uploads\/2023\/06\/image002-768x425.jpg",768,425,true],"large":["https:\/\/www.cacciatoscana.com\/2023\/wp-content\/uploads\/2023\/06\/image002.jpg",930,515,false],"1536x1536":["https:\/\/www.cacciatoscana.com\/2023\/wp-content\/uploads\/2023\/06\/image002.jpg",930,515,false],"2048x2048":["https:\/\/www.cacciatoscana.com\/2023\/wp-content\/uploads\/2023\/06\/image002.jpg",930,515,false],"inspiro-featured-image":["https:\/\/www.cacciatoscana.com\/2023\/wp-content\/uploads\/2023\/06\/image002.jpg",930,515,false],"inspiro-loop":["https:\/\/www.cacciatoscana.com\/2023\/wp-content\/uploads\/2023\/06\/image002-930x320.jpg",930,320,true],"inspiro-loop@2x":["https:\/\/www.cacciatoscana.com\/2023\/wp-content\/uploads\/2023\/06\/image002.jpg",930,515,false],"portfolio_item-thumbnail":["https:\/\/www.cacciatoscana.com\/2023\/wp-content\/uploads\/2023\/06\/image002-600x400.jpg",600,400,true],"portfolio_item-thumbnail@2x":["https:\/\/www.cacciatoscana.com\/2023\/wp-content\/uploads\/2023\/06\/image002.jpg",930,515,false],"portfolio_item-masonry":["https:\/\/www.cacciatoscana.com\/2023\/wp-content\/uploads\/2023\/06\/image002-600x332.jpg",600,332,true],"portfolio_item-masonry@2x":["https:\/\/www.cacciatoscana.com\/2023\/wp-content\/uploads\/2023\/06\/image002.jpg",930,515,false],"portfolio_item-thumbnail_cinema":["https:\/\/www.cacciatoscana.com\/2023\/wp-content\/uploads\/2023\/06\/image002-800x335.jpg",800,335,true],"portfolio_item-thumbnail_portrait":["https:\/\/www.cacciatoscana.com\/2023\/wp-content\/uploads\/2023\/06\/image002-600x515.jpg",600,515,true],"portfolio_item-thumbnail_portrait@2x":["https:\/\/www.cacciatoscana.com\/2023\/wp-content\/uploads\/2023\/06\/image002.jpg",930,515,false],"portfolio_item-thumbnail_square":["https:\/\/www.cacciatoscana.com\/2023\/wp-content\/uploads\/2023\/06\/image002-800x515.jpg",800,515,true]},"_links":{"self":[{"href":"https:\/\/www.cacciatoscana.com\/2023\/wp-json\/wp\/v2\/pages\/7755","targetHints":{"allow":["GET"]}}],"collection":[{"href":"https:\/\/www.cacciatoscana.com\/2023\/wp-json\/wp\/v2\/pages"}],"about":[{"href":"https:\/\/www.cacciatoscana.com\/2023\/wp-json\/wp\/v2\/types\/page"}],"author":[{"embeddable":true,"href":"https:\/\/www.cacciatoscana.com\/2023\/wp-json\/wp\/v2\/users\/1"}],"replies":[{"embeddable":true,"href":"https:\/\/www.cacciatoscana.com\/2023\/wp-json\/wp\/v2\/comments?post=7755"}],"version-history":[{"count":1,"href":"https:\/\/www.cacciatoscana.com\/2023\/wp-json\/wp\/v2\/pages\/7755\/revisions"}],"predecessor-version":[{"id":7756,"href":"https:\/\/www.cacciatoscana.com\/2023\/wp-json\/wp\/v2\/pages\/7755\/revisions\/7756"}],"up":[{"embeddable":true,"href":"https:\/\/www.cacciatoscana.com\/2023\/wp-json\/wp\/v2\/pages\/7717"}],"wp:featuredmedia":[{"embeddable":true,"href":"https:\/\/www.cacciatoscana.com\/2023\/wp-json\/wp\/v2\/media\/6911"}],"wp:attachment":[{"href":"https:\/\/www.cacciatoscana.com\/2023\/wp-json\/wp\/v2\/media?parent=7755"}],"curies":[{"name":"wp","href":"https:\/\/api.w.org\/{rel}","templated":true}]}}