{"id":7749,"date":"2023-07-15T21:41:05","date_gmt":"2023-07-15T21:41:05","guid":{"rendered":"https:\/\/www.cacciatoscana.com\/2023\/?page_id=7749"},"modified":"2023-07-15T21:42:27","modified_gmt":"2023-07-15T21:42:27","slug":"ballonfahrt","status":"publish","type":"page","link":"https:\/\/www.cacciatoscana.com\/2023\/de\/neben-der-jagd\/ballonfahrt\/","title":{"rendered":"Ballonfahrt"},"content":{"rendered":"<p>Erkunden Sie San Gimignano und die H\u00fcgel des Chianti von oben mit Blick auf die wundersch\u00f6ne toskanische Landschaft.<\/p>\n<p>Eine Fahrt mit dem Hei\u00dfluftballon ist ein au\u00dfergew\u00f6hnliches Erlebnis, das man mindestens einmal im Leben ausprobieren sollte. Lassen Sie sich vom Wind tragen und bewundern Sie den Panoramablick in der magischen Atmosph\u00e4re der Morgend\u00e4mmerung.<\/p>\n<p>Genie\u00dfen Sie eine Stunde in v\u00f6lligem Komfort und Sicherheit dank der Aufsicht erfahrener Ballonfahrer.<\/p>\n<p>&nbsp;<\/p>\n","protected":false},"excerpt":{"rendered":"<p>Erkunden Sie San Gimignano und die H\u00fcgel des Chianti von oben mit Blick auf die wundersch\u00f6ne toskanische Landschaft. Eine Fahrt mit dem Hei\u00dfluftballon ist ein au\u00dfergew\u00f6hnliches Erlebnis, das man mindestens einmal im Leben ausprobieren sollte. Lassen Sie sich vom Wind tragen und bewundern Sie den Panoramablick in der magischen Atmosph\u00e4re der Morgend\u00e4mmerung. Genie\u00dfen Sie eine &hellip; <\/p>\n<p class=\"link-more\"><a href=\"https:\/\/www.cacciatoscana.com\/2023\/de\/neben-der-jagd\/ballonfahrt\/\" class=\"more-link\">Read more<span class=\"screen-reader-text\"> &#8220;Ballonfahrt&#8221;<\/span><\/a><\/p>\n","protected":false},"author":1,"featured_media":6904,"parent":7717,"menu_order":0,"comment_status":"closed","ping_status":"closed","template":"","meta":{"footnotes":""},"class_list":["post-7749","page","type-page","status-publish","has-post-thumbnail","hentry"],"featured_media_urls":{"thumbnail":["https:\/\/www.cacciatoscana.com\/2023\/wp-content\/uploads\/2017\/09\/foto-san-gimignano-150x150.jpg",150,150,true],"medium":["https:\/\/www.cacciatoscana.com\/2023\/wp-content\/uploads\/2017\/09\/foto-san-gimignano-300x225.jpg",300,225,true],"medium_large":["https:\/\/www.cacciatoscana.com\/2023\/wp-content\/uploads\/2017\/09\/foto-san-gimignano-768x576.jpg",768,576,true],"large":["https:\/\/www.cacciatoscana.com\/2023\/wp-content\/uploads\/2017\/09\/foto-san-gimignano-1024x768.jpg",950,713,true],"1536x1536":["https:\/\/www.cacciatoscana.com\/2023\/wp-content\/uploads\/2017\/09\/foto-san-gimignano-1536x1152.jpg",1536,1152,true],"2048x2048":["https:\/\/www.cacciatoscana.com\/2023\/wp-content\/uploads\/2017\/09\/foto-san-gimignano.jpg",2000,1500,false],"inspiro-featured-image":["https:\/\/www.cacciatoscana.com\/2023\/wp-content\/uploads\/2017\/09\/foto-san-gimignano.jpg",2000,1500,false],"inspiro-loop":["https:\/\/www.cacciatoscana.com\/2023\/wp-content\/uploads\/2017\/09\/foto-san-gimignano-950x320.jpg",950,320,true],"inspiro-loop@2x":["https:\/\/www.cacciatoscana.com\/2023\/wp-content\/uploads\/2017\/09\/foto-san-gimignano-1900x640.jpg",1900,640,true],"portfolio_item-thumbnail":["https:\/\/www.cacciatoscana.com\/2023\/wp-content\/uploads\/2017\/09\/foto-san-gimignano-600x400.jpg",600,400,true],"portfolio_item-thumbnail@2x":["https:\/\/www.cacciatoscana.com\/2023\/wp-content\/uploads\/2017\/09\/foto-san-gimignano.jpg",1067,800,false],"portfolio_item-masonry":["https:\/\/www.cacciatoscana.com\/2023\/wp-content\/uploads\/2017\/09\/foto-san-gimignano-600x450.jpg",600,450,true],"portfolio_item-masonry@2x":["https:\/\/www.cacciatoscana.com\/2023\/wp-content\/uploads\/2017\/09\/foto-san-gimignano.jpg",1200,900,false],"portfolio_item-thumbnail_cinema":["https:\/\/www.cacciatoscana.com\/2023\/wp-content\/uploads\/2017\/09\/foto-san-gimignano-800x335.jpg",800,335,true],"portfolio_item-thumbnail_portrait":["https:\/\/www.cacciatoscana.com\/2023\/wp-content\/uploads\/2017\/09\/foto-san-gimignano-600x900.jpg",600,900,true],"portfolio_item-thumbnail_portrait@2x":["https:\/\/www.cacciatoscana.com\/2023\/wp-content\/uploads\/2017\/09\/foto-san-gimignano.jpg",1200,900,false],"portfolio_item-thumbnail_square":["https:\/\/www.cacciatoscana.com\/2023\/wp-content\/uploads\/2017\/09\/foto-san-gimignano-800x800.jpg",800,800,true]},"_links":{"self":[{"href":"https:\/\/www.cacciatoscana.com\/2023\/wp-json\/wp\/v2\/pages\/7749","targetHints":{"allow":["GET"]}}],"collection":[{"href":"https:\/\/www.cacciatoscana.com\/2023\/wp-json\/wp\/v2\/pages"}],"about":[{"href":"https:\/\/www.cacciatoscana.com\/2023\/wp-json\/wp\/v2\/types\/page"}],"author":[{"embeddable":true,"href":"https:\/\/www.cacciatoscana.com\/2023\/wp-json\/wp\/v2\/users\/1"}],"replies":[{"embeddable":true,"href":"https:\/\/www.cacciatoscana.com\/2023\/wp-json\/wp\/v2\/comments?post=7749"}],"version-history":[{"count":2,"href":"https:\/\/www.cacciatoscana.com\/2023\/wp-json\/wp\/v2\/pages\/7749\/revisions"}],"predecessor-version":[{"id":7754,"href":"https:\/\/www.cacciatoscana.com\/2023\/wp-json\/wp\/v2\/pages\/7749\/revisions\/7754"}],"up":[{"embeddable":true,"href":"https:\/\/www.cacciatoscana.com\/2023\/wp-json\/wp\/v2\/pages\/7717"}],"wp:featuredmedia":[{"embeddable":true,"href":"https:\/\/www.cacciatoscana.com\/2023\/wp-json\/wp\/v2\/media\/6904"}],"wp:attachment":[{"href":"https:\/\/www.cacciatoscana.com\/2023\/wp-json\/wp\/v2\/media?parent=7749"}],"curies":[{"name":"wp","href":"https:\/\/api.w.org\/{rel}","templated":true}]}}