{"id":7744,"date":"2023-07-15T21:38:18","date_gmt":"2023-07-15T21:38:18","guid":{"rendered":"https:\/\/www.cacciatoscana.com\/2023\/?page_id=7744"},"modified":"2023-07-15T21:38:18","modified_gmt":"2023-07-15T21:38:18","slug":"verkostung-von-wurstwaren-aus-wildfleisch","status":"publish","type":"page","link":"https:\/\/www.cacciatoscana.com\/2023\/de\/neben-der-jagd\/verkostung-von-wurstwaren-aus-wildfleisch\/","title":{"rendered":"Verkostung von Wurstwaren aus Wildfleisch"},"content":{"rendered":"<p>Bei uns k\u00f6nnen Sie die Wurstwaren von \u201eI SAPORI DI CACCIA TOSCANA\u201c probieren. Eine Delikatesse f\u00fcr jeden Gaumen.<\/p>\n<p>\u201eI SAPORI DI CACCIA TOSCANA\u201c<\/p>\n<p>An der Spitze dieser K\u00f6stlichkeiten stehen die WURSTWAREN, die aus dem Fleisch unserer Jagden hergestellt und wie in der Vergangenheit von Hand und nach eingehenden Qualit\u00e4tskontrollen verarbeitet werden. So werden die wertvollen organoleptischen Eigenschaften bewahrt und die nat\u00fcrlichen Aromen hervorgehoben, und zugleich wird die Qualit\u00e4t des Wildes garantiert.<\/p>\n<p>Ein weiterer Bereich ist die Herstellung von FLEISCHSAUCEN nach den traditionellen Rezepten der toskanischen K\u00fcche, unter strenger Verwendung unseres fachm\u00e4nnisch verarbeiteten Fleisches.<\/p>\n<p>Dies alles erfolgt unter Ausschluss von Konservierungsmitteln, Farbstoffen oder anderen Zusatzstoffen, die nicht der Wahrung des \u201eNAT\u00dcRLICHEN\u201c Zustands der Produkte dienen.<\/p>\n<p><img loading=\"lazy\" decoding=\"async\" class=\"aligncenter size-full wp-image-7134\" src=\"https:\/\/www.cacciatoscana.com\/2023\/wp-content\/uploads\/2017\/09\/FB_IMG_1685827401756.jpg\" alt=\"\" width=\"960\" height=\"640\" srcset=\"https:\/\/www.cacciatoscana.com\/2023\/wp-content\/uploads\/2017\/09\/FB_IMG_1685827401756.jpg 960w, https:\/\/www.cacciatoscana.com\/2023\/wp-content\/uploads\/2017\/09\/FB_IMG_1685827401756-300x200.jpg 300w, https:\/\/www.cacciatoscana.com\/2023\/wp-content\/uploads\/2017\/09\/FB_IMG_1685827401756-768x512.jpg 768w, https:\/\/www.cacciatoscana.com\/2023\/wp-content\/uploads\/2017\/09\/FB_IMG_1685827401756-600x400.jpg 600w\" sizes=\"auto, (max-width: 960px) 100vw, 960px\" \/><\/p>\n","protected":false},"excerpt":{"rendered":"<p>Bei uns k\u00f6nnen Sie die Wurstwaren von \u201eI SAPORI DI CACCIA TOSCANA\u201c probieren. Eine Delikatesse f\u00fcr jeden Gaumen. \u201eI SAPORI DI CACCIA TOSCANA\u201c An der Spitze dieser K\u00f6stlichkeiten stehen die WURSTWAREN, die aus dem Fleisch unserer Jagden hergestellt und wie in der Vergangenheit von Hand und nach eingehenden Qualit\u00e4tskontrollen verarbeitet werden. So werden die wertvollen &hellip; <\/p>\n<p class=\"link-more\"><a href=\"https:\/\/www.cacciatoscana.com\/2023\/de\/neben-der-jagd\/verkostung-von-wurstwaren-aus-wildfleisch\/\" class=\"more-link\">Read more<span class=\"screen-reader-text\"> &#8220;Verkostung von Wurstwaren aus Wildfleisch&#8221;<\/span><\/a><\/p>\n","protected":false},"author":1,"featured_media":7135,"parent":7717,"menu_order":0,"comment_status":"closed","ping_status":"closed","template":"","meta":{"footnotes":""},"class_list":["post-7744","page","type-page","status-publish","has-post-thumbnail","hentry"],"featured_media_urls":{"thumbnail":["https:\/\/www.cacciatoscana.com\/2023\/wp-content\/uploads\/2017\/09\/TAGLIERE-1-150x150.jpg",150,150,true],"medium":["https:\/\/www.cacciatoscana.com\/2023\/wp-content\/uploads\/2017\/09\/TAGLIERE-1-300x199.jpg",300,199,true],"medium_large":["https:\/\/www.cacciatoscana.com\/2023\/wp-content\/uploads\/2017\/09\/TAGLIERE-1-768x509.jpg",768,509,true],"large":["https:\/\/www.cacciatoscana.com\/2023\/wp-content\/uploads\/2017\/09\/TAGLIERE-1-1024x678.jpg",950,629,true],"1536x1536":["https:\/\/www.cacciatoscana.com\/2023\/wp-content\/uploads\/2017\/09\/TAGLIERE-1-1536x1017.jpg",1536,1017,true],"2048x2048":["https:\/\/www.cacciatoscana.com\/2023\/wp-content\/uploads\/2017\/09\/TAGLIERE-1-2048x1356.jpg",2048,1356,true],"inspiro-featured-image":["https:\/\/www.cacciatoscana.com\/2023\/wp-content\/uploads\/2017\/09\/TAGLIERE-1-2000x1325.jpg",2000,1325,true],"inspiro-loop":["https:\/\/www.cacciatoscana.com\/2023\/wp-content\/uploads\/2017\/09\/TAGLIERE-1-950x320.jpg",950,320,true],"inspiro-loop@2x":["https:\/\/www.cacciatoscana.com\/2023\/wp-content\/uploads\/2017\/09\/TAGLIERE-1-1900x640.jpg",1900,640,true],"portfolio_item-thumbnail":["https:\/\/www.cacciatoscana.com\/2023\/wp-content\/uploads\/2017\/09\/TAGLIERE-1-600x400.jpg",600,400,true],"portfolio_item-thumbnail@2x":["https:\/\/www.cacciatoscana.com\/2023\/wp-content\/uploads\/2017\/09\/TAGLIERE-1-scaled.jpg",1200,795,false],"portfolio_item-masonry":["https:\/\/www.cacciatoscana.com\/2023\/wp-content\/uploads\/2017\/09\/TAGLIERE-1-600x397.jpg",600,397,true],"portfolio_item-masonry@2x":["https:\/\/www.cacciatoscana.com\/2023\/wp-content\/uploads\/2017\/09\/TAGLIERE-1-scaled.jpg",1200,795,false],"portfolio_item-thumbnail_cinema":["https:\/\/www.cacciatoscana.com\/2023\/wp-content\/uploads\/2017\/09\/TAGLIERE-1-800x335.jpg",800,335,true],"portfolio_item-thumbnail_portrait":["https:\/\/www.cacciatoscana.com\/2023\/wp-content\/uploads\/2017\/09\/TAGLIERE-1-600x900.jpg",600,900,true],"portfolio_item-thumbnail_portrait@2x":["https:\/\/www.cacciatoscana.com\/2023\/wp-content\/uploads\/2017\/09\/TAGLIERE-1-scaled.jpg",1200,795,false],"portfolio_item-thumbnail_square":["https:\/\/www.cacciatoscana.com\/2023\/wp-content\/uploads\/2017\/09\/TAGLIERE-1-800x800.jpg",800,800,true]},"_links":{"self":[{"href":"https:\/\/www.cacciatoscana.com\/2023\/wp-json\/wp\/v2\/pages\/7744","targetHints":{"allow":["GET"]}}],"collection":[{"href":"https:\/\/www.cacciatoscana.com\/2023\/wp-json\/wp\/v2\/pages"}],"about":[{"href":"https:\/\/www.cacciatoscana.com\/2023\/wp-json\/wp\/v2\/types\/page"}],"author":[{"embeddable":true,"href":"https:\/\/www.cacciatoscana.com\/2023\/wp-json\/wp\/v2\/users\/1"}],"replies":[{"embeddable":true,"href":"https:\/\/www.cacciatoscana.com\/2023\/wp-json\/wp\/v2\/comments?post=7744"}],"version-history":[{"count":1,"href":"https:\/\/www.cacciatoscana.com\/2023\/wp-json\/wp\/v2\/pages\/7744\/revisions"}],"predecessor-version":[{"id":7745,"href":"https:\/\/www.cacciatoscana.com\/2023\/wp-json\/wp\/v2\/pages\/7744\/revisions\/7745"}],"up":[{"embeddable":true,"href":"https:\/\/www.cacciatoscana.com\/2023\/wp-json\/wp\/v2\/pages\/7717"}],"wp:featuredmedia":[{"embeddable":true,"href":"https:\/\/www.cacciatoscana.com\/2023\/wp-json\/wp\/v2\/media\/7135"}],"wp:attachment":[{"href":"https:\/\/www.cacciatoscana.com\/2023\/wp-json\/wp\/v2\/media?parent=7744"}],"curies":[{"name":"wp","href":"https:\/\/api.w.org\/{rel}","templated":true}]}}