{"id":7739,"date":"2023-07-15T21:37:19","date_gmt":"2023-07-15T21:37:19","guid":{"rendered":"https:\/\/www.cacciatoscana.com\/2023\/?page_id=7739"},"modified":"2023-07-15T21:37:19","modified_gmt":"2023-07-15T21:37:19","slug":"weinprobe","status":"publish","type":"page","link":"https:\/\/www.cacciatoscana.com\/2023\/de\/neben-der-jagd\/weinprobe\/","title":{"rendered":"Weinprobe"},"content":{"rendered":"<p>Ganz in der N\u00e4he vom historischen Zentrum von San Gimignano f\u00fchren wir Sie zu einem der besten Chianti-Weing\u00fcter. Mit etwa 42 Hektar Weinbergen mit Rebsorten wie Sangiovese, Vernaccia di San Gimignano, Merlot, Cabernet, Syrah, Sauvignon Blanc und Chardonnay. Der Weinkeller ist modern und nutzt die neuesten Weinbautechnologien, um optimal arbeiten zu k\u00f6nnen. Ihnen wird ein echtes Erlebnis geboten, bei dem Sie die besten Weine unserer Region kennenlernen und mit Ihrem Gaumen genie\u00dfen k\u00f6nnen.<\/p>\n<p><img loading=\"lazy\" decoding=\"async\" class=\"aligncenter size-full wp-image-7132\" src=\"https:\/\/www.cacciatoscana.com\/2023\/wp-content\/uploads\/2023\/06\/Cantina-tavoli-3-r.jpg\" alt=\"\" width=\"1024\" height=\"683\" srcset=\"https:\/\/www.cacciatoscana.com\/2023\/wp-content\/uploads\/2023\/06\/Cantina-tavoli-3-r.jpg 1024w, https:\/\/www.cacciatoscana.com\/2023\/wp-content\/uploads\/2023\/06\/Cantina-tavoli-3-r-300x200.jpg 300w, https:\/\/www.cacciatoscana.com\/2023\/wp-content\/uploads\/2023\/06\/Cantina-tavoli-3-r-768x512.jpg 768w, https:\/\/www.cacciatoscana.com\/2023\/wp-content\/uploads\/2023\/06\/Cantina-tavoli-3-r-600x400.jpg 600w\" sizes=\"auto, (max-width: 1024px) 100vw, 1024px\" \/> <img loading=\"lazy\" decoding=\"async\" class=\"aligncenter size-full wp-image-7131\" src=\"https:\/\/www.cacciatoscana.com\/2023\/wp-content\/uploads\/2023\/06\/Degustazione-3.jpg\" alt=\"\" width=\"1024\" height=\"683\" srcset=\"https:\/\/www.cacciatoscana.com\/2023\/wp-content\/uploads\/2023\/06\/Degustazione-3.jpg 1024w, https:\/\/www.cacciatoscana.com\/2023\/wp-content\/uploads\/2023\/06\/Degustazione-3-300x200.jpg 300w, https:\/\/www.cacciatoscana.com\/2023\/wp-content\/uploads\/2023\/06\/Degustazione-3-768x512.jpg 768w, https:\/\/www.cacciatoscana.com\/2023\/wp-content\/uploads\/2023\/06\/Degustazione-3-600x400.jpg 600w\" sizes=\"auto, (max-width: 1024px) 100vw, 1024px\" \/><\/p>\n","protected":false},"excerpt":{"rendered":"<p>Ganz in der N\u00e4he vom historischen Zentrum von San Gimignano f\u00fchren wir Sie zu einem der besten Chianti-Weing\u00fcter. Mit etwa 42 Hektar Weinbergen mit Rebsorten wie Sangiovese, Vernaccia di San Gimignano, Merlot, Cabernet, Syrah, Sauvignon Blanc und Chardonnay. Der Weinkeller ist modern und nutzt die neuesten Weinbautechnologien, um optimal arbeiten zu k\u00f6nnen. Ihnen wird ein &hellip; <\/p>\n<p class=\"link-more\"><a href=\"https:\/\/www.cacciatoscana.com\/2023\/de\/neben-der-jagd\/weinprobe\/\" class=\"more-link\">Read more<span class=\"screen-reader-text\"> &#8220;Weinprobe&#8221;<\/span><\/a><\/p>\n","protected":false},"author":1,"featured_media":7130,"parent":7717,"menu_order":0,"comment_status":"closed","ping_status":"closed","template":"","meta":{"footnotes":""},"class_list":["post-7739","page","type-page","status-publish","has-post-thumbnail","hentry"],"featured_media_urls":{"thumbnail":["https:\/\/www.cacciatoscana.com\/2023\/wp-content\/uploads\/2023\/06\/Cantina-tavoli-2-r-150x150.jpg",150,150,true],"medium":["https:\/\/www.cacciatoscana.com\/2023\/wp-content\/uploads\/2023\/06\/Cantina-tavoli-2-r-300x200.jpg",300,200,true],"medium_large":["https:\/\/www.cacciatoscana.com\/2023\/wp-content\/uploads\/2023\/06\/Cantina-tavoli-2-r-768x512.jpg",768,512,true],"large":["https:\/\/www.cacciatoscana.com\/2023\/wp-content\/uploads\/2023\/06\/Cantina-tavoli-2-r.jpg",950,634,false],"1536x1536":["https:\/\/www.cacciatoscana.com\/2023\/wp-content\/uploads\/2023\/06\/Cantina-tavoli-2-r.jpg",1024,683,false],"2048x2048":["https:\/\/www.cacciatoscana.com\/2023\/wp-content\/uploads\/2023\/06\/Cantina-tavoli-2-r.jpg",1024,683,false],"inspiro-featured-image":["https:\/\/www.cacciatoscana.com\/2023\/wp-content\/uploads\/2023\/06\/Cantina-tavoli-2-r.jpg",1024,683,false],"inspiro-loop":["https:\/\/www.cacciatoscana.com\/2023\/wp-content\/uploads\/2023\/06\/Cantina-tavoli-2-r-950x320.jpg",950,320,true],"inspiro-loop@2x":["https:\/\/www.cacciatoscana.com\/2023\/wp-content\/uploads\/2023\/06\/Cantina-tavoli-2-r-1024x640.jpg",1024,640,true],"portfolio_item-thumbnail":["https:\/\/www.cacciatoscana.com\/2023\/wp-content\/uploads\/2023\/06\/Cantina-tavoli-2-r-600x400.jpg",600,400,true],"portfolio_item-thumbnail@2x":["https:\/\/www.cacciatoscana.com\/2023\/wp-content\/uploads\/2023\/06\/Cantina-tavoli-2-r.jpg",1024,683,false],"portfolio_item-masonry":["https:\/\/www.cacciatoscana.com\/2023\/wp-content\/uploads\/2023\/06\/Cantina-tavoli-2-r-600x400.jpg",600,400,true],"portfolio_item-masonry@2x":["https:\/\/www.cacciatoscana.com\/2023\/wp-content\/uploads\/2023\/06\/Cantina-tavoli-2-r.jpg",1024,683,false],"portfolio_item-thumbnail_cinema":["https:\/\/www.cacciatoscana.com\/2023\/wp-content\/uploads\/2023\/06\/Cantina-tavoli-2-r-800x335.jpg",800,335,true],"portfolio_item-thumbnail_portrait":["https:\/\/www.cacciatoscana.com\/2023\/wp-content\/uploads\/2023\/06\/Cantina-tavoli-2-r-600x683.jpg",600,683,true],"portfolio_item-thumbnail_portrait@2x":["https:\/\/www.cacciatoscana.com\/2023\/wp-content\/uploads\/2023\/06\/Cantina-tavoli-2-r.jpg",1024,683,false],"portfolio_item-thumbnail_square":["https:\/\/www.cacciatoscana.com\/2023\/wp-content\/uploads\/2023\/06\/Cantina-tavoli-2-r-800x683.jpg",800,683,true]},"_links":{"self":[{"href":"https:\/\/www.cacciatoscana.com\/2023\/wp-json\/wp\/v2\/pages\/7739","targetHints":{"allow":["GET"]}}],"collection":[{"href":"https:\/\/www.cacciatoscana.com\/2023\/wp-json\/wp\/v2\/pages"}],"about":[{"href":"https:\/\/www.cacciatoscana.com\/2023\/wp-json\/wp\/v2\/types\/page"}],"author":[{"embeddable":true,"href":"https:\/\/www.cacciatoscana.com\/2023\/wp-json\/wp\/v2\/users\/1"}],"replies":[{"embeddable":true,"href":"https:\/\/www.cacciatoscana.com\/2023\/wp-json\/wp\/v2\/comments?post=7739"}],"version-history":[{"count":1,"href":"https:\/\/www.cacciatoscana.com\/2023\/wp-json\/wp\/v2\/pages\/7739\/revisions"}],"predecessor-version":[{"id":7740,"href":"https:\/\/www.cacciatoscana.com\/2023\/wp-json\/wp\/v2\/pages\/7739\/revisions\/7740"}],"up":[{"embeddable":true,"href":"https:\/\/www.cacciatoscana.com\/2023\/wp-json\/wp\/v2\/pages\/7717"}],"wp:featuredmedia":[{"embeddable":true,"href":"https:\/\/www.cacciatoscana.com\/2023\/wp-json\/wp\/v2\/media\/7130"}],"wp:attachment":[{"href":"https:\/\/www.cacciatoscana.com\/2023\/wp-json\/wp\/v2\/media?parent=7739"}],"curies":[{"name":"wp","href":"https:\/\/api.w.org\/{rel}","templated":true}]}}