{"id":7733,"date":"2023-07-15T21:35:58","date_gmt":"2023-07-15T21:35:58","guid":{"rendered":"https:\/\/www.cacciatoscana.com\/2023\/?page_id=7733"},"modified":"2023-07-15T21:35:58","modified_gmt":"2023-07-15T21:35:58","slug":"wellnesscentrum","status":"publish","type":"page","link":"https:\/\/www.cacciatoscana.com\/2023\/de\/neben-der-jagd\/wellnesscentrum\/","title":{"rendered":"Wellnesscentrum"},"content":{"rendered":"<p>Nur wenige Kilometer von unserem Agrotourismus entfernt k\u00f6nnen Sie sich im Iris Spa mit Wellnessprogrammen verw\u00f6hnen lassen, die auf jeden Bedarf zugeschnitten sind.<\/p>\n<p>Ein bezaubernder Blick auf San Gimignano; Entspannung im Schwimmbad zwischen den jahrhundertealten Olivenb\u00e4umen im Garten; der Charme der tausendj\u00e4hrigen T\u00fcrme; Geschichte, Kultur, authentische Traditionen; ein Spa, in dem Sie neue Energie und Wohlbefinden tanken k\u00f6nnen; Stille, Relax und vor allem Zeit. Unser Wellness-Angebot hilft Ihnen, bei k\u00f6rperlicher und geistiger M\u00fcdigkeit wieder tiefe Entspannung zu finden. Die angenehmen D\u00fcfte im toskanischen Aromarium, das Gef\u00fchl des Nebels und der Sommerwinde auf der Haut, die revitalisierende Wirkung des Eisbrunnens sind nur einige der Besonderheiten Ihrer Entspannung im Spa. Vertrauen Sie sich den H\u00e4nden unserer Wellness-Spezialisten an. Sie k\u00fcmmern sich um Sie und Ihren K\u00f6rper.<\/p>\n<p><img loading=\"lazy\" decoding=\"async\" class=\"aligncenter wp-image-6913 size-full\" src=\"https:\/\/www.cacciatoscana.com\/2023\/wp-content\/uploads\/2018\/01\/piscina4.jpg\" alt=\"\" width=\"1000\" height=\"665\" srcset=\"https:\/\/www.cacciatoscana.com\/2023\/wp-content\/uploads\/2018\/01\/piscina4.jpg 1000w, https:\/\/www.cacciatoscana.com\/2023\/wp-content\/uploads\/2018\/01\/piscina4-300x200.jpg 300w, https:\/\/www.cacciatoscana.com\/2023\/wp-content\/uploads\/2018\/01\/piscina4-768x511.jpg 768w, https:\/\/www.cacciatoscana.com\/2023\/wp-content\/uploads\/2018\/01\/piscina4-600x399.jpg 600w\" sizes=\"auto, (max-width: 1000px) 100vw, 1000px\" \/> <img loading=\"lazy\" decoding=\"async\" class=\"aligncenter wp-image-6914 size-full\" src=\"https:\/\/www.cacciatoscana.com\/2023\/wp-content\/uploads\/2018\/01\/trattamenti1.jpg\" alt=\"\" width=\"1000\" height=\"667\" srcset=\"https:\/\/www.cacciatoscana.com\/2023\/wp-content\/uploads\/2018\/01\/trattamenti1.jpg 1000w, https:\/\/www.cacciatoscana.com\/2023\/wp-content\/uploads\/2018\/01\/trattamenti1-300x200.jpg 300w, https:\/\/www.cacciatoscana.com\/2023\/wp-content\/uploads\/2018\/01\/trattamenti1-768x512.jpg 768w, https:\/\/www.cacciatoscana.com\/2023\/wp-content\/uploads\/2018\/01\/trattamenti1-600x400.jpg 600w\" sizes=\"auto, (max-width: 1000px) 100vw, 1000px\" \/><\/p>\n","protected":false},"excerpt":{"rendered":"<p>Nur wenige Kilometer von unserem Agrotourismus entfernt k\u00f6nnen Sie sich im Iris Spa mit Wellnessprogrammen verw\u00f6hnen lassen, die auf jeden Bedarf zugeschnitten sind. Ein bezaubernder Blick auf San Gimignano; Entspannung im Schwimmbad zwischen den jahrhundertealten Olivenb\u00e4umen im Garten; der Charme der tausendj\u00e4hrigen T\u00fcrme; Geschichte, Kultur, authentische Traditionen; ein Spa, in dem Sie neue Energie und &hellip; <\/p>\n<p class=\"link-more\"><a href=\"https:\/\/www.cacciatoscana.com\/2023\/de\/neben-der-jagd\/wellnesscentrum\/\" class=\"more-link\">Read more<span class=\"screen-reader-text\"> &#8220;Wellnesscentrum&#8221;<\/span><\/a><\/p>\n","protected":false},"author":1,"featured_media":6867,"parent":7717,"menu_order":0,"comment_status":"closed","ping_status":"closed","template":"","meta":{"footnotes":""},"class_list":["post-7733","page","type-page","status-publish","has-post-thumbnail","hentry"],"featured_media_urls":{"thumbnail":["https:\/\/www.cacciatoscana.com\/2023\/wp-content\/uploads\/2018\/01\/massaggi2-150x150.jpg",150,150,true],"medium":["https:\/\/www.cacciatoscana.com\/2023\/wp-content\/uploads\/2018\/01\/massaggi2-200x300.jpg",200,300,true],"medium_large":["https:\/\/www.cacciatoscana.com\/2023\/wp-content\/uploads\/2018\/01\/massaggi2.jpg",667,1000,false],"large":["https:\/\/www.cacciatoscana.com\/2023\/wp-content\/uploads\/2018\/01\/massaggi2.jpg",667,1000,false],"1536x1536":["https:\/\/www.cacciatoscana.com\/2023\/wp-content\/uploads\/2018\/01\/massaggi2.jpg",667,1000,false],"2048x2048":["https:\/\/www.cacciatoscana.com\/2023\/wp-content\/uploads\/2018\/01\/massaggi2.jpg",667,1000,false],"inspiro-featured-image":["https:\/\/www.cacciatoscana.com\/2023\/wp-content\/uploads\/2018\/01\/massaggi2.jpg",667,1000,false],"inspiro-loop":["https:\/\/www.cacciatoscana.com\/2023\/wp-content\/uploads\/2018\/01\/massaggi2-667x320.jpg",667,320,true],"inspiro-loop@2x":["https:\/\/www.cacciatoscana.com\/2023\/wp-content\/uploads\/2018\/01\/massaggi2-667x640.jpg",667,640,true],"portfolio_item-thumbnail":["https:\/\/www.cacciatoscana.com\/2023\/wp-content\/uploads\/2018\/01\/massaggi2-600x400.jpg",600,400,true],"portfolio_item-thumbnail@2x":["https:\/\/www.cacciatoscana.com\/2023\/wp-content\/uploads\/2018\/01\/massaggi2.jpg",534,800,false],"portfolio_item-masonry":["https:\/\/www.cacciatoscana.com\/2023\/wp-content\/uploads\/2018\/01\/massaggi2-600x900.jpg",600,900,true],"portfolio_item-masonry@2x":["https:\/\/www.cacciatoscana.com\/2023\/wp-content\/uploads\/2018\/01\/massaggi2.jpg",667,1000,false],"portfolio_item-thumbnail_cinema":["https:\/\/www.cacciatoscana.com\/2023\/wp-content\/uploads\/2018\/01\/massaggi2-667x335.jpg",667,335,true],"portfolio_item-thumbnail_portrait":["https:\/\/www.cacciatoscana.com\/2023\/wp-content\/uploads\/2018\/01\/massaggi2-600x900.jpg",600,900,true],"portfolio_item-thumbnail_portrait@2x":["https:\/\/www.cacciatoscana.com\/2023\/wp-content\/uploads\/2018\/01\/massaggi2.jpg",667,1000,false],"portfolio_item-thumbnail_square":["https:\/\/www.cacciatoscana.com\/2023\/wp-content\/uploads\/2018\/01\/massaggi2-667x800.jpg",667,800,true]},"_links":{"self":[{"href":"https:\/\/www.cacciatoscana.com\/2023\/wp-json\/wp\/v2\/pages\/7733","targetHints":{"allow":["GET"]}}],"collection":[{"href":"https:\/\/www.cacciatoscana.com\/2023\/wp-json\/wp\/v2\/pages"}],"about":[{"href":"https:\/\/www.cacciatoscana.com\/2023\/wp-json\/wp\/v2\/types\/page"}],"author":[{"embeddable":true,"href":"https:\/\/www.cacciatoscana.com\/2023\/wp-json\/wp\/v2\/users\/1"}],"replies":[{"embeddable":true,"href":"https:\/\/www.cacciatoscana.com\/2023\/wp-json\/wp\/v2\/comments?post=7733"}],"version-history":[{"count":1,"href":"https:\/\/www.cacciatoscana.com\/2023\/wp-json\/wp\/v2\/pages\/7733\/revisions"}],"predecessor-version":[{"id":7734,"href":"https:\/\/www.cacciatoscana.com\/2023\/wp-json\/wp\/v2\/pages\/7733\/revisions\/7734"}],"up":[{"embeddable":true,"href":"https:\/\/www.cacciatoscana.com\/2023\/wp-json\/wp\/v2\/pages\/7717"}],"wp:featuredmedia":[{"embeddable":true,"href":"https:\/\/www.cacciatoscana.com\/2023\/wp-json\/wp\/v2\/media\/6867"}],"wp:attachment":[{"href":"https:\/\/www.cacciatoscana.com\/2023\/wp-json\/wp\/v2\/media?parent=7733"}],"curies":[{"name":"wp","href":"https:\/\/api.w.org\/{rel}","templated":true}]}}