{"id":7731,"date":"2023-07-15T21:34:57","date_gmt":"2023-07-15T21:34:57","guid":{"rendered":"https:\/\/www.cacciatoscana.com\/2023\/?page_id=7731"},"modified":"2023-07-15T21:34:57","modified_gmt":"2023-07-15T21:34:57","slug":"golfplatz","status":"publish","type":"page","link":"https:\/\/www.cacciatoscana.com\/2023\/de\/neben-der-jagd\/golfplatz\/","title":{"rendered":"Golfplatz"},"content":{"rendered":"<p>Entspannung und Vergn\u00fcgen in einer wirklich einzigartigen Landschaft.<\/p>\n<p>\u00dcber 9.400 Meter Fairways, ges\u00e4umt von W\u00e4ldern und Olivenb\u00e4umen, bilden den perfekten Rahmen f\u00fcr Ihr Golfspiel. Das 27-Loch-Layout ist heute in zwei spektakul\u00e4re Golfpl\u00e4tze unterteilt, die auch die erfahrensten Spieler herausfordern, aber gleichzeitig Spa\u00df f\u00fcr Neulinge garantieren. Respekt und Liebe zur Natur sind wesentliche Elemente dieser Sportart, und der Golfclub Castelfalfi engagiert sich schon immer, unsere wertvolle Landschaft zu bewahren. Die R\u00fcckgewinnung von Regenwasser zur Bew\u00e4sserung und umweltfreundliche Wartungstechniken sind nur einige der Aspekte, die dazu gef\u00fchrt haben, dass wir mit dem Umweltzeichen GEO CertifiedTM ausgezeichnet wurden, einer internationalen Garantie f\u00fcr Qualit\u00e4tssport.<\/p>\n","protected":false},"excerpt":{"rendered":"<p>Entspannung und Vergn\u00fcgen in einer wirklich einzigartigen Landschaft. \u00dcber 9.400 Meter Fairways, ges\u00e4umt von W\u00e4ldern und Olivenb\u00e4umen, bilden den perfekten Rahmen f\u00fcr Ihr Golfspiel. Das 27-Loch-Layout ist heute in zwei spektakul\u00e4re Golfpl\u00e4tze unterteilt, die auch die erfahrensten Spieler herausfordern, aber gleichzeitig Spa\u00df f\u00fcr Neulinge garantieren. Respekt und Liebe zur Natur sind wesentliche Elemente dieser Sportart, &hellip; <\/p>\n<p class=\"link-more\"><a href=\"https:\/\/www.cacciatoscana.com\/2023\/de\/neben-der-jagd\/golfplatz\/\" class=\"more-link\">Read more<span class=\"screen-reader-text\"> &#8220;Golfplatz&#8221;<\/span><\/a><\/p>\n","protected":false},"author":1,"featured_media":6901,"parent":7717,"menu_order":0,"comment_status":"closed","ping_status":"closed","template":"","meta":{"footnotes":""},"class_list":["post-7731","page","type-page","status-publish","has-post-thumbnail","hentry"],"featured_media_urls":{"thumbnail":["https:\/\/www.cacciatoscana.com\/2023\/wp-content\/uploads\/2017\/09\/golf-club-castelfalfi-aerial-view-1-150x150.jpg",150,150,true],"medium":["https:\/\/www.cacciatoscana.com\/2023\/wp-content\/uploads\/2017\/09\/golf-club-castelfalfi-aerial-view-1-300x203.jpg",300,203,true],"medium_large":["https:\/\/www.cacciatoscana.com\/2023\/wp-content\/uploads\/2017\/09\/golf-club-castelfalfi-aerial-view-1-768x518.jpg",768,518,true],"large":["https:\/\/www.cacciatoscana.com\/2023\/wp-content\/uploads\/2017\/09\/golf-club-castelfalfi-aerial-view-1-1024x691.jpg",950,641,true],"1536x1536":["https:\/\/www.cacciatoscana.com\/2023\/wp-content\/uploads\/2017\/09\/golf-club-castelfalfi-aerial-view-1-1536x1037.jpg",1536,1037,true],"2048x2048":["https:\/\/www.cacciatoscana.com\/2023\/wp-content\/uploads\/2017\/09\/golf-club-castelfalfi-aerial-view-1.jpg",1600,1080,false],"inspiro-featured-image":["https:\/\/www.cacciatoscana.com\/2023\/wp-content\/uploads\/2017\/09\/golf-club-castelfalfi-aerial-view-1.jpg",1600,1080,false],"inspiro-loop":["https:\/\/www.cacciatoscana.com\/2023\/wp-content\/uploads\/2017\/09\/golf-club-castelfalfi-aerial-view-1-950x320.jpg",950,320,true],"inspiro-loop@2x":["https:\/\/www.cacciatoscana.com\/2023\/wp-content\/uploads\/2017\/09\/golf-club-castelfalfi-aerial-view-1-1600x640.jpg",1600,640,true],"portfolio_item-thumbnail":["https:\/\/www.cacciatoscana.com\/2023\/wp-content\/uploads\/2017\/09\/golf-club-castelfalfi-aerial-view-1-600x400.jpg",600,400,true],"portfolio_item-thumbnail@2x":["https:\/\/www.cacciatoscana.com\/2023\/wp-content\/uploads\/2017\/09\/golf-club-castelfalfi-aerial-view-1.jpg",1185,800,false],"portfolio_item-masonry":["https:\/\/www.cacciatoscana.com\/2023\/wp-content\/uploads\/2017\/09\/golf-club-castelfalfi-aerial-view-1-600x405.jpg",600,405,true],"portfolio_item-masonry@2x":["https:\/\/www.cacciatoscana.com\/2023\/wp-content\/uploads\/2017\/09\/golf-club-castelfalfi-aerial-view-1.jpg",1200,810,false],"portfolio_item-thumbnail_cinema":["https:\/\/www.cacciatoscana.com\/2023\/wp-content\/uploads\/2017\/09\/golf-club-castelfalfi-aerial-view-1-800x335.jpg",800,335,true],"portfolio_item-thumbnail_portrait":["https:\/\/www.cacciatoscana.com\/2023\/wp-content\/uploads\/2017\/09\/golf-club-castelfalfi-aerial-view-1-600x900.jpg",600,900,true],"portfolio_item-thumbnail_portrait@2x":["https:\/\/www.cacciatoscana.com\/2023\/wp-content\/uploads\/2017\/09\/golf-club-castelfalfi-aerial-view-1.jpg",1200,810,false],"portfolio_item-thumbnail_square":["https:\/\/www.cacciatoscana.com\/2023\/wp-content\/uploads\/2017\/09\/golf-club-castelfalfi-aerial-view-1-800x800.jpg",800,800,true]},"_links":{"self":[{"href":"https:\/\/www.cacciatoscana.com\/2023\/wp-json\/wp\/v2\/pages\/7731","targetHints":{"allow":["GET"]}}],"collection":[{"href":"https:\/\/www.cacciatoscana.com\/2023\/wp-json\/wp\/v2\/pages"}],"about":[{"href":"https:\/\/www.cacciatoscana.com\/2023\/wp-json\/wp\/v2\/types\/page"}],"author":[{"embeddable":true,"href":"https:\/\/www.cacciatoscana.com\/2023\/wp-json\/wp\/v2\/users\/1"}],"replies":[{"embeddable":true,"href":"https:\/\/www.cacciatoscana.com\/2023\/wp-json\/wp\/v2\/comments?post=7731"}],"version-history":[{"count":1,"href":"https:\/\/www.cacciatoscana.com\/2023\/wp-json\/wp\/v2\/pages\/7731\/revisions"}],"predecessor-version":[{"id":7732,"href":"https:\/\/www.cacciatoscana.com\/2023\/wp-json\/wp\/v2\/pages\/7731\/revisions\/7732"}],"up":[{"embeddable":true,"href":"https:\/\/www.cacciatoscana.com\/2023\/wp-json\/wp\/v2\/pages\/7717"}],"wp:featuredmedia":[{"embeddable":true,"href":"https:\/\/www.cacciatoscana.com\/2023\/wp-json\/wp\/v2\/media\/6901"}],"wp:attachment":[{"href":"https:\/\/www.cacciatoscana.com\/2023\/wp-json\/wp\/v2\/media?parent=7731"}],"curies":[{"name":"wp","href":"https:\/\/api.w.org\/{rel}","templated":true}]}}