{"id":7712,"date":"2023-07-15T21:23:35","date_gmt":"2023-07-15T21:23:35","guid":{"rendered":"https:\/\/www.cacciatoscana.com\/2023\/?page_id=7712"},"modified":"2023-07-15T21:24:57","modified_gmt":"2023-07-15T21:24:57","slug":"wir-ueber-uns","status":"publish","type":"page","link":"https:\/\/www.cacciatoscana.com\/2023\/de\/wir-ueber-uns\/","title":{"rendered":"Wir \u00fcber uns"},"content":{"rendered":"\t\t<div data-elementor-type=\"wp-page\" data-elementor-id=\"7712\" class=\"elementor elementor-7712\">\n\t\t\t\t\t\t\t\t\t<section class=\"elementor-section elementor-top-section elementor-element elementor-element-c3f878b elementor-section-boxed elementor-section-height-default elementor-section-height-default\" data-id=\"c3f878b\" data-element_type=\"section\">\n\t\t\t\t\t\t<div class=\"elementor-container elementor-column-gap-default\">\n\t\t\t\t\t<div class=\"elementor-column elementor-col-100 elementor-top-column elementor-element elementor-element-4c2dcf4\" data-id=\"4c2dcf4\" data-element_type=\"column\">\n\t\t\t<div class=\"elementor-widget-wrap elementor-element-populated\">\n\t\t\t\t\t\t\t\t<div class=\"elementor-element elementor-element-87a2715 elementor-widget elementor-widget-text-editor\" data-id=\"87a2715\" data-element_type=\"widget\" data-widget_type=\"text-editor.default\">\n\t\t\t\t<div class=\"elementor-widget-container\">\n\t\t\t<style>\/*! elementor - v3.17.0 - 08-11-2023 *\/\n.elementor-widget-text-editor.elementor-drop-cap-view-stacked .elementor-drop-cap{background-color:#69727d;color:#fff}.elementor-widget-text-editor.elementor-drop-cap-view-framed .elementor-drop-cap{color:#69727d;border:3px solid;background-color:transparent}.elementor-widget-text-editor:not(.elementor-drop-cap-view-default) .elementor-drop-cap{margin-top:8px}.elementor-widget-text-editor:not(.elementor-drop-cap-view-default) .elementor-drop-cap-letter{width:1em;height:1em}.elementor-widget-text-editor .elementor-drop-cap{float:left;text-align:center;line-height:1;font-size:50px}.elementor-widget-text-editor .elementor-drop-cap-letter{display:inline-block}<\/style>\t\t\t\t<p>Tradition der italienischen Jagd auf h\u00f6chstem Niveau, wobei auch J\u00e4ger aus dem Ausland diese Qualit\u00e4t erleben k\u00f6nnen.<\/p><p>Unser Hauptziel dr\u00fcckt sich in der sorgf\u00e4ltigen t\u00e4glichen Arbeit zur Pflege der Jagdfauna aus.<\/p><p>J\u00e4ger zu sein bedeutet f\u00fcr uns: \u201eZuallererst unsere Region lieben, und wissen, wie man sie nach der Logik der Natur bewirtschaftet \u2026\u201c<\/p><ul><li>Schutz der Landwirtschaft;<\/li><li>F\u00f6rderung und Schutz der nat\u00fcrlichen Vermehrung des Wildes;<\/li><li>Erhaltung der Beziehung zwischen den Arten und ihres Zusammenlebens.<\/li><li>Nur wenn wir in der Lage sind, das empfindliche Gleichgewicht und die perfekte Harmonie zwischen all diesen Elementen zu verstehen und zu erreichen, k\u00f6nnen wir ein Jagderlebnis voller Qualit\u00e4t bieten und garantieren.<\/li><\/ul><p>Das Erlebnis einer Jagd in der Toskana ist sicherlich eines der begehrtesten Ziele f\u00fcr jeden J\u00e4ger. Hier gibt es die h\u00f6chste Konzentration an Huftieren in ganz Italien, mit Rehen, Rothirschen, Damhirschen, Mufflons und Wildschweinen, mit herrlichen Troph\u00e4enexemplaren. Und das alles in der fabelhaften H\u00fcgellandschaft, die diese Region charakterisiert, zusammen mit der traditionellen Aufgeschlossenheit zur edlen Jagdkunst. Das macht die Toskana zum idealen Ort f\u00fcr ein einzigartiges und unvergessliches Jagderlebnis. Auf dieser Seite bieten wir Ihnen die M\u00f6glichkeit, dieses Erlebnis zu den g\u00fcnstigsten Konditionen und mit maximalem Komfort zu genie\u00dfen.<\/p><p>Wir sind in der Lage, Einzel- oder Gruppenjagdausfl\u00fcge auf Wildschweine, Rehe, Rothirsche, Damhirsche, Mufflons, aber auch andere sesshafte Wildarten wie Fasane, Rebh\u00fchner und Wachteln zu organisieren.<\/p><p>Wir bieten unseren Jagdg\u00e4sten, ihren Familien sowie den mitreisenden Freunden die M\u00f6glichkeit, auf unserem Agrotourismus \u201eLa Tenuta di Castelvecchio\u201c zu \u00fcbernachten.<\/p><p>\u00a0<\/p>\t\t\t\t\t\t<\/div>\n\t\t\t\t<\/div>\n\t\t\t\t\t<\/div>\n\t\t<\/div>\n\t\t\t\t\t\t\t<\/div>\n\t\t<\/section>\n\t\t\t\t\t\t\t<\/div>\n\t\t","protected":false},"excerpt":{"rendered":"<p>Tradition der italienischen Jagd auf h\u00f6chstem Niveau, wobei auch J\u00e4ger aus dem Ausland diese Qualit\u00e4t erleben k\u00f6nnen. Unser Hauptziel dr\u00fcckt sich in der sorgf\u00e4ltigen t\u00e4glichen Arbeit zur Pflege der Jagdfauna aus. J\u00e4ger zu sein bedeutet f\u00fcr uns: \u201eZuallererst unsere Region lieben, und wissen, wie man sie nach der Logik der Natur bewirtschaftet \u2026\u201c Schutz der &hellip; <\/p>\n<p class=\"link-more\"><a href=\"https:\/\/www.cacciatoscana.com\/2023\/de\/wir-ueber-uns\/\" class=\"more-link\">Read more<span class=\"screen-reader-text\"> &#8220;Wir \u00fcber uns&#8221;<\/span><\/a><\/p>\n","protected":false},"author":1,"featured_media":120,"parent":0,"menu_order":0,"comment_status":"closed","ping_status":"closed","template":"","meta":{"footnotes":""},"class_list":["post-7712","page","type-page","status-publish","has-post-thumbnail","hentry"],"featured_media_urls":{"thumbnail":["https:\/\/www.cacciatoscana.com\/2023\/wp-content\/uploads\/2023\/05\/DSC01459-150x150.jpg",150,150,true],"medium":["https:\/\/www.cacciatoscana.com\/2023\/wp-content\/uploads\/2023\/05\/DSC01459-300x200.jpg",300,200,true],"medium_large":["https:\/\/www.cacciatoscana.com\/2023\/wp-content\/uploads\/2023\/05\/DSC01459-768x512.jpg",768,512,true],"large":["https:\/\/www.cacciatoscana.com\/2023\/wp-content\/uploads\/2023\/05\/DSC01459-1024x683.jpg",950,634,true],"1536x1536":["https:\/\/www.cacciatoscana.com\/2023\/wp-content\/uploads\/2023\/05\/DSC01459-1536x1024.jpg",1536,1024,true],"2048x2048":["https:\/\/www.cacciatoscana.com\/2023\/wp-content\/uploads\/2023\/05\/DSC01459.jpg",1620,1080,false],"inspiro-featured-image":["https:\/\/www.cacciatoscana.com\/2023\/wp-content\/uploads\/2023\/05\/DSC01459.jpg",1620,1080,false],"inspiro-loop":["https:\/\/www.cacciatoscana.com\/2023\/wp-content\/uploads\/2023\/05\/DSC01459.jpg",480,320,false],"inspiro-loop@2x":["https:\/\/www.cacciatoscana.com\/2023\/wp-content\/uploads\/2023\/05\/DSC01459.jpg",960,640,false],"portfolio_item-thumbnail":["https:\/\/www.cacciatoscana.com\/2023\/wp-content\/uploads\/2023\/05\/DSC01459.jpg",600,400,false],"portfolio_item-thumbnail@2x":["https:\/\/www.cacciatoscana.com\/2023\/wp-content\/uploads\/2023\/05\/DSC01459.jpg",1200,800,false],"portfolio_item-masonry":["https:\/\/www.cacciatoscana.com\/2023\/wp-content\/uploads\/2023\/05\/DSC01459.jpg",600,400,false],"portfolio_item-masonry@2x":["https:\/\/www.cacciatoscana.com\/2023\/wp-content\/uploads\/2023\/05\/DSC01459.jpg",1200,800,false],"portfolio_item-thumbnail_cinema":["https:\/\/www.cacciatoscana.com\/2023\/wp-content\/uploads\/2023\/05\/DSC01459.jpg",503,335,false],"portfolio_item-thumbnail_portrait":["https:\/\/www.cacciatoscana.com\/2023\/wp-content\/uploads\/2023\/05\/DSC01459.jpg",600,400,false],"portfolio_item-thumbnail_portrait@2x":["https:\/\/www.cacciatoscana.com\/2023\/wp-content\/uploads\/2023\/05\/DSC01459.jpg",1200,800,false],"portfolio_item-thumbnail_square":["https:\/\/www.cacciatoscana.com\/2023\/wp-content\/uploads\/2023\/05\/DSC01459.jpg",800,533,false]},"_links":{"self":[{"href":"https:\/\/www.cacciatoscana.com\/2023\/wp-json\/wp\/v2\/pages\/7712","targetHints":{"allow":["GET"]}}],"collection":[{"href":"https:\/\/www.cacciatoscana.com\/2023\/wp-json\/wp\/v2\/pages"}],"about":[{"href":"https:\/\/www.cacciatoscana.com\/2023\/wp-json\/wp\/v2\/types\/page"}],"author":[{"embeddable":true,"href":"https:\/\/www.cacciatoscana.com\/2023\/wp-json\/wp\/v2\/users\/1"}],"replies":[{"embeddable":true,"href":"https:\/\/www.cacciatoscana.com\/2023\/wp-json\/wp\/v2\/comments?post=7712"}],"version-history":[{"count":4,"href":"https:\/\/www.cacciatoscana.com\/2023\/wp-json\/wp\/v2\/pages\/7712\/revisions"}],"predecessor-version":[{"id":7716,"href":"https:\/\/www.cacciatoscana.com\/2023\/wp-json\/wp\/v2\/pages\/7712\/revisions\/7716"}],"wp:featuredmedia":[{"embeddable":true,"href":"https:\/\/www.cacciatoscana.com\/2023\/wp-json\/wp\/v2\/media\/120"}],"wp:attachment":[{"href":"https:\/\/www.cacciatoscana.com\/2023\/wp-json\/wp\/v2\/media?parent=7712"}],"curies":[{"name":"wp","href":"https:\/\/api.w.org\/{rel}","templated":true}]}}