{"id":7700,"date":"2023-07-15T21:19:41","date_gmt":"2023-07-15T21:19:41","guid":{"rendered":"https:\/\/www.cacciatoscana.com\/2023\/?page_id=7700"},"modified":"2025-01-20T15:35:00","modified_gmt":"2025-01-20T15:35:00","slug":"jagd-auf-huftiere","status":"publish","type":"page","link":"https:\/\/www.cacciatoscana.com\/2023\/de\/jagd-auf-huftiere\/","title":{"rendered":"Jagd auf Huftiere"},"content":{"rendered":"\t\t<div data-elementor-type=\"wp-page\" data-elementor-id=\"7700\" class=\"elementor elementor-7700\">\n\t\t\t\t\t\t\t\t\t<section class=\"elementor-section elementor-top-section elementor-element elementor-element-599bf1b elementor-section-full_width elementor-section-height-default elementor-section-height-default\" data-id=\"599bf1b\" data-element_type=\"section\">\n\t\t\t\t\t\t<div class=\"elementor-container elementor-column-gap-default\">\n\t\t\t\t\t<div class=\"elementor-column elementor-col-100 elementor-top-column elementor-element elementor-element-04ac25c\" data-id=\"04ac25c\" data-element_type=\"column\">\n\t\t\t<div class=\"elementor-widget-wrap\">\n\t\t\t\t\t\t\t\t\t<\/div>\n\t\t<\/div>\n\t\t\t\t\t\t\t<\/div>\n\t\t<\/section>\n\t\t\t\t<section class=\"elementor-section elementor-top-section elementor-element elementor-element-b8b9565 elementor-section-boxed elementor-section-height-default elementor-section-height-default\" data-id=\"b8b9565\" data-element_type=\"section\">\n\t\t\t\t\t\t<div class=\"elementor-container elementor-column-gap-default\">\n\t\t\t\t\t<div class=\"elementor-column elementor-col-100 elementor-top-column elementor-element elementor-element-5c95992\" data-id=\"5c95992\" data-element_type=\"column\">\n\t\t\t<div class=\"elementor-widget-wrap elementor-element-populated\">\n\t\t\t\t\t\t\t\t<div class=\"elementor-element elementor-element-1563d23 elementor-widget elementor-widget-text-editor\" data-id=\"1563d23\" data-element_type=\"widget\" data-widget_type=\"text-editor.default\">\n\t\t\t\t<div class=\"elementor-widget-container\">\n\t\t\t<style>\/*! elementor - v3.17.0 - 08-11-2023 *\/\n.elementor-widget-text-editor.elementor-drop-cap-view-stacked .elementor-drop-cap{background-color:#69727d;color:#fff}.elementor-widget-text-editor.elementor-drop-cap-view-framed .elementor-drop-cap{color:#69727d;border:3px solid;background-color:transparent}.elementor-widget-text-editor:not(.elementor-drop-cap-view-default) .elementor-drop-cap{margin-top:8px}.elementor-widget-text-editor:not(.elementor-drop-cap-view-default) .elementor-drop-cap-letter{width:1em;height:1em}.elementor-widget-text-editor .elementor-drop-cap{float:left;text-align:center;line-height:1;font-size:50px}.elementor-widget-text-editor .elementor-drop-cap-letter{display:inline-block}<\/style>\t\t\t\t<p>Damhirsche, Rehe, Rothirsche, Wildschweine und Mufflons verf\u00fcgen \u00fcber ein sehr feines Geh\u00f6r, erfordern perfekte Tarnung und maximale Ruhe. Die beste Art, diese Huftiere zu jagen, ist zweifellos die Jagd von einem Hochsitz. Aus einigen Metern H\u00f6he \u00fcber dem Boden haben Sie einen besseren Beobachtungspunkt und eine effektivere Tarnung gegen\u00fcber der Umgebung.<\/p><p>Eine gute alternative Methode zur Jagd auf Reh-, Dam- und Mufflonwild ist die Pirschjagd, vorausgesetzt, dass absolute Ruhe und gute Tarnung eingehalten werden.<\/p>\t\t\t\t\t\t<\/div>\n\t\t\t\t<\/div>\n\t\t\t\t\t<\/div>\n\t\t<\/div>\n\t\t\t\t\t\t\t<\/div>\n\t\t<\/section>\n\t\t\t\t<section class=\"elementor-section elementor-top-section elementor-element elementor-element-af007b6 elementor-section-boxed elementor-section-height-default elementor-section-height-default\" data-id=\"af007b6\" data-element_type=\"section\">\n\t\t\t\t\t\t<div class=\"elementor-container elementor-column-gap-default\">\n\t\t\t\t\t<div class=\"elementor-column elementor-col-100 elementor-top-column elementor-element elementor-element-db13013\" data-id=\"db13013\" data-element_type=\"column\">\n\t\t\t<div class=\"elementor-widget-wrap elementor-element-populated\">\n\t\t\t\t\t\t\t\t<section class=\"elementor-section elementor-inner-section elementor-element elementor-element-2023cae elementor-section-boxed elementor-section-height-default elementor-section-height-default\" data-id=\"2023cae\" data-element_type=\"section\">\n\t\t\t\t\t\t<div class=\"elementor-container elementor-column-gap-default\">\n\t\t\t\t\t<div class=\"elementor-column elementor-col-50 elementor-inner-column elementor-element elementor-element-2aeaa47\" data-id=\"2aeaa47\" data-element_type=\"column\">\n\t\t\t<div class=\"elementor-widget-wrap elementor-element-populated\">\n\t\t\t\t\t\t\t\t<div class=\"elementor-element elementor-element-eab331e elementor-widget elementor-widget-heading\" data-id=\"eab331e\" data-element_type=\"widget\" data-widget_type=\"heading.default\">\n\t\t\t\t<div class=\"elementor-widget-container\">\n\t\t\t<style>\/*! elementor - v3.17.0 - 08-11-2023 *\/\n.elementor-heading-title{padding:0;margin:0;line-height:1}.elementor-widget-heading .elementor-heading-title[class*=elementor-size-]>a{color:inherit;font-size:inherit;line-height:inherit}.elementor-widget-heading .elementor-heading-title.elementor-size-small{font-size:15px}.elementor-widget-heading .elementor-heading-title.elementor-size-medium{font-size:19px}.elementor-widget-heading .elementor-heading-title.elementor-size-large{font-size:29px}.elementor-widget-heading .elementor-heading-title.elementor-size-xl{font-size:39px}.elementor-widget-heading .elementor-heading-title.elementor-size-xxl{font-size:59px}<\/style><h2 class=\"elementor-heading-title elementor-size-default\">Informationen und Buchungen:<\/h2>\t\t<\/div>\n\t\t\t\t<\/div>\n\t\t\t\t<div class=\"elementor-element elementor-element-c9743e6 elementor-widget elementor-widget-text-editor\" data-id=\"c9743e6\" data-element_type=\"widget\" data-widget_type=\"text-editor.default\">\n\t\t\t\t<div class=\"elementor-widget-container\">\n\t\t\t\t\t\t\t<div class=\"col-md-12\"><p>Kontaktieren Sie uns direkt:<\/p><ul><li>E-Mail: info@cacciatoscana.it<\/li><li>Telefon: +39 393 2123899<\/li><\/ul><\/div>\t\t\t\t\t\t<\/div>\n\t\t\t\t<\/div>\n\t\t\t\t\t<\/div>\n\t\t<\/div>\n\t\t\t\t<div class=\"elementor-column elementor-col-50 elementor-inner-column elementor-element elementor-element-74f3c32\" data-id=\"74f3c32\" data-element_type=\"column\">\n\t\t\t<div class=\"elementor-widget-wrap\">\n\t\t\t\t\t\t\t\t\t<\/div>\n\t\t<\/div>\n\t\t\t\t\t\t\t<\/div>\n\t\t<\/section>\n\t\t\t\t\t<\/div>\n\t\t<\/div>\n\t\t\t\t\t\t\t<\/div>\n\t\t<\/section>\n\t\t\t\t<section class=\"elementor-section elementor-top-section elementor-element elementor-element-8e5b790 elementor-section-full_width elementor-section-stretched elementor-section-height-default elementor-section-height-default\" data-id=\"8e5b790\" data-element_type=\"section\" data-settings=\"{&quot;background_background&quot;:&quot;classic&quot;,&quot;stretch_section&quot;:&quot;section-stretched&quot;}\">\n\t\t\t\t\t\t<div class=\"elementor-container elementor-column-gap-default\">\n\t\t\t\t\t<div class=\"elementor-column elementor-col-50 elementor-top-column elementor-element elementor-element-cfa0882\" data-id=\"cfa0882\" data-element_type=\"column\">\n\t\t\t<div class=\"elementor-widget-wrap elementor-element-populated\">\n\t\t\t\t\t\t\t\t<div class=\"elementor-element elementor-element-94151fa elementor-widget elementor-widget-video\" data-id=\"94151fa\" data-element_type=\"widget\" data-settings=\"{&quot;youtube_url&quot;:&quot;https:\\\/\\\/www.youtube.com\\\/watch?v=5SfRBsHI0Lg&quot;,&quot;video_type&quot;:&quot;youtube&quot;,&quot;controls&quot;:&quot;yes&quot;}\" data-widget_type=\"video.default\">\n\t\t\t\t<div class=\"elementor-widget-container\">\n\t\t\t<style>\/*! elementor - v3.17.0 - 08-11-2023 *\/\n.elementor-widget-video .elementor-widget-container{overflow:hidden;transform:translateZ(0)}.elementor-widget-video .elementor-wrapper{aspect-ratio:var(--video-aspect-ratio)}.elementor-widget-video .elementor-wrapper iframe,.elementor-widget-video .elementor-wrapper video{height:100%;width:100%;display:flex;border:none;background-color:#000}@supports not (aspect-ratio:1\/1){.elementor-widget-video .elementor-wrapper{position:relative;overflow:hidden;height:0;padding-bottom:calc(100% \/ var(--video-aspect-ratio))}.elementor-widget-video .elementor-wrapper iframe,.elementor-widget-video .elementor-wrapper video{position:absolute;top:0;right:0;bottom:0;left:0}}.elementor-widget-video .elementor-open-inline .elementor-custom-embed-image-overlay{position:absolute;top:0;right:0;bottom:0;left:0;background-size:cover;background-position:50%}.elementor-widget-video .elementor-custom-embed-image-overlay{cursor:pointer;text-align:center}.elementor-widget-video .elementor-custom-embed-image-overlay:hover .elementor-custom-embed-play i{opacity:1}.elementor-widget-video .elementor-custom-embed-image-overlay img{display:block;width:100%;aspect-ratio:var(--video-aspect-ratio);-o-object-fit:cover;object-fit:cover;-o-object-position:center center;object-position:center center}@supports not (aspect-ratio:1\/1){.elementor-widget-video .elementor-custom-embed-image-overlay{position:relative;overflow:hidden;height:0;padding-bottom:calc(100% \/ var(--video-aspect-ratio))}.elementor-widget-video .elementor-custom-embed-image-overlay img{position:absolute;top:0;right:0;bottom:0;left:0}}.elementor-widget-video .e-hosted-video .elementor-video{-o-object-fit:cover;object-fit:cover}.e-con-inner>.elementor-widget-video,.e-con>.elementor-widget-video{width:var(--container-widget-width);--flex-grow:var(--container-widget-flex-grow)}<\/style>\t\t<div class=\"elementor-wrapper elementor-open-inline\">\n\t\t\t<div class=\"elementor-video\"><\/div>\t\t<\/div>\n\t\t\t\t<\/div>\n\t\t\t\t<\/div>\n\t\t\t\t\t<\/div>\n\t\t<\/div>\n\t\t\t\t<div class=\"elementor-column elementor-col-50 elementor-top-column elementor-element elementor-element-20fe78f\" data-id=\"20fe78f\" data-element_type=\"column\">\n\t\t\t<div class=\"elementor-widget-wrap elementor-element-populated\">\n\t\t\t\t\t\t\t\t<div class=\"elementor-element elementor-element-d650f6c gallery-spacing-custom elementor-widget elementor-widget-image-gallery\" data-id=\"d650f6c\" data-element_type=\"widget\" data-widget_type=\"image-gallery.default\">\n\t\t\t\t<div class=\"elementor-widget-container\">\n\t\t\t<style>\/*! elementor - v3.17.0 - 08-11-2023 *\/\n.elementor-image-gallery .gallery-item{display:inline-block;text-align:center;vertical-align:top;width:100%;max-width:100%;margin:0 auto}.elementor-image-gallery .gallery-item img{margin:0 auto}.elementor-image-gallery .gallery-item .gallery-caption{margin:0}.elementor-image-gallery figure img{display:block}.elementor-image-gallery figure figcaption{width:100%}.gallery-spacing-custom .elementor-image-gallery .gallery-icon{padding:0}@media (min-width:768px){.elementor-image-gallery .gallery-columns-2 .gallery-item{max-width:50%}.elementor-image-gallery .gallery-columns-3 .gallery-item{max-width:33.33%}.elementor-image-gallery .gallery-columns-4 .gallery-item{max-width:25%}.elementor-image-gallery .gallery-columns-5 .gallery-item{max-width:20%}.elementor-image-gallery .gallery-columns-6 .gallery-item{max-width:16.666%}.elementor-image-gallery .gallery-columns-7 .gallery-item{max-width:14.28%}.elementor-image-gallery .gallery-columns-8 .gallery-item{max-width:12.5%}.elementor-image-gallery .gallery-columns-9 .gallery-item{max-width:11.11%}.elementor-image-gallery .gallery-columns-10 .gallery-item{max-width:10%}}@media (min-width:480px) and (max-width:767px){.elementor-image-gallery .gallery.gallery-columns-2 .gallery-item,.elementor-image-gallery .gallery.gallery-columns-3 .gallery-item,.elementor-image-gallery .gallery.gallery-columns-4 .gallery-item,.elementor-image-gallery .gallery.gallery-columns-5 .gallery-item,.elementor-image-gallery .gallery.gallery-columns-6 .gallery-item,.elementor-image-gallery .gallery.gallery-columns-7 .gallery-item,.elementor-image-gallery .gallery.gallery-columns-8 .gallery-item,.elementor-image-gallery .gallery.gallery-columns-9 .gallery-item,.elementor-image-gallery .gallery.gallery-columns-10 .gallery-item{max-width:50%}}@media (max-width:479px){.elementor-image-gallery .gallery.gallery-columns-2 .gallery-item,.elementor-image-gallery .gallery.gallery-columns-3 .gallery-item,.elementor-image-gallery .gallery.gallery-columns-4 .gallery-item,.elementor-image-gallery .gallery.gallery-columns-5 .gallery-item,.elementor-image-gallery .gallery.gallery-columns-6 .gallery-item,.elementor-image-gallery .gallery.gallery-columns-7 .gallery-item,.elementor-image-gallery .gallery.gallery-columns-8 .gallery-item,.elementor-image-gallery .gallery.gallery-columns-9 .gallery-item,.elementor-image-gallery .gallery.gallery-columns-10 .gallery-item{max-width:100%}}<\/style>\t\t<div class=\"elementor-image-gallery\">\n\t\t\t<div id='gallery-1' class='gallery galleryid-7700 gallery-columns-3 gallery-size-portfolio_item-thumbnail'><figure class='gallery-item'>\n\t\t\t<div class='gallery-icon portrait'>\n\t\t\t\t<a data-elementor-open-lightbox=\"yes\" data-elementor-lightbox-slideshow=\"d650f6c\" data-elementor-lightbox-title=\"WhatsApp Image 2023-06-19 at 20.40.00 (1)\" data-e-action-hash=\"#elementor-action%3Aaction%3Dlightbox%26settings%3DeyJpZCI6NzE5OCwidXJsIjoiaHR0cHM6XC9cL3d3dy5jYWNjaWF0b3NjYW5hLmNvbVwvMjAyM1wvd3AtY29udGVudFwvdXBsb2Fkc1wvMjAyM1wvMDZcL1doYXRzQXBwLUltYWdlLTIwMjMtMDYtMTktYXQtMjAuNDAuMDAtMS5qcGVnIiwic2xpZGVzaG93IjoiZDY1MGY2YyJ9\" href='https:\/\/www.cacciatoscana.com\/2023\/wp-content\/uploads\/2023\/06\/WhatsApp-Image-2023-06-19-at-20.40.00-1.jpeg'><img loading=\"lazy\" decoding=\"async\" width=\"600\" height=\"400\" src=\"https:\/\/www.cacciatoscana.com\/2023\/wp-content\/uploads\/2023\/06\/WhatsApp-Image-2023-06-19-at-20.40.00-1-600x400.jpeg\" class=\"attachment-portfolio_item-thumbnail size-portfolio_item-thumbnail\" alt=\"\" sizes=\"auto, 100vw\" \/><\/a>\n\t\t\t<\/div><\/figure><figure class='gallery-item'>\n\t\t\t<div class='gallery-icon portrait'>\n\t\t\t\t<a data-elementor-open-lightbox=\"yes\" data-elementor-lightbox-slideshow=\"d650f6c\" data-elementor-lightbox-title=\"WhatsApp Image 2023-06-19 at 20.40.00 (2)\" data-e-action-hash=\"#elementor-action%3Aaction%3Dlightbox%26settings%3DeyJpZCI6NzE5OSwidXJsIjoiaHR0cHM6XC9cL3d3dy5jYWNjaWF0b3NjYW5hLmNvbVwvMjAyM1wvd3AtY29udGVudFwvdXBsb2Fkc1wvMjAyM1wvMDZcL1doYXRzQXBwLUltYWdlLTIwMjMtMDYtMTktYXQtMjAuNDAuMDAtMi5qcGVnIiwic2xpZGVzaG93IjoiZDY1MGY2YyJ9\" href='https:\/\/www.cacciatoscana.com\/2023\/wp-content\/uploads\/2023\/06\/WhatsApp-Image-2023-06-19-at-20.40.00-2.jpeg'><img loading=\"lazy\" decoding=\"async\" width=\"600\" height=\"400\" src=\"https:\/\/www.cacciatoscana.com\/2023\/wp-content\/uploads\/2023\/06\/WhatsApp-Image-2023-06-19-at-20.40.00-2-600x400.jpeg\" class=\"attachment-portfolio_item-thumbnail size-portfolio_item-thumbnail\" alt=\"\" sizes=\"auto, 100vw\" \/><\/a>\n\t\t\t<\/div><\/figure><figure class='gallery-item'>\n\t\t\t<div class='gallery-icon landscape'>\n\t\t\t\t<a data-elementor-open-lightbox=\"yes\" data-elementor-lightbox-slideshow=\"d650f6c\" data-elementor-lightbox-title=\"WhatsApp Image 2023-06-19 at 20.40.00\" data-e-action-hash=\"#elementor-action%3Aaction%3Dlightbox%26settings%3DeyJpZCI6NzIwMCwidXJsIjoiaHR0cHM6XC9cL3d3dy5jYWNjaWF0b3NjYW5hLmNvbVwvMjAyM1wvd3AtY29udGVudFwvdXBsb2Fkc1wvMjAyM1wvMDZcL1doYXRzQXBwLUltYWdlLTIwMjMtMDYtMTktYXQtMjAuNDAuMDAuanBlZyIsInNsaWRlc2hvdyI6ImQ2NTBmNmMifQ%3D%3D\" href='https:\/\/www.cacciatoscana.com\/2023\/wp-content\/uploads\/2023\/06\/WhatsApp-Image-2023-06-19-at-20.40.00.jpeg'><img loading=\"lazy\" decoding=\"async\" width=\"600\" height=\"400\" src=\"https:\/\/www.cacciatoscana.com\/2023\/wp-content\/uploads\/2023\/06\/WhatsApp-Image-2023-06-19-at-20.40.00-600x400.jpeg\" class=\"attachment-portfolio_item-thumbnail size-portfolio_item-thumbnail\" alt=\"\" sizes=\"auto, 100vw\" \/><\/a>\n\t\t\t<\/div><\/figure><figure class='gallery-item'>\n\t\t\t<div class='gallery-icon portrait'>\n\t\t\t\t<a data-elementor-open-lightbox=\"yes\" data-elementor-lightbox-slideshow=\"d650f6c\" data-elementor-lightbox-title=\"WhatsApp Image 2023-06-19 at 20.40.01 (1)\" data-e-action-hash=\"#elementor-action%3Aaction%3Dlightbox%26settings%3DeyJpZCI6NzIwMSwidXJsIjoiaHR0cHM6XC9cL3d3dy5jYWNjaWF0b3NjYW5hLmNvbVwvMjAyM1wvd3AtY29udGVudFwvdXBsb2Fkc1wvMjAyM1wvMDZcL1doYXRzQXBwLUltYWdlLTIwMjMtMDYtMTktYXQtMjAuNDAuMDEtMS5qcGVnIiwic2xpZGVzaG93IjoiZDY1MGY2YyJ9\" href='https:\/\/www.cacciatoscana.com\/2023\/wp-content\/uploads\/2023\/06\/WhatsApp-Image-2023-06-19-at-20.40.01-1.jpeg'><img loading=\"lazy\" decoding=\"async\" width=\"600\" height=\"400\" src=\"https:\/\/www.cacciatoscana.com\/2023\/wp-content\/uploads\/2023\/06\/WhatsApp-Image-2023-06-19-at-20.40.01-1-600x400.jpeg\" class=\"attachment-portfolio_item-thumbnail size-portfolio_item-thumbnail\" alt=\"\" sizes=\"auto, 100vw\" \/><\/a>\n\t\t\t<\/div><\/figure><figure class='gallery-item'>\n\t\t\t<div class='gallery-icon landscape'>\n\t\t\t\t<a data-elementor-open-lightbox=\"yes\" data-elementor-lightbox-slideshow=\"d650f6c\" data-elementor-lightbox-title=\"WhatsApp Image 2023-06-19 at 20.40.01 (2)\" data-e-action-hash=\"#elementor-action%3Aaction%3Dlightbox%26settings%3DeyJpZCI6NzIwMiwidXJsIjoiaHR0cHM6XC9cL3d3dy5jYWNjaWF0b3NjYW5hLmNvbVwvMjAyM1wvd3AtY29udGVudFwvdXBsb2Fkc1wvMjAyM1wvMDZcL1doYXRzQXBwLUltYWdlLTIwMjMtMDYtMTktYXQtMjAuNDAuMDEtMi5qcGVnIiwic2xpZGVzaG93IjoiZDY1MGY2YyJ9\" href='https:\/\/www.cacciatoscana.com\/2023\/wp-content\/uploads\/2023\/06\/WhatsApp-Image-2023-06-19-at-20.40.01-2.jpeg'><img loading=\"lazy\" decoding=\"async\" width=\"600\" height=\"400\" src=\"https:\/\/www.cacciatoscana.com\/2023\/wp-content\/uploads\/2023\/06\/WhatsApp-Image-2023-06-19-at-20.40.01-2-600x400.jpeg\" class=\"attachment-portfolio_item-thumbnail size-portfolio_item-thumbnail\" alt=\"\" sizes=\"auto, 100vw\" \/><\/a>\n\t\t\t<\/div><\/figure><figure class='gallery-item'>\n\t\t\t<div class='gallery-icon landscape'>\n\t\t\t\t<a data-elementor-open-lightbox=\"yes\" data-elementor-lightbox-slideshow=\"d650f6c\" data-elementor-lightbox-title=\"WhatsApp Image 2023-06-19 at 20.40.01 (3)\" data-e-action-hash=\"#elementor-action%3Aaction%3Dlightbox%26settings%3DeyJpZCI6NzIwMywidXJsIjoiaHR0cHM6XC9cL3d3dy5jYWNjaWF0b3NjYW5hLmNvbVwvMjAyM1wvd3AtY29udGVudFwvdXBsb2Fkc1wvMjAyM1wvMDZcL1doYXRzQXBwLUltYWdlLTIwMjMtMDYtMTktYXQtMjAuNDAuMDEtMy5qcGVnIiwic2xpZGVzaG93IjoiZDY1MGY2YyJ9\" href='https:\/\/www.cacciatoscana.com\/2023\/wp-content\/uploads\/2023\/06\/WhatsApp-Image-2023-06-19-at-20.40.01-3.jpeg'><img loading=\"lazy\" decoding=\"async\" width=\"600\" height=\"400\" src=\"https:\/\/www.cacciatoscana.com\/2023\/wp-content\/uploads\/2023\/06\/WhatsApp-Image-2023-06-19-at-20.40.01-3-600x400.jpeg\" class=\"attachment-portfolio_item-thumbnail size-portfolio_item-thumbnail\" alt=\"\" sizes=\"auto, 100vw\" \/><\/a>\n\t\t\t<\/div><\/figure><figure class='gallery-item'>\n\t\t\t<div class='gallery-icon landscape'>\n\t\t\t\t<a data-elementor-open-lightbox=\"yes\" data-elementor-lightbox-slideshow=\"d650f6c\" data-elementor-lightbox-title=\"WhatsApp Image 2023-06-19 at 20.40.01 (6)\" data-e-action-hash=\"#elementor-action%3Aaction%3Dlightbox%26settings%3DeyJpZCI6NzIwNiwidXJsIjoiaHR0cHM6XC9cL3d3dy5jYWNjaWF0b3NjYW5hLmNvbVwvMjAyM1wvd3AtY29udGVudFwvdXBsb2Fkc1wvMjAyM1wvMDZcL1doYXRzQXBwLUltYWdlLTIwMjMtMDYtMTktYXQtMjAuNDAuMDEtNi5qcGVnIiwic2xpZGVzaG93IjoiZDY1MGY2YyJ9\" href='https:\/\/www.cacciatoscana.com\/2023\/wp-content\/uploads\/2023\/06\/WhatsApp-Image-2023-06-19-at-20.40.01-6.jpeg'><img loading=\"lazy\" decoding=\"async\" width=\"600\" height=\"400\" src=\"https:\/\/www.cacciatoscana.com\/2023\/wp-content\/uploads\/2023\/06\/WhatsApp-Image-2023-06-19-at-20.40.01-6-600x400.jpeg\" class=\"attachment-portfolio_item-thumbnail size-portfolio_item-thumbnail\" alt=\"\" sizes=\"auto, 100vw\" \/><\/a>\n\t\t\t<\/div><\/figure>\n\t\t<\/div>\n\t\t<\/div>\n\t\t\t\t<\/div>\n\t\t\t\t<\/div>\n\t\t\t\t\t<\/div>\n\t\t<\/div>\n\t\t\t\t\t\t\t<\/div>\n\t\t<\/section>\n\t\t\t\t\t\t\t<\/div>\n\t\t","protected":false},"excerpt":{"rendered":"<p>Damhirsche, Rehe, Rothirsche, Wildschweine und Mufflons verf\u00fcgen \u00fcber ein sehr feines Geh\u00f6r, erfordern perfekte Tarnung und maximale Ruhe. Die beste Art, diese Huftiere zu jagen, ist zweifellos die Jagd von einem Hochsitz. Aus einigen Metern H\u00f6he \u00fcber dem Boden haben Sie einen besseren Beobachtungspunkt und eine effektivere Tarnung gegen\u00fcber der Umgebung. Eine gute alternative Methode &hellip; <\/p>\n<p class=\"link-more\"><a href=\"https:\/\/www.cacciatoscana.com\/2023\/de\/jagd-auf-huftiere\/\" class=\"more-link\">Read more<span class=\"screen-reader-text\"> &#8220;Jagd auf Huftiere&#8221;<\/span><\/a><\/p>\n","protected":false},"author":1,"featured_media":7204,"parent":0,"menu_order":0,"comment_status":"closed","ping_status":"closed","template":"","meta":{"footnotes":""},"class_list":["post-7700","page","type-page","status-publish","has-post-thumbnail","hentry"],"featured_media_urls":{"thumbnail":["https:\/\/www.cacciatoscana.com\/2023\/wp-content\/uploads\/2023\/06\/WhatsApp-Image-2023-06-19-at-20.40.01-4-150x150.jpeg",150,150,true],"medium":["https:\/\/www.cacciatoscana.com\/2023\/wp-content\/uploads\/2023\/06\/WhatsApp-Image-2023-06-19-at-20.40.01-4-300x168.jpeg",300,168,true],"medium_large":["https:\/\/www.cacciatoscana.com\/2023\/wp-content\/uploads\/2023\/06\/WhatsApp-Image-2023-06-19-at-20.40.01-4-768x430.jpeg",768,430,true],"large":["https:\/\/www.cacciatoscana.com\/2023\/wp-content\/uploads\/2023\/06\/WhatsApp-Image-2023-06-19-at-20.40.01-4-1024x573.jpeg",950,532,true],"1536x1536":["https:\/\/www.cacciatoscana.com\/2023\/wp-content\/uploads\/2023\/06\/WhatsApp-Image-2023-06-19-at-20.40.01-4.jpeg",1080,604,false],"2048x2048":["https:\/\/www.cacciatoscana.com\/2023\/wp-content\/uploads\/2023\/06\/WhatsApp-Image-2023-06-19-at-20.40.01-4.jpeg",1080,604,false],"inspiro-featured-image":["https:\/\/www.cacciatoscana.com\/2023\/wp-content\/uploads\/2023\/06\/WhatsApp-Image-2023-06-19-at-20.40.01-4.jpeg",1080,604,false],"inspiro-loop":["https:\/\/www.cacciatoscana.com\/2023\/wp-content\/uploads\/2023\/06\/WhatsApp-Image-2023-06-19-at-20.40.01-4-950x320.jpeg",950,320,true],"inspiro-loop@2x":["https:\/\/www.cacciatoscana.com\/2023\/wp-content\/uploads\/2023\/06\/WhatsApp-Image-2023-06-19-at-20.40.01-4.jpeg",1080,604,false],"portfolio_item-thumbnail":["https:\/\/www.cacciatoscana.com\/2023\/wp-content\/uploads\/2023\/06\/WhatsApp-Image-2023-06-19-at-20.40.01-4-600x400.jpeg",600,400,true],"portfolio_item-thumbnail@2x":["https:\/\/www.cacciatoscana.com\/2023\/wp-content\/uploads\/2023\/06\/WhatsApp-Image-2023-06-19-at-20.40.01-4.jpeg",1080,604,false],"portfolio_item-masonry":["https:\/\/www.cacciatoscana.com\/2023\/wp-content\/uploads\/2023\/06\/WhatsApp-Image-2023-06-19-at-20.40.01-4-600x336.jpeg",600,336,true],"portfolio_item-masonry@2x":["https:\/\/www.cacciatoscana.com\/2023\/wp-content\/uploads\/2023\/06\/WhatsApp-Image-2023-06-19-at-20.40.01-4.jpeg",1080,604,false],"portfolio_item-thumbnail_cinema":["https:\/\/www.cacciatoscana.com\/2023\/wp-content\/uploads\/2023\/06\/WhatsApp-Image-2023-06-19-at-20.40.01-4-800x335.jpeg",800,335,true],"portfolio_item-thumbnail_portrait":["https:\/\/www.cacciatoscana.com\/2023\/wp-content\/uploads\/2023\/06\/WhatsApp-Image-2023-06-19-at-20.40.01-4-600x604.jpeg",600,604,true],"portfolio_item-thumbnail_portrait@2x":["https:\/\/www.cacciatoscana.com\/2023\/wp-content\/uploads\/2023\/06\/WhatsApp-Image-2023-06-19-at-20.40.01-4.jpeg",1080,604,false],"portfolio_item-thumbnail_square":["https:\/\/www.cacciatoscana.com\/2023\/wp-content\/uploads\/2023\/06\/WhatsApp-Image-2023-06-19-at-20.40.01-4-800x604.jpeg",800,604,true]},"_links":{"self":[{"href":"https:\/\/www.cacciatoscana.com\/2023\/wp-json\/wp\/v2\/pages\/7700","targetHints":{"allow":["GET"]}}],"collection":[{"href":"https:\/\/www.cacciatoscana.com\/2023\/wp-json\/wp\/v2\/pages"}],"about":[{"href":"https:\/\/www.cacciatoscana.com\/2023\/wp-json\/wp\/v2\/types\/page"}],"author":[{"embeddable":true,"href":"https:\/\/www.cacciatoscana.com\/2023\/wp-json\/wp\/v2\/users\/1"}],"replies":[{"embeddable":true,"href":"https:\/\/www.cacciatoscana.com\/2023\/wp-json\/wp\/v2\/comments?post=7700"}],"version-history":[{"count":7,"href":"https:\/\/www.cacciatoscana.com\/2023\/wp-json\/wp\/v2\/pages\/7700\/revisions"}],"predecessor-version":[{"id":8555,"href":"https:\/\/www.cacciatoscana.com\/2023\/wp-json\/wp\/v2\/pages\/7700\/revisions\/8555"}],"wp:featuredmedia":[{"embeddable":true,"href":"https:\/\/www.cacciatoscana.com\/2023\/wp-json\/wp\/v2\/media\/7204"}],"wp:attachment":[{"href":"https:\/\/www.cacciatoscana.com\/2023\/wp-json\/wp\/v2\/media?parent=7700"}],"curies":[{"name":"wp","href":"https:\/\/api.w.org\/{rel}","templated":true}]}}