{"id":7645,"date":"2023-07-13T17:18:47","date_gmt":"2023-07-13T17:18:47","guid":{"rendered":"https:\/\/www.cacciatoscana.com\/2023\/?page_id=7645"},"modified":"2023-07-13T17:18:47","modified_gmt":"2023-07-13T17:18:47","slug":"visita-a-la-fabrica-de-armas-cosmi","status":"publish","type":"page","link":"https:\/\/www.cacciatoscana.com\/2023\/es\/otros-servicios\/visita-a-la-fabrica-de-armas-cosmi\/","title":{"rendered":"Visita a la f\u00e1brica de armas Cosmi"},"content":{"rendered":"\r\n\r\nEN EL MARAVILLOSO ENTORNO DE LA RIVIERA DEL CONERO, LA EMPRESA COSMI, FUNDADA EN 1895 POR FAMILIA DEL MISMO APELLIDO, EST\u00c1 PREPARADA PARA RECIBIR A TODOS LOS AMANTES DE LAS ARMAS FINAS PARA CONDUCIRLOS A UN MUNDO \u00daNICO Y FASCINANTE, PARA DESCUBRIR LA SEMIAUTOM\u00c1TICA M\u00c1S HERMOSA DEL MUNDO.\r\n\r\nUBICADA A 250 KM DE LA FINCA DE CASTELVECCHIO, LA EMPRESA SE COMPLACE EN HOSPEDAR A TODAS LAS PERSONAS QUE AMAN LA CAZA Y EL TIRO DEPORTIVO PARA UNA EXCURSI\u00d3N ORGANIZADA PARA MOSTRAR Y HACER CONOCER EL MUNDO ARTESANAL QUE SIEMPRE HA SIDO EL PUNTO FUERTE DE ESTA JOYA DE LAS MARCAS.\r\n\r\n<img loading=\"lazy\" decoding=\"async\" class=\"alignnone wp-image-7112 size-full\" src=\"https:\/\/www.cacciatoscana.com\/2023\/wp-content\/uploads\/2017\/09\/IMG-20230616-WA0027.jpg\" alt=\"\" width=\"1600\" height=\"1201\" srcset=\"https:\/\/www.cacciatoscana.com\/2023\/wp-content\/uploads\/2017\/09\/IMG-20230616-WA0027.jpg 1600w, https:\/\/www.cacciatoscana.com\/2023\/wp-content\/uploads\/2017\/09\/IMG-20230616-WA0027-300x225.jpg 300w, https:\/\/www.cacciatoscana.com\/2023\/wp-content\/uploads\/2017\/09\/IMG-20230616-WA0027-1024x769.jpg 1024w, https:\/\/www.cacciatoscana.com\/2023\/wp-content\/uploads\/2017\/09\/IMG-20230616-WA0027-768x576.jpg 768w, https:\/\/www.cacciatoscana.com\/2023\/wp-content\/uploads\/2017\/09\/IMG-20230616-WA0027-1536x1153.jpg 1536w, https:\/\/www.cacciatoscana.com\/2023\/wp-content\/uploads\/2017\/09\/IMG-20230616-WA0027-600x450.jpg 600w\" sizes=\"auto, (max-width: 1600px) 100vw, 1600px\" \/> <img loading=\"lazy\" decoding=\"async\" class=\"alignnone wp-image-7111 size-full\" src=\"https:\/\/www.cacciatoscana.com\/2023\/wp-content\/uploads\/2017\/09\/IMG-20230616-WA0026.jpg\" alt=\"\" width=\"960\" height=\"1440\" srcset=\"https:\/\/www.cacciatoscana.com\/2023\/wp-content\/uploads\/2017\/09\/IMG-20230616-WA0026.jpg 960w, https:\/\/www.cacciatoscana.com\/2023\/wp-content\/uploads\/2017\/09\/IMG-20230616-WA0026-200x300.jpg 200w, https:\/\/www.cacciatoscana.com\/2023\/wp-content\/uploads\/2017\/09\/IMG-20230616-WA0026-683x1024.jpg 683w, https:\/\/www.cacciatoscana.com\/2023\/wp-content\/uploads\/2017\/09\/IMG-20230616-WA0026-768x1152.jpg 768w, https:\/\/www.cacciatoscana.com\/2023\/wp-content\/uploads\/2017\/09\/IMG-20230616-WA0026-600x900.jpg 600w\" sizes=\"auto, (max-width: 960px) 100vw, 960px\" \/>\r\n\r\n<img loading=\"lazy\" decoding=\"async\" class=\"aligncenter size-full wp-image-7110\" src=\"https:\/\/www.cacciatoscana.com\/2023\/wp-content\/uploads\/2017\/09\/IMG-20230616-WA0025.jpg\" alt=\"\" width=\"1403\" height=\"485\" srcset=\"https:\/\/www.cacciatoscana.com\/2023\/wp-content\/uploads\/2017\/09\/IMG-20230616-WA0025.jpg 1403w, https:\/\/www.cacciatoscana.com\/2023\/wp-content\/uploads\/2017\/09\/IMG-20230616-WA0025-300x104.jpg 300w, https:\/\/www.cacciatoscana.com\/2023\/wp-content\/uploads\/2017\/09\/IMG-20230616-WA0025-1024x354.jpg 1024w, https:\/\/www.cacciatoscana.com\/2023\/wp-content\/uploads\/2017\/09\/IMG-20230616-WA0025-768x265.jpg 768w, https:\/\/www.cacciatoscana.com\/2023\/wp-content\/uploads\/2017\/09\/IMG-20230616-WA0025-600x207.jpg 600w\" sizes=\"auto, (max-width: 1403px) 100vw, 1403px\" \/>\r\n\r\n","protected":false},"excerpt":{"rendered":"<p>EN EL MARAVILLOSO ENTORNO DE LA RIVIERA DEL CONERO, LA EMPRESA COSMI, FUNDADA EN 1895 POR FAMILIA DEL MISMO APELLIDO, EST\u00c1 PREPARADA PARA RECIBIR A TODOS LOS AMANTES DE LAS ARMAS FINAS PARA CONDUCIRLOS A UN MUNDO \u00daNICO Y FASCINANTE, PARA DESCUBRIR LA SEMIAUTOM\u00c1TICA M\u00c1S HERMOSA DEL MUNDO. UBICADA A 250 KM DE LA FINCA &hellip; <\/p>\n<p class=\"link-more\"><a href=\"https:\/\/www.cacciatoscana.com\/2023\/es\/otros-servicios\/visita-a-la-fabrica-de-armas-cosmi\/\" class=\"more-link\">Read more<span class=\"screen-reader-text\"> &#8220;Visita a la f\u00e1brica de armas Cosmi&#8221;<\/span><\/a><\/p>\n","protected":false},"author":1,"featured_media":7186,"parent":7598,"menu_order":0,"comment_status":"closed","ping_status":"closed","template":"","meta":{"footnotes":""},"class_list":["post-7645","page","type-page","status-publish","has-post-thumbnail","hentry"],"featured_media_urls":{"thumbnail":["https:\/\/www.cacciatoscana.com\/2023\/wp-content\/uploads\/2017\/09\/WhatsApp-Image-2023-06-19-at-18.06.18-150x150.jpeg",150,150,true],"medium":["https:\/\/www.cacciatoscana.com\/2023\/wp-content\/uploads\/2017\/09\/WhatsApp-Image-2023-06-19-at-18.06.18-200x300.jpeg",200,300,true],"medium_large":["https:\/\/www.cacciatoscana.com\/2023\/wp-content\/uploads\/2017\/09\/WhatsApp-Image-2023-06-19-at-18.06.18-768x1153.jpeg",768,1153,true],"large":["https:\/\/www.cacciatoscana.com\/2023\/wp-content\/uploads\/2017\/09\/WhatsApp-Image-2023-06-19-at-18.06.18-682x1024.jpeg",682,1024,true],"1536x1536":["https:\/\/www.cacciatoscana.com\/2023\/wp-content\/uploads\/2017\/09\/WhatsApp-Image-2023-06-19-at-18.06.18-1023x1536.jpeg",1023,1536,true],"2048x2048":["https:\/\/www.cacciatoscana.com\/2023\/wp-content\/uploads\/2017\/09\/WhatsApp-Image-2023-06-19-at-18.06.18.jpeg",1066,1600,false],"inspiro-featured-image":["https:\/\/www.cacciatoscana.com\/2023\/wp-content\/uploads\/2017\/09\/WhatsApp-Image-2023-06-19-at-18.06.18.jpeg",1066,1600,false],"inspiro-loop":["https:\/\/www.cacciatoscana.com\/2023\/wp-content\/uploads\/2017\/09\/WhatsApp-Image-2023-06-19-at-18.06.18-950x320.jpeg",950,320,true],"inspiro-loop@2x":["https:\/\/www.cacciatoscana.com\/2023\/wp-content\/uploads\/2017\/09\/WhatsApp-Image-2023-06-19-at-18.06.18-1066x640.jpeg",1066,640,true],"portfolio_item-thumbnail":["https:\/\/www.cacciatoscana.com\/2023\/wp-content\/uploads\/2017\/09\/WhatsApp-Image-2023-06-19-at-18.06.18-600x400.jpeg",600,400,true],"portfolio_item-thumbnail@2x":["https:\/\/www.cacciatoscana.com\/2023\/wp-content\/uploads\/2017\/09\/WhatsApp-Image-2023-06-19-at-18.06.18.jpeg",533,800,false],"portfolio_item-masonry":["https:\/\/www.cacciatoscana.com\/2023\/wp-content\/uploads\/2017\/09\/WhatsApp-Image-2023-06-19-at-18.06.18-600x901.jpeg",600,901,true],"portfolio_item-masonry@2x":["https:\/\/www.cacciatoscana.com\/2023\/wp-content\/uploads\/2017\/09\/WhatsApp-Image-2023-06-19-at-18.06.18.jpeg",1066,1600,false],"portfolio_item-thumbnail_cinema":["https:\/\/www.cacciatoscana.com\/2023\/wp-content\/uploads\/2017\/09\/WhatsApp-Image-2023-06-19-at-18.06.18-800x335.jpeg",800,335,true],"portfolio_item-thumbnail_portrait":["https:\/\/www.cacciatoscana.com\/2023\/wp-content\/uploads\/2017\/09\/WhatsApp-Image-2023-06-19-at-18.06.18-600x900.jpeg",600,900,true],"portfolio_item-thumbnail_portrait@2x":["https:\/\/www.cacciatoscana.com\/2023\/wp-content\/uploads\/2017\/09\/WhatsApp-Image-2023-06-19-at-18.06.18.jpeg",1066,1600,false],"portfolio_item-thumbnail_square":["https:\/\/www.cacciatoscana.com\/2023\/wp-content\/uploads\/2017\/09\/WhatsApp-Image-2023-06-19-at-18.06.18-800x800.jpeg",800,800,true]},"_links":{"self":[{"href":"https:\/\/www.cacciatoscana.com\/2023\/wp-json\/wp\/v2\/pages\/7645","targetHints":{"allow":["GET"]}}],"collection":[{"href":"https:\/\/www.cacciatoscana.com\/2023\/wp-json\/wp\/v2\/pages"}],"about":[{"href":"https:\/\/www.cacciatoscana.com\/2023\/wp-json\/wp\/v2\/types\/page"}],"author":[{"embeddable":true,"href":"https:\/\/www.cacciatoscana.com\/2023\/wp-json\/wp\/v2\/users\/1"}],"replies":[{"embeddable":true,"href":"https:\/\/www.cacciatoscana.com\/2023\/wp-json\/wp\/v2\/comments?post=7645"}],"version-history":[{"count":1,"href":"https:\/\/www.cacciatoscana.com\/2023\/wp-json\/wp\/v2\/pages\/7645\/revisions"}],"predecessor-version":[{"id":7646,"href":"https:\/\/www.cacciatoscana.com\/2023\/wp-json\/wp\/v2\/pages\/7645\/revisions\/7646"}],"up":[{"embeddable":true,"href":"https:\/\/www.cacciatoscana.com\/2023\/wp-json\/wp\/v2\/pages\/7598"}],"wp:featuredmedia":[{"embeddable":true,"href":"https:\/\/www.cacciatoscana.com\/2023\/wp-json\/wp\/v2\/media\/7186"}],"wp:attachment":[{"href":"https:\/\/www.cacciatoscana.com\/2023\/wp-json\/wp\/v2\/media?parent=7645"}],"curies":[{"name":"wp","href":"https:\/\/api.w.org\/{rel}","templated":true}]}}