{"id":7643,"date":"2023-07-13T17:18:04","date_gmt":"2023-07-13T17:18:04","guid":{"rendered":"https:\/\/www.cacciatoscana.com\/2023\/?page_id=7643"},"modified":"2023-07-13T17:18:04","modified_gmt":"2023-07-13T17:18:04","slug":"visita-a-la-armeria-lenzerini","status":"publish","type":"page","link":"https:\/\/www.cacciatoscana.com\/2023\/es\/otros-servicios\/visita-a-la-armeria-lenzerini\/","title":{"rendered":"Visita a la Armer\u00eda Lenzerini"},"content":{"rendered":"<p>Armer\u00eda Lenzerini: Una excelencia italiana ubicada en Poggibonsi, en el coraz\u00f3n del Chianti, a unos 20 minutos en coche desde aqu\u00ed. La armer\u00eda ha estado activa en el sector durante 4 generaciones. Cien a\u00f1os de historia para una tienda orientada a la innovaci\u00f3n y la b\u00fasqueda de la calidad. Dispone de los mejores servicios para el cliente, desde la venta de colecciones \u00fanicas, visores y \u00f3pticas de \u00faltima generaci\u00f3n hasta accesorios de caza e indumentaria outdoor con las mejores marcas italianas e internacionales. Desde 1923 hasta la actualidad, la actividad ha ido creciendo hasta convertirse en un punto de referencia para todos los aficionados al sector.<\/p>\n<p><img loading=\"lazy\" decoding=\"async\" class=\"aligncenter size-full wp-image-7189\" src=\"https:\/\/www.cacciatoscana.com\/2023\/wp-content\/uploads\/2023\/06\/WhatsApp-Image-2023-06-19-at-18.12.34.jpeg\" alt=\"\" width=\"1504\" height=\"1000\" srcset=\"https:\/\/www.cacciatoscana.com\/2023\/wp-content\/uploads\/2023\/06\/WhatsApp-Image-2023-06-19-at-18.12.34.jpeg 1504w, https:\/\/www.cacciatoscana.com\/2023\/wp-content\/uploads\/2023\/06\/WhatsApp-Image-2023-06-19-at-18.12.34-300x199.jpeg 300w, https:\/\/www.cacciatoscana.com\/2023\/wp-content\/uploads\/2023\/06\/WhatsApp-Image-2023-06-19-at-18.12.34-1024x681.jpeg 1024w, https:\/\/www.cacciatoscana.com\/2023\/wp-content\/uploads\/2023\/06\/WhatsApp-Image-2023-06-19-at-18.12.34-768x511.jpeg 768w, https:\/\/www.cacciatoscana.com\/2023\/wp-content\/uploads\/2023\/06\/WhatsApp-Image-2023-06-19-at-18.12.34-600x399.jpeg 600w\" sizes=\"auto, (max-width: 1504px) 100vw, 1504px\" \/> <img loading=\"lazy\" decoding=\"async\" class=\"aligncenter size-full wp-image-7190\" src=\"https:\/\/www.cacciatoscana.com\/2023\/wp-content\/uploads\/2023\/06\/WhatsApp-Image-2023-06-19-at-18.12.33.jpeg\" alt=\"\" width=\"1600\" height=\"1066\" srcset=\"https:\/\/www.cacciatoscana.com\/2023\/wp-content\/uploads\/2023\/06\/WhatsApp-Image-2023-06-19-at-18.12.33.jpeg 1600w, https:\/\/www.cacciatoscana.com\/2023\/wp-content\/uploads\/2023\/06\/WhatsApp-Image-2023-06-19-at-18.12.33-300x200.jpeg 300w, https:\/\/www.cacciatoscana.com\/2023\/wp-content\/uploads\/2023\/06\/WhatsApp-Image-2023-06-19-at-18.12.33-1024x682.jpeg 1024w, https:\/\/www.cacciatoscana.com\/2023\/wp-content\/uploads\/2023\/06\/WhatsApp-Image-2023-06-19-at-18.12.33-768x512.jpeg 768w, https:\/\/www.cacciatoscana.com\/2023\/wp-content\/uploads\/2023\/06\/WhatsApp-Image-2023-06-19-at-18.12.33-1536x1023.jpeg 1536w, https:\/\/www.cacciatoscana.com\/2023\/wp-content\/uploads\/2023\/06\/WhatsApp-Image-2023-06-19-at-18.12.33-600x400.jpeg 600w\" sizes=\"auto, (max-width: 1600px) 100vw, 1600px\" \/><\/p>\n<p>Contacts:<br \/>\nCell:+39 3392129457<br \/>\nPhone: 0577936695<\/p>\n<p>Location:<br \/>\nVia Monte San Michele, 1 Poggibonsi(Siena).<\/p>\n<p>E-mail:<br \/>\n<a href=\"mailto:Info@armerialenzerini.it\">Info@armerialenzerini.it<\/a><\/p>\n<p>Website:<br \/>\n<a href=\"http:\/\/www.armerialenzerini.it\/\">http:\/\/www.armerialenzerini.it\/<\/a><\/p>\n","protected":false},"excerpt":{"rendered":"<p>Armer\u00eda Lenzerini: Una excelencia italiana ubicada en Poggibonsi, en el coraz\u00f3n del Chianti, a unos 20 minutos en coche desde aqu\u00ed. La armer\u00eda ha estado activa en el sector durante 4 generaciones. Cien a\u00f1os de historia para una tienda orientada a la innovaci\u00f3n y la b\u00fasqueda de la calidad. Dispone de los mejores servicios para &hellip; <\/p>\n<p class=\"link-more\"><a href=\"https:\/\/www.cacciatoscana.com\/2023\/es\/otros-servicios\/visita-a-la-armeria-lenzerini\/\" class=\"more-link\">Read more<span class=\"screen-reader-text\"> &#8220;Visita a la Armer\u00eda Lenzerini&#8221;<\/span><\/a><\/p>\n","protected":false},"author":1,"featured_media":7109,"parent":7598,"menu_order":0,"comment_status":"closed","ping_status":"closed","template":"","meta":{"footnotes":""},"class_list":["post-7643","page","type-page","status-publish","has-post-thumbnail","hentry"],"featured_media_urls":{"thumbnail":["https:\/\/www.cacciatoscana.com\/2023\/wp-content\/uploads\/2017\/09\/R7A8491-Recuperato-150x150.jpg",150,150,true],"medium":["https:\/\/www.cacciatoscana.com\/2023\/wp-content\/uploads\/2017\/09\/R7A8491-Recuperato-300x200.jpg",300,200,true],"medium_large":["https:\/\/www.cacciatoscana.com\/2023\/wp-content\/uploads\/2017\/09\/R7A8491-Recuperato-768x512.jpg",768,512,true],"large":["https:\/\/www.cacciatoscana.com\/2023\/wp-content\/uploads\/2017\/09\/R7A8491-Recuperato-1024x683.jpg",950,634,true],"1536x1536":["https:\/\/www.cacciatoscana.com\/2023\/wp-content\/uploads\/2017\/09\/R7A8491-Recuperato-1536x1024.jpg",1536,1024,true],"2048x2048":["https:\/\/www.cacciatoscana.com\/2023\/wp-content\/uploads\/2017\/09\/R7A8491-Recuperato-2048x1365.jpg",2048,1365,true],"inspiro-featured-image":["https:\/\/www.cacciatoscana.com\/2023\/wp-content\/uploads\/2017\/09\/R7A8491-Recuperato-2000x1333.jpg",2000,1333,true],"inspiro-loop":["https:\/\/www.cacciatoscana.com\/2023\/wp-content\/uploads\/2017\/09\/R7A8491-Recuperato-950x320.jpg",950,320,true],"inspiro-loop@2x":["https:\/\/www.cacciatoscana.com\/2023\/wp-content\/uploads\/2017\/09\/R7A8491-Recuperato-1900x640.jpg",1900,640,true],"portfolio_item-thumbnail":["https:\/\/www.cacciatoscana.com\/2023\/wp-content\/uploads\/2017\/09\/R7A8491-Recuperato-600x400.jpg",600,400,true],"portfolio_item-thumbnail@2x":["https:\/\/www.cacciatoscana.com\/2023\/wp-content\/uploads\/2017\/09\/R7A8491-Recuperato-scaled.jpg",1200,800,false],"portfolio_item-masonry":["https:\/\/www.cacciatoscana.com\/2023\/wp-content\/uploads\/2017\/09\/R7A8491-Recuperato-600x400.jpg",600,400,true],"portfolio_item-masonry@2x":["https:\/\/www.cacciatoscana.com\/2023\/wp-content\/uploads\/2017\/09\/R7A8491-Recuperato-scaled.jpg",1200,800,false],"portfolio_item-thumbnail_cinema":["https:\/\/www.cacciatoscana.com\/2023\/wp-content\/uploads\/2017\/09\/R7A8491-Recuperato-800x335.jpg",800,335,true],"portfolio_item-thumbnail_portrait":["https:\/\/www.cacciatoscana.com\/2023\/wp-content\/uploads\/2017\/09\/R7A8491-Recuperato-600x900.jpg",600,900,true],"portfolio_item-thumbnail_portrait@2x":["https:\/\/www.cacciatoscana.com\/2023\/wp-content\/uploads\/2017\/09\/R7A8491-Recuperato-scaled.jpg",1200,800,false],"portfolio_item-thumbnail_square":["https:\/\/www.cacciatoscana.com\/2023\/wp-content\/uploads\/2017\/09\/R7A8491-Recuperato-800x800.jpg",800,800,true]},"_links":{"self":[{"href":"https:\/\/www.cacciatoscana.com\/2023\/wp-json\/wp\/v2\/pages\/7643","targetHints":{"allow":["GET"]}}],"collection":[{"href":"https:\/\/www.cacciatoscana.com\/2023\/wp-json\/wp\/v2\/pages"}],"about":[{"href":"https:\/\/www.cacciatoscana.com\/2023\/wp-json\/wp\/v2\/types\/page"}],"author":[{"embeddable":true,"href":"https:\/\/www.cacciatoscana.com\/2023\/wp-json\/wp\/v2\/users\/1"}],"replies":[{"embeddable":true,"href":"https:\/\/www.cacciatoscana.com\/2023\/wp-json\/wp\/v2\/comments?post=7643"}],"version-history":[{"count":1,"href":"https:\/\/www.cacciatoscana.com\/2023\/wp-json\/wp\/v2\/pages\/7643\/revisions"}],"predecessor-version":[{"id":7644,"href":"https:\/\/www.cacciatoscana.com\/2023\/wp-json\/wp\/v2\/pages\/7643\/revisions\/7644"}],"up":[{"embeddable":true,"href":"https:\/\/www.cacciatoscana.com\/2023\/wp-json\/wp\/v2\/pages\/7598"}],"wp:featuredmedia":[{"embeddable":true,"href":"https:\/\/www.cacciatoscana.com\/2023\/wp-json\/wp\/v2\/media\/7109"}],"wp:attachment":[{"href":"https:\/\/www.cacciatoscana.com\/2023\/wp-json\/wp\/v2\/media?parent=7643"}],"curies":[{"name":"wp","href":"https:\/\/api.w.org\/{rel}","templated":true}]}}