{"id":7641,"date":"2023-07-13T17:17:11","date_gmt":"2023-07-13T17:17:11","guid":{"rendered":"https:\/\/www.cacciatoscana.com\/2023\/?page_id=7641"},"modified":"2023-07-13T17:17:11","modified_gmt":"2023-07-13T17:17:11","slug":"senderismo","status":"publish","type":"page","link":"https:\/\/www.cacciatoscana.com\/2023\/es\/otros-servicios\/senderismo\/","title":{"rendered":"Senderismo"},"content":{"rendered":"<p>Un gu\u00eda especializado, el mejor del sector, lo acompa\u00f1ar\u00e1 en la campi\u00f1a toscana, practicando recorridos aptos a cualquier exigencia. \u00a1Una experiencia que lo sumergir\u00e1 en la naturaleza y la belleza de uno de los paisajes m\u00e1s famosos del mundo, el Chianti! Descubrir y caminar entre vi\u00f1edos, bosques y arroyos, encontrando iglesias y testimonios de antiguos castillos que controlaban las v\u00edas de comunicaci\u00f3n que discurr\u00edan por estas hermosas colinas que hoy dan al mundo uno de los vinos m\u00e1s conocidos, el Chianti Classico.<\/p>\n<p>Posibilidad de visitar las principales ciudades y descubrir la historia y la magia de la zona.<\/p>\n<p><img loading=\"lazy\" decoding=\"async\" class=\"aligncenter size-full wp-image-7115\" src=\"https:\/\/www.cacciatoscana.com\/2023\/wp-content\/uploads\/2017\/09\/borghi-castelli-3-900x604-1.jpeg\" alt=\"\" width=\"900\" height=\"604\" srcset=\"https:\/\/www.cacciatoscana.com\/2023\/wp-content\/uploads\/2017\/09\/borghi-castelli-3-900x604-1.jpeg 900w, https:\/\/www.cacciatoscana.com\/2023\/wp-content\/uploads\/2017\/09\/borghi-castelli-3-900x604-1-300x201.jpeg 300w, https:\/\/www.cacciatoscana.com\/2023\/wp-content\/uploads\/2017\/09\/borghi-castelli-3-900x604-1-768x515.jpeg 768w, https:\/\/www.cacciatoscana.com\/2023\/wp-content\/uploads\/2017\/09\/borghi-castelli-3-900x604-1-600x403.jpeg 600w\" sizes=\"auto, (max-width: 900px) 100vw, 900px\" \/> <img loading=\"lazy\" decoding=\"async\" class=\"aligncenter size-full wp-image-7116\" src=\"https:\/\/www.cacciatoscana.com\/2023\/wp-content\/uploads\/2017\/09\/casa-mia-1-900x604-1.jpg\" alt=\"\" width=\"900\" height=\"604\" srcset=\"https:\/\/www.cacciatoscana.com\/2023\/wp-content\/uploads\/2017\/09\/casa-mia-1-900x604-1.jpg 900w, https:\/\/www.cacciatoscana.com\/2023\/wp-content\/uploads\/2017\/09\/casa-mia-1-900x604-1-300x201.jpg 300w, https:\/\/www.cacciatoscana.com\/2023\/wp-content\/uploads\/2017\/09\/casa-mia-1-900x604-1-768x515.jpg 768w, https:\/\/www.cacciatoscana.com\/2023\/wp-content\/uploads\/2017\/09\/casa-mia-1-900x604-1-600x403.jpg 600w\" sizes=\"auto, (max-width: 900px) 100vw, 900px\" \/><\/p>\n","protected":false},"excerpt":{"rendered":"<p>Un gu\u00eda especializado, el mejor del sector, lo acompa\u00f1ar\u00e1 en la campi\u00f1a toscana, practicando recorridos aptos a cualquier exigencia. \u00a1Una experiencia que lo sumergir\u00e1 en la naturaleza y la belleza de uno de los paisajes m\u00e1s famosos del mundo, el Chianti! Descubrir y caminar entre vi\u00f1edos, bosques y arroyos, encontrando iglesias y testimonios de antiguos &hellip; <\/p>\n<p class=\"link-more\"><a href=\"https:\/\/www.cacciatoscana.com\/2023\/es\/otros-servicios\/senderismo\/\" class=\"more-link\">Read more<span class=\"screen-reader-text\"> &#8220;Senderismo&#8221;<\/span><\/a><\/p>\n","protected":false},"author":1,"featured_media":7117,"parent":7598,"menu_order":0,"comment_status":"closed","ping_status":"closed","template":"","meta":{"footnotes":""},"class_list":["post-7641","page","type-page","status-publish","has-post-thumbnail","hentry"],"featured_media_urls":{"thumbnail":["https:\/\/www.cacciatoscana.com\/2023\/wp-content\/uploads\/2017\/09\/storie_chianti_1-900x604-1-150x150.jpg",150,150,true],"medium":["https:\/\/www.cacciatoscana.com\/2023\/wp-content\/uploads\/2017\/09\/storie_chianti_1-900x604-1-300x201.jpg",300,201,true],"medium_large":["https:\/\/www.cacciatoscana.com\/2023\/wp-content\/uploads\/2017\/09\/storie_chianti_1-900x604-1-768x515.jpg",768,515,true],"large":["https:\/\/www.cacciatoscana.com\/2023\/wp-content\/uploads\/2017\/09\/storie_chianti_1-900x604-1.jpg",900,604,false],"1536x1536":["https:\/\/www.cacciatoscana.com\/2023\/wp-content\/uploads\/2017\/09\/storie_chianti_1-900x604-1.jpg",900,604,false],"2048x2048":["https:\/\/www.cacciatoscana.com\/2023\/wp-content\/uploads\/2017\/09\/storie_chianti_1-900x604-1.jpg",900,604,false],"inspiro-featured-image":["https:\/\/www.cacciatoscana.com\/2023\/wp-content\/uploads\/2017\/09\/storie_chianti_1-900x604-1.jpg",900,604,false],"inspiro-loop":["https:\/\/www.cacciatoscana.com\/2023\/wp-content\/uploads\/2017\/09\/storie_chianti_1-900x604-1-900x320.jpg",900,320,true],"inspiro-loop@2x":["https:\/\/www.cacciatoscana.com\/2023\/wp-content\/uploads\/2017\/09\/storie_chianti_1-900x604-1.jpg",900,604,false],"portfolio_item-thumbnail":["https:\/\/www.cacciatoscana.com\/2023\/wp-content\/uploads\/2017\/09\/storie_chianti_1-900x604-1-600x400.jpg",600,400,true],"portfolio_item-thumbnail@2x":["https:\/\/www.cacciatoscana.com\/2023\/wp-content\/uploads\/2017\/09\/storie_chianti_1-900x604-1.jpg",900,604,false],"portfolio_item-masonry":["https:\/\/www.cacciatoscana.com\/2023\/wp-content\/uploads\/2017\/09\/storie_chianti_1-900x604-1-600x403.jpg",600,403,true],"portfolio_item-masonry@2x":["https:\/\/www.cacciatoscana.com\/2023\/wp-content\/uploads\/2017\/09\/storie_chianti_1-900x604-1.jpg",900,604,false],"portfolio_item-thumbnail_cinema":["https:\/\/www.cacciatoscana.com\/2023\/wp-content\/uploads\/2017\/09\/storie_chianti_1-900x604-1-800x335.jpg",800,335,true],"portfolio_item-thumbnail_portrait":["https:\/\/www.cacciatoscana.com\/2023\/wp-content\/uploads\/2017\/09\/storie_chianti_1-900x604-1-600x604.jpg",600,604,true],"portfolio_item-thumbnail_portrait@2x":["https:\/\/www.cacciatoscana.com\/2023\/wp-content\/uploads\/2017\/09\/storie_chianti_1-900x604-1.jpg",900,604,false],"portfolio_item-thumbnail_square":["https:\/\/www.cacciatoscana.com\/2023\/wp-content\/uploads\/2017\/09\/storie_chianti_1-900x604-1-800x604.jpg",800,604,true]},"_links":{"self":[{"href":"https:\/\/www.cacciatoscana.com\/2023\/wp-json\/wp\/v2\/pages\/7641","targetHints":{"allow":["GET"]}}],"collection":[{"href":"https:\/\/www.cacciatoscana.com\/2023\/wp-json\/wp\/v2\/pages"}],"about":[{"href":"https:\/\/www.cacciatoscana.com\/2023\/wp-json\/wp\/v2\/types\/page"}],"author":[{"embeddable":true,"href":"https:\/\/www.cacciatoscana.com\/2023\/wp-json\/wp\/v2\/users\/1"}],"replies":[{"embeddable":true,"href":"https:\/\/www.cacciatoscana.com\/2023\/wp-json\/wp\/v2\/comments?post=7641"}],"version-history":[{"count":1,"href":"https:\/\/www.cacciatoscana.com\/2023\/wp-json\/wp\/v2\/pages\/7641\/revisions"}],"predecessor-version":[{"id":7642,"href":"https:\/\/www.cacciatoscana.com\/2023\/wp-json\/wp\/v2\/pages\/7641\/revisions\/7642"}],"up":[{"embeddable":true,"href":"https:\/\/www.cacciatoscana.com\/2023\/wp-json\/wp\/v2\/pages\/7598"}],"wp:featuredmedia":[{"embeddable":true,"href":"https:\/\/www.cacciatoscana.com\/2023\/wp-json\/wp\/v2\/media\/7117"}],"wp:attachment":[{"href":"https:\/\/www.cacciatoscana.com\/2023\/wp-json\/wp\/v2\/media?parent=7641"}],"curies":[{"name":"wp","href":"https:\/\/api.w.org\/{rel}","templated":true}]}}