{"id":7639,"date":"2023-07-13T17:16:28","date_gmt":"2023-07-13T17:16:28","guid":{"rendered":"https:\/\/www.cacciatoscana.com\/2023\/?page_id=7639"},"modified":"2023-07-13T17:16:28","modified_gmt":"2023-07-13T17:16:28","slug":"paseos-por-la-naturaleza-en-land-rover","status":"publish","type":"page","link":"https:\/\/www.cacciatoscana.com\/2023\/es\/otros-servicios\/paseos-por-la-naturaleza-en-land-rover\/","title":{"rendered":"Paseos por la naturaleza en Land Rover"},"content":{"rendered":"<p>En las espl\u00e9ndidas colinas toscanas, el ecosistema es muy variado. De hecho, podremos admirar las inmensas zonas boscosas, los campos de alfalfa, los vi\u00f1edos y los olivares, donde a los animales salvajes les encanta pasar sus d\u00edas. Lo que nosotros hacemos es volver realidad todo esto, transportarlo a un documental, poner a su disposici\u00f3n nuestro profundo conocimiento de la zona, su flora y su fauna.<\/p>\n<p>Lo pondremos en estrecho contacto con los animales salvajes y la naturaleza que los rodea; desde la seguridad de nuestros puntos de observaci\u00f3n, estrat\u00e9gicamente ubicados y bien escondidos, podr\u00e1 ver en directo y en completa exclusividad c\u00f3mo se comportan los animales a lo largo de su d\u00eda, sus h\u00e1bitos alimenticios y sociales.<\/p>\n<p><img loading=\"lazy\" decoding=\"async\" class=\"aligncenter size-full wp-image-7182\" src=\"https:\/\/www.cacciatoscana.com\/2023\/wp-content\/uploads\/2017\/09\/10013409_10202703568624117_1421014637_o.jpg\" alt=\"\" width=\"1280\" height=\"861\" srcset=\"https:\/\/www.cacciatoscana.com\/2023\/wp-content\/uploads\/2017\/09\/10013409_10202703568624117_1421014637_o.jpg 1280w, https:\/\/www.cacciatoscana.com\/2023\/wp-content\/uploads\/2017\/09\/10013409_10202703568624117_1421014637_o-300x202.jpg 300w, https:\/\/www.cacciatoscana.com\/2023\/wp-content\/uploads\/2017\/09\/10013409_10202703568624117_1421014637_o-1024x689.jpg 1024w, https:\/\/www.cacciatoscana.com\/2023\/wp-content\/uploads\/2017\/09\/10013409_10202703568624117_1421014637_o-768x517.jpg 768w, https:\/\/www.cacciatoscana.com\/2023\/wp-content\/uploads\/2017\/09\/10013409_10202703568624117_1421014637_o-600x404.jpg 600w\" sizes=\"auto, (max-width: 1280px) 100vw, 1280px\" \/> <img loading=\"lazy\" decoding=\"async\" class=\"aligncenter size-full wp-image-7183\" src=\"https:\/\/www.cacciatoscana.com\/2023\/wp-content\/uploads\/2017\/09\/DSC01008.jpg\" alt=\"\" width=\"1620\" height=\"1080\" srcset=\"https:\/\/www.cacciatoscana.com\/2023\/wp-content\/uploads\/2017\/09\/DSC01008.jpg 1620w, https:\/\/www.cacciatoscana.com\/2023\/wp-content\/uploads\/2017\/09\/DSC01008-300x200.jpg 300w, https:\/\/www.cacciatoscana.com\/2023\/wp-content\/uploads\/2017\/09\/DSC01008-1024x683.jpg 1024w, https:\/\/www.cacciatoscana.com\/2023\/wp-content\/uploads\/2017\/09\/DSC01008-768x512.jpg 768w, https:\/\/www.cacciatoscana.com\/2023\/wp-content\/uploads\/2017\/09\/DSC01008-1536x1024.jpg 1536w, https:\/\/www.cacciatoscana.com\/2023\/wp-content\/uploads\/2017\/09\/DSC01008-600x400.jpg 600w\" sizes=\"auto, (max-width: 1620px) 100vw, 1620px\" \/> <img loading=\"lazy\" decoding=\"async\" class=\"aligncenter size-full wp-image-7184\" src=\"https:\/\/www.cacciatoscana.com\/2023\/wp-content\/uploads\/2017\/09\/IMG-20230616-WA0013.jpg\" alt=\"\" width=\"1280\" height=\"720\" srcset=\"https:\/\/www.cacciatoscana.com\/2023\/wp-content\/uploads\/2017\/09\/IMG-20230616-WA0013.jpg 1280w, https:\/\/www.cacciatoscana.com\/2023\/wp-content\/uploads\/2017\/09\/IMG-20230616-WA0013-300x169.jpg 300w, https:\/\/www.cacciatoscana.com\/2023\/wp-content\/uploads\/2017\/09\/IMG-20230616-WA0013-1024x576.jpg 1024w, https:\/\/www.cacciatoscana.com\/2023\/wp-content\/uploads\/2017\/09\/IMG-20230616-WA0013-768x432.jpg 768w, https:\/\/www.cacciatoscana.com\/2023\/wp-content\/uploads\/2017\/09\/IMG-20230616-WA0013-600x338.jpg 600w\" sizes=\"auto, (max-width: 1280px) 100vw, 1280px\" \/><\/p>\n","protected":false},"excerpt":{"rendered":"<p>En las espl\u00e9ndidas colinas toscanas, el ecosistema es muy variado. De hecho, podremos admirar las inmensas zonas boscosas, los campos de alfalfa, los vi\u00f1edos y los olivares, donde a los animales salvajes les encanta pasar sus d\u00edas. Lo que nosotros hacemos es volver realidad todo esto, transportarlo a un documental, poner a su disposici\u00f3n nuestro &hellip; <\/p>\n<p class=\"link-more\"><a href=\"https:\/\/www.cacciatoscana.com\/2023\/es\/otros-servicios\/paseos-por-la-naturaleza-en-land-rover\/\" class=\"more-link\">Read more<span class=\"screen-reader-text\"> &#8220;Paseos por la naturaleza en Land Rover&#8221;<\/span><\/a><\/p>\n","protected":false},"author":1,"featured_media":6891,"parent":7598,"menu_order":0,"comment_status":"closed","ping_status":"closed","template":"","meta":{"footnotes":""},"class_list":["post-7639","page","type-page","status-publish","has-post-thumbnail","hentry"],"featured_media_urls":{"thumbnail":["https:\/\/www.cacciatoscana.com\/2023\/wp-content\/uploads\/2017\/09\/rover-150x150.jpg",150,150,true],"medium":["https:\/\/www.cacciatoscana.com\/2023\/wp-content\/uploads\/2017\/09\/rover-300x200.jpg",300,200,true],"medium_large":["https:\/\/www.cacciatoscana.com\/2023\/wp-content\/uploads\/2017\/09\/rover-768x512.jpg",768,512,true],"large":["https:\/\/www.cacciatoscana.com\/2023\/wp-content\/uploads\/2017\/09\/rover-1024x683.jpg",950,634,true],"1536x1536":["https:\/\/www.cacciatoscana.com\/2023\/wp-content\/uploads\/2017\/09\/rover-1536x1024.jpg",1536,1024,true],"2048x2048":["https:\/\/www.cacciatoscana.com\/2023\/wp-content\/uploads\/2017\/09\/rover-2048x1365.jpg",2048,1365,true],"inspiro-featured-image":["https:\/\/www.cacciatoscana.com\/2023\/wp-content\/uploads\/2017\/09\/rover-2000x1333.jpg",2000,1333,true],"inspiro-loop":["https:\/\/www.cacciatoscana.com\/2023\/wp-content\/uploads\/2017\/09\/rover-950x320.jpg",950,320,true],"inspiro-loop@2x":["https:\/\/www.cacciatoscana.com\/2023\/wp-content\/uploads\/2017\/09\/rover-1900x640.jpg",1900,640,true],"portfolio_item-thumbnail":["https:\/\/www.cacciatoscana.com\/2023\/wp-content\/uploads\/2017\/09\/rover-600x400.jpg",600,400,true],"portfolio_item-thumbnail@2x":["https:\/\/www.cacciatoscana.com\/2023\/wp-content\/uploads\/2017\/09\/rover-scaled.jpg",1200,800,false],"portfolio_item-masonry":["https:\/\/www.cacciatoscana.com\/2023\/wp-content\/uploads\/2017\/09\/rover-600x400.jpg",600,400,true],"portfolio_item-masonry@2x":["https:\/\/www.cacciatoscana.com\/2023\/wp-content\/uploads\/2017\/09\/rover-scaled.jpg",1200,800,false],"portfolio_item-thumbnail_cinema":["https:\/\/www.cacciatoscana.com\/2023\/wp-content\/uploads\/2017\/09\/rover-800x335.jpg",800,335,true],"portfolio_item-thumbnail_portrait":["https:\/\/www.cacciatoscana.com\/2023\/wp-content\/uploads\/2017\/09\/rover-600x900.jpg",600,900,true],"portfolio_item-thumbnail_portrait@2x":["https:\/\/www.cacciatoscana.com\/2023\/wp-content\/uploads\/2017\/09\/rover-scaled.jpg",1200,800,false],"portfolio_item-thumbnail_square":["https:\/\/www.cacciatoscana.com\/2023\/wp-content\/uploads\/2017\/09\/rover-800x800.jpg",800,800,true]},"_links":{"self":[{"href":"https:\/\/www.cacciatoscana.com\/2023\/wp-json\/wp\/v2\/pages\/7639","targetHints":{"allow":["GET"]}}],"collection":[{"href":"https:\/\/www.cacciatoscana.com\/2023\/wp-json\/wp\/v2\/pages"}],"about":[{"href":"https:\/\/www.cacciatoscana.com\/2023\/wp-json\/wp\/v2\/types\/page"}],"author":[{"embeddable":true,"href":"https:\/\/www.cacciatoscana.com\/2023\/wp-json\/wp\/v2\/users\/1"}],"replies":[{"embeddable":true,"href":"https:\/\/www.cacciatoscana.com\/2023\/wp-json\/wp\/v2\/comments?post=7639"}],"version-history":[{"count":1,"href":"https:\/\/www.cacciatoscana.com\/2023\/wp-json\/wp\/v2\/pages\/7639\/revisions"}],"predecessor-version":[{"id":7640,"href":"https:\/\/www.cacciatoscana.com\/2023\/wp-json\/wp\/v2\/pages\/7639\/revisions\/7640"}],"up":[{"embeddable":true,"href":"https:\/\/www.cacciatoscana.com\/2023\/wp-json\/wp\/v2\/pages\/7598"}],"wp:featuredmedia":[{"embeddable":true,"href":"https:\/\/www.cacciatoscana.com\/2023\/wp-json\/wp\/v2\/media\/6891"}],"wp:attachment":[{"href":"https:\/\/www.cacciatoscana.com\/2023\/wp-json\/wp\/v2\/media?parent=7639"}],"curies":[{"name":"wp","href":"https:\/\/api.w.org\/{rel}","templated":true}]}}