{"id":7637,"date":"2023-07-13T17:15:14","date_gmt":"2023-07-13T17:15:14","guid":{"rendered":"https:\/\/www.cacciatoscana.com\/2023\/?page_id=7637"},"modified":"2023-07-13T17:15:14","modified_gmt":"2023-07-13T17:15:14","slug":"paseos-en-yate","status":"publish","type":"page","link":"https:\/\/www.cacciatoscana.com\/2023\/es\/otros-servicios\/paseos-en-yate\/","title":{"rendered":"Paseos en yate"},"content":{"rendered":"<p>San Lorenzo Cruise Expedition es una aventura por una de las zonas marinas m\u00e1s excepcionales de Italia. Reconocido por su biodiversidad, el archipi\u00e9lago toscano incluye m\u00e1s de 61.000 km\u00b2 de mar y es el parque marino m\u00e1s grande de Europa.<\/p>\n<p>El yate es un San Lorenzo de 80 pies (24 metros) con c\u00f3modos y lujosos interiores de madera. Puede acoger hasta 12 personas a bordo.<\/p>\n<p>Como las perlas de un collar, cada isla es diferente de la siguiente. Cada isla conserva huellas de su historia, cada isla es \u00fanica, original, con una sola caracter\u00edstica en com\u00fan: la belleza de su naturaleza. Y la cadena que une estas joyas es el mar, un mar c\u00e1lido y acogedor con su calma plana, pero tambi\u00e9n impredecible con sus tormentas como solo el Mediterr\u00e1neo puede serlo.<\/p>\n<p><img loading=\"lazy\" decoding=\"async\" class=\"aligncenter size-full wp-image-7127\" src=\"https:\/\/www.cacciatoscana.com\/2023\/wp-content\/uploads\/2023\/06\/image012.jpg\" alt=\"\" width=\"557\" height=\"417\" srcset=\"https:\/\/www.cacciatoscana.com\/2023\/wp-content\/uploads\/2023\/06\/image012.jpg 557w, https:\/\/www.cacciatoscana.com\/2023\/wp-content\/uploads\/2023\/06\/image012-300x225.jpg 300w\" sizes=\"auto, (max-width: 557px) 100vw, 557px\" \/> <img loading=\"lazy\" decoding=\"async\" class=\"aligncenter size-full wp-image-7126\" src=\"https:\/\/www.cacciatoscana.com\/2023\/wp-content\/uploads\/2023\/06\/image005.jpg\" alt=\"\" width=\"454\" height=\"328\" srcset=\"https:\/\/www.cacciatoscana.com\/2023\/wp-content\/uploads\/2023\/06\/image005.jpg 454w, https:\/\/www.cacciatoscana.com\/2023\/wp-content\/uploads\/2023\/06\/image005-300x217.jpg 300w\" sizes=\"auto, (max-width: 454px) 100vw, 454px\" \/><\/p>\n","protected":false},"excerpt":{"rendered":"<p>San Lorenzo Cruise Expedition es una aventura por una de las zonas marinas m\u00e1s excepcionales de Italia. Reconocido por su biodiversidad, el archipi\u00e9lago toscano incluye m\u00e1s de 61.000 km\u00b2 de mar y es el parque marino m\u00e1s grande de Europa. El yate es un San Lorenzo de 80 pies (24 metros) con c\u00f3modos y lujosos &hellip; <\/p>\n<p class=\"link-more\"><a href=\"https:\/\/www.cacciatoscana.com\/2023\/es\/otros-servicios\/paseos-en-yate\/\" class=\"more-link\">Read more<span class=\"screen-reader-text\"> &#8220;Paseos en yate&#8221;<\/span><\/a><\/p>\n","protected":false},"author":1,"featured_media":7125,"parent":7598,"menu_order":0,"comment_status":"closed","ping_status":"closed","template":"","meta":{"footnotes":""},"class_list":["post-7637","page","type-page","status-publish","has-post-thumbnail","hentry"],"featured_media_urls":{"thumbnail":["https:\/\/www.cacciatoscana.com\/2023\/wp-content\/uploads\/2023\/06\/image002-1-150x150.jpg",150,150,true],"medium":["https:\/\/www.cacciatoscana.com\/2023\/wp-content\/uploads\/2023\/06\/image002-1-300x150.jpg",300,150,true],"medium_large":["https:\/\/www.cacciatoscana.com\/2023\/wp-content\/uploads\/2023\/06\/image002-1.jpg",640,320,false],"large":["https:\/\/www.cacciatoscana.com\/2023\/wp-content\/uploads\/2023\/06\/image002-1.jpg",640,320,false],"1536x1536":["https:\/\/www.cacciatoscana.com\/2023\/wp-content\/uploads\/2023\/06\/image002-1.jpg",640,320,false],"2048x2048":["https:\/\/www.cacciatoscana.com\/2023\/wp-content\/uploads\/2023\/06\/image002-1.jpg",640,320,false],"inspiro-featured-image":["https:\/\/www.cacciatoscana.com\/2023\/wp-content\/uploads\/2023\/06\/image002-1.jpg",640,320,false],"inspiro-loop":["https:\/\/www.cacciatoscana.com\/2023\/wp-content\/uploads\/2023\/06\/image002-1.jpg",640,320,false],"inspiro-loop@2x":["https:\/\/www.cacciatoscana.com\/2023\/wp-content\/uploads\/2023\/06\/image002-1.jpg",640,320,false],"portfolio_item-thumbnail":["https:\/\/www.cacciatoscana.com\/2023\/wp-content\/uploads\/2023\/06\/image002-1-600x320.jpg",600,320,true],"portfolio_item-thumbnail@2x":["https:\/\/www.cacciatoscana.com\/2023\/wp-content\/uploads\/2023\/06\/image002-1.jpg",640,320,false],"portfolio_item-masonry":["https:\/\/www.cacciatoscana.com\/2023\/wp-content\/uploads\/2023\/06\/image002-1-600x300.jpg",600,300,true],"portfolio_item-masonry@2x":["https:\/\/www.cacciatoscana.com\/2023\/wp-content\/uploads\/2023\/06\/image002-1.jpg",640,320,false],"portfolio_item-thumbnail_cinema":["https:\/\/www.cacciatoscana.com\/2023\/wp-content\/uploads\/2023\/06\/image002-1.jpg",640,320,false],"portfolio_item-thumbnail_portrait":["https:\/\/www.cacciatoscana.com\/2023\/wp-content\/uploads\/2023\/06\/image002-1-600x320.jpg",600,320,true],"portfolio_item-thumbnail_portrait@2x":["https:\/\/www.cacciatoscana.com\/2023\/wp-content\/uploads\/2023\/06\/image002-1.jpg",640,320,false],"portfolio_item-thumbnail_square":["https:\/\/www.cacciatoscana.com\/2023\/wp-content\/uploads\/2023\/06\/image002-1.jpg",640,320,false]},"_links":{"self":[{"href":"https:\/\/www.cacciatoscana.com\/2023\/wp-json\/wp\/v2\/pages\/7637","targetHints":{"allow":["GET"]}}],"collection":[{"href":"https:\/\/www.cacciatoscana.com\/2023\/wp-json\/wp\/v2\/pages"}],"about":[{"href":"https:\/\/www.cacciatoscana.com\/2023\/wp-json\/wp\/v2\/types\/page"}],"author":[{"embeddable":true,"href":"https:\/\/www.cacciatoscana.com\/2023\/wp-json\/wp\/v2\/users\/1"}],"replies":[{"embeddable":true,"href":"https:\/\/www.cacciatoscana.com\/2023\/wp-json\/wp\/v2\/comments?post=7637"}],"version-history":[{"count":1,"href":"https:\/\/www.cacciatoscana.com\/2023\/wp-json\/wp\/v2\/pages\/7637\/revisions"}],"predecessor-version":[{"id":7638,"href":"https:\/\/www.cacciatoscana.com\/2023\/wp-json\/wp\/v2\/pages\/7637\/revisions\/7638"}],"up":[{"embeddable":true,"href":"https:\/\/www.cacciatoscana.com\/2023\/wp-json\/wp\/v2\/pages\/7598"}],"wp:featuredmedia":[{"embeddable":true,"href":"https:\/\/www.cacciatoscana.com\/2023\/wp-json\/wp\/v2\/media\/7125"}],"wp:attachment":[{"href":"https:\/\/www.cacciatoscana.com\/2023\/wp-json\/wp\/v2\/media?parent=7637"}],"curies":[{"name":"wp","href":"https:\/\/api.w.org\/{rel}","templated":true}]}}