{"id":7628,"date":"2023-07-13T17:12:17","date_gmt":"2023-07-13T17:12:17","guid":{"rendered":"https:\/\/www.cacciatoscana.com\/2023\/?page_id=7628"},"modified":"2023-07-13T17:12:54","modified_gmt":"2023-07-13T17:12:54","slug":"paseos-en-helicoptero","status":"publish","type":"page","link":"https:\/\/www.cacciatoscana.com\/2023\/es\/otros-servicios\/paseos-en-helicoptero\/","title":{"rendered":"Paseos en helic\u00f3ptero"},"content":{"rendered":"<p>Partida desde lugar a establecer donde se iniciar\u00e1 el paseo en nuestro helic\u00f3ptero AS350, el cual puede transportar hasta 5 personas por vuelo.<\/p>\n<p>Al finalizar el recorrido, previa solicitud, es posible organizar un almuerzo exclusivo en el vi\u00f1edo o en los salones de nuestra finca con cata vertical y escuela del vino.<\/p>\n<p><strong>Classic Tour<br \/>\n<\/strong>Punto de partida a convenir, San Gimignano, Colle val d&#8217;Elsa, Certaldo, vi\u00f1edos del Chianti.<br \/>\nTiempo de vuelo: 15 minutos<\/p>\n<p><strong>Deluxe Tour<br \/>\n<\/strong>Punto de partida a convenir, Monteriggioni, Castellina in Chianti, Castillos del Chianti Classico, Certaldo, Colle val d&#8217;Elsa, San Gimignano.<br \/>\nTiempo de vuelo: 25 minutos<\/p>\n<p><strong>Vip Tour<br \/>\n<\/strong>Punto de partida a convenir, Monteriggioni, Siena, Castellina in Chianti, Greve in Chianti, Castillos del Chianti Classico, San Casciano, Florencia, Certaldo, San Gimignano.<br \/>\nTiempo de vuelo: 45 minutos<\/p>\n","protected":false},"excerpt":{"rendered":"<p>Partida desde lugar a establecer donde se iniciar\u00e1 el paseo en nuestro helic\u00f3ptero AS350, el cual puede transportar hasta 5 personas por vuelo. Al finalizar el recorrido, previa solicitud, es posible organizar un almuerzo exclusivo en el vi\u00f1edo o en los salones de nuestra finca con cata vertical y escuela del vino. Classic Tour Punto &hellip; <\/p>\n<p class=\"link-more\"><a href=\"https:\/\/www.cacciatoscana.com\/2023\/es\/otros-servicios\/paseos-en-helicoptero\/\" class=\"more-link\">Read more<span class=\"screen-reader-text\"> &#8220;Paseos en helic\u00f3ptero&#8221;<\/span><\/a><\/p>\n","protected":false},"author":1,"featured_media":6911,"parent":7598,"menu_order":0,"comment_status":"closed","ping_status":"closed","template":"","meta":{"footnotes":""},"class_list":["post-7628","page","type-page","status-publish","has-post-thumbnail","hentry"],"featured_media_urls":{"thumbnail":["https:\/\/www.cacciatoscana.com\/2023\/wp-content\/uploads\/2023\/06\/image002-150x150.jpg",150,150,true],"medium":["https:\/\/www.cacciatoscana.com\/2023\/wp-content\/uploads\/2023\/06\/image002-300x166.jpg",300,166,true],"medium_large":["https:\/\/www.cacciatoscana.com\/2023\/wp-content\/uploads\/2023\/06\/image002-768x425.jpg",768,425,true],"large":["https:\/\/www.cacciatoscana.com\/2023\/wp-content\/uploads\/2023\/06\/image002.jpg",930,515,false],"1536x1536":["https:\/\/www.cacciatoscana.com\/2023\/wp-content\/uploads\/2023\/06\/image002.jpg",930,515,false],"2048x2048":["https:\/\/www.cacciatoscana.com\/2023\/wp-content\/uploads\/2023\/06\/image002.jpg",930,515,false],"inspiro-featured-image":["https:\/\/www.cacciatoscana.com\/2023\/wp-content\/uploads\/2023\/06\/image002.jpg",930,515,false],"inspiro-loop":["https:\/\/www.cacciatoscana.com\/2023\/wp-content\/uploads\/2023\/06\/image002-930x320.jpg",930,320,true],"inspiro-loop@2x":["https:\/\/www.cacciatoscana.com\/2023\/wp-content\/uploads\/2023\/06\/image002.jpg",930,515,false],"portfolio_item-thumbnail":["https:\/\/www.cacciatoscana.com\/2023\/wp-content\/uploads\/2023\/06\/image002-600x400.jpg",600,400,true],"portfolio_item-thumbnail@2x":["https:\/\/www.cacciatoscana.com\/2023\/wp-content\/uploads\/2023\/06\/image002.jpg",930,515,false],"portfolio_item-masonry":["https:\/\/www.cacciatoscana.com\/2023\/wp-content\/uploads\/2023\/06\/image002-600x332.jpg",600,332,true],"portfolio_item-masonry@2x":["https:\/\/www.cacciatoscana.com\/2023\/wp-content\/uploads\/2023\/06\/image002.jpg",930,515,false],"portfolio_item-thumbnail_cinema":["https:\/\/www.cacciatoscana.com\/2023\/wp-content\/uploads\/2023\/06\/image002-800x335.jpg",800,335,true],"portfolio_item-thumbnail_portrait":["https:\/\/www.cacciatoscana.com\/2023\/wp-content\/uploads\/2023\/06\/image002-600x515.jpg",600,515,true],"portfolio_item-thumbnail_portrait@2x":["https:\/\/www.cacciatoscana.com\/2023\/wp-content\/uploads\/2023\/06\/image002.jpg",930,515,false],"portfolio_item-thumbnail_square":["https:\/\/www.cacciatoscana.com\/2023\/wp-content\/uploads\/2023\/06\/image002-800x515.jpg",800,515,true]},"_links":{"self":[{"href":"https:\/\/www.cacciatoscana.com\/2023\/wp-json\/wp\/v2\/pages\/7628","targetHints":{"allow":["GET"]}}],"collection":[{"href":"https:\/\/www.cacciatoscana.com\/2023\/wp-json\/wp\/v2\/pages"}],"about":[{"href":"https:\/\/www.cacciatoscana.com\/2023\/wp-json\/wp\/v2\/types\/page"}],"author":[{"embeddable":true,"href":"https:\/\/www.cacciatoscana.com\/2023\/wp-json\/wp\/v2\/users\/1"}],"replies":[{"embeddable":true,"href":"https:\/\/www.cacciatoscana.com\/2023\/wp-json\/wp\/v2\/comments?post=7628"}],"version-history":[{"count":2,"href":"https:\/\/www.cacciatoscana.com\/2023\/wp-json\/wp\/v2\/pages\/7628\/revisions"}],"predecessor-version":[{"id":7630,"href":"https:\/\/www.cacciatoscana.com\/2023\/wp-json\/wp\/v2\/pages\/7628\/revisions\/7630"}],"up":[{"embeddable":true,"href":"https:\/\/www.cacciatoscana.com\/2023\/wp-json\/wp\/v2\/pages\/7598"}],"wp:featuredmedia":[{"embeddable":true,"href":"https:\/\/www.cacciatoscana.com\/2023\/wp-json\/wp\/v2\/media\/6911"}],"wp:attachment":[{"href":"https:\/\/www.cacciatoscana.com\/2023\/wp-json\/wp\/v2\/media?parent=7628"}],"curies":[{"name":"wp","href":"https:\/\/api.w.org\/{rel}","templated":true}]}}