{"id":7624,"date":"2023-07-13T17:11:17","date_gmt":"2023-07-13T17:11:17","guid":{"rendered":"https:\/\/www.cacciatoscana.com\/2023\/?page_id=7624"},"modified":"2023-07-13T17:11:17","modified_gmt":"2023-07-13T17:11:17","slug":"degustacion-de-embutidos-de-caza","status":"publish","type":"page","link":"https:\/\/www.cacciatoscana.com\/2023\/es\/otros-servicios\/degustacion-de-embutidos-de-caza\/","title":{"rendered":"Degustaci\u00f3n de embutidos de caza"},"content":{"rendered":"<p>En nuestras instalaciones es posible degustar los embutidos de I SAPORI DI CACCIA TOSCANA. Un manjar para todos los paladares.<\/p>\n<p>\u201cI SAPORI DI CACCIA TOSCANA\u201d.<\/p>\n<p>Al frente de estos manjares hemos ubicado los EMBUTIDOS producidos con las carnes procedentes de nuestras batidas y elaborados a mano como anta\u00f1o, no antes de minuciosos controles de calidad, salvaguardando sus preciadas propiedades organol\u00e9pticas y potenciando sus sabores naturales, garantizando principalmente el uso de carne de caza.<\/p>\n<p>Otro sector que hemos explorado es la producci\u00f3n de SALSAS seg\u00fan los m\u00e9todos m\u00e1s tradicionales de la cocina t\u00edpica toscana, con un uso riguroso de nuestras carnes h\u00e1bilmente procesadas y envasadas.<\/p>\n<p>Todo ello excluyendo el uso de conservantes, colorantes y otros aditivos que no cumplan con la garant\u00eda de la condici\u00f3n &#8220;NATURAL&#8221; de los productos.<\/p>\n<p><img loading=\"lazy\" decoding=\"async\" class=\"aligncenter size-full wp-image-7134\" src=\"https:\/\/www.cacciatoscana.com\/2023\/wp-content\/uploads\/2017\/09\/FB_IMG_1685827401756.jpg\" alt=\"\" width=\"960\" height=\"640\" srcset=\"https:\/\/www.cacciatoscana.com\/2023\/wp-content\/uploads\/2017\/09\/FB_IMG_1685827401756.jpg 960w, https:\/\/www.cacciatoscana.com\/2023\/wp-content\/uploads\/2017\/09\/FB_IMG_1685827401756-300x200.jpg 300w, https:\/\/www.cacciatoscana.com\/2023\/wp-content\/uploads\/2017\/09\/FB_IMG_1685827401756-768x512.jpg 768w, https:\/\/www.cacciatoscana.com\/2023\/wp-content\/uploads\/2017\/09\/FB_IMG_1685827401756-600x400.jpg 600w\" sizes=\"auto, (max-width: 960px) 100vw, 960px\" \/><\/p>\n","protected":false},"excerpt":{"rendered":"<p>En nuestras instalaciones es posible degustar los embutidos de I SAPORI DI CACCIA TOSCANA. Un manjar para todos los paladares. \u201cI SAPORI DI CACCIA TOSCANA\u201d. Al frente de estos manjares hemos ubicado los EMBUTIDOS producidos con las carnes procedentes de nuestras batidas y elaborados a mano como anta\u00f1o, no antes de minuciosos controles de calidad, &hellip; <\/p>\n<p class=\"link-more\"><a href=\"https:\/\/www.cacciatoscana.com\/2023\/es\/otros-servicios\/degustacion-de-embutidos-de-caza\/\" class=\"more-link\">Read more<span class=\"screen-reader-text\"> &#8220;Degustaci\u00f3n de embutidos de caza&#8221;<\/span><\/a><\/p>\n","protected":false},"author":1,"featured_media":7135,"parent":7598,"menu_order":0,"comment_status":"closed","ping_status":"closed","template":"","meta":{"footnotes":""},"class_list":["post-7624","page","type-page","status-publish","has-post-thumbnail","hentry"],"featured_media_urls":{"thumbnail":["https:\/\/www.cacciatoscana.com\/2023\/wp-content\/uploads\/2017\/09\/TAGLIERE-1-150x150.jpg",150,150,true],"medium":["https:\/\/www.cacciatoscana.com\/2023\/wp-content\/uploads\/2017\/09\/TAGLIERE-1-300x199.jpg",300,199,true],"medium_large":["https:\/\/www.cacciatoscana.com\/2023\/wp-content\/uploads\/2017\/09\/TAGLIERE-1-768x509.jpg",768,509,true],"large":["https:\/\/www.cacciatoscana.com\/2023\/wp-content\/uploads\/2017\/09\/TAGLIERE-1-1024x678.jpg",950,629,true],"1536x1536":["https:\/\/www.cacciatoscana.com\/2023\/wp-content\/uploads\/2017\/09\/TAGLIERE-1-1536x1017.jpg",1536,1017,true],"2048x2048":["https:\/\/www.cacciatoscana.com\/2023\/wp-content\/uploads\/2017\/09\/TAGLIERE-1-2048x1356.jpg",2048,1356,true],"inspiro-featured-image":["https:\/\/www.cacciatoscana.com\/2023\/wp-content\/uploads\/2017\/09\/TAGLIERE-1-2000x1325.jpg",2000,1325,true],"inspiro-loop":["https:\/\/www.cacciatoscana.com\/2023\/wp-content\/uploads\/2017\/09\/TAGLIERE-1-950x320.jpg",950,320,true],"inspiro-loop@2x":["https:\/\/www.cacciatoscana.com\/2023\/wp-content\/uploads\/2017\/09\/TAGLIERE-1-1900x640.jpg",1900,640,true],"portfolio_item-thumbnail":["https:\/\/www.cacciatoscana.com\/2023\/wp-content\/uploads\/2017\/09\/TAGLIERE-1-600x400.jpg",600,400,true],"portfolio_item-thumbnail@2x":["https:\/\/www.cacciatoscana.com\/2023\/wp-content\/uploads\/2017\/09\/TAGLIERE-1-scaled.jpg",1200,795,false],"portfolio_item-masonry":["https:\/\/www.cacciatoscana.com\/2023\/wp-content\/uploads\/2017\/09\/TAGLIERE-1-600x397.jpg",600,397,true],"portfolio_item-masonry@2x":["https:\/\/www.cacciatoscana.com\/2023\/wp-content\/uploads\/2017\/09\/TAGLIERE-1-scaled.jpg",1200,795,false],"portfolio_item-thumbnail_cinema":["https:\/\/www.cacciatoscana.com\/2023\/wp-content\/uploads\/2017\/09\/TAGLIERE-1-800x335.jpg",800,335,true],"portfolio_item-thumbnail_portrait":["https:\/\/www.cacciatoscana.com\/2023\/wp-content\/uploads\/2017\/09\/TAGLIERE-1-600x900.jpg",600,900,true],"portfolio_item-thumbnail_portrait@2x":["https:\/\/www.cacciatoscana.com\/2023\/wp-content\/uploads\/2017\/09\/TAGLIERE-1-scaled.jpg",1200,795,false],"portfolio_item-thumbnail_square":["https:\/\/www.cacciatoscana.com\/2023\/wp-content\/uploads\/2017\/09\/TAGLIERE-1-800x800.jpg",800,800,true]},"_links":{"self":[{"href":"https:\/\/www.cacciatoscana.com\/2023\/wp-json\/wp\/v2\/pages\/7624","targetHints":{"allow":["GET"]}}],"collection":[{"href":"https:\/\/www.cacciatoscana.com\/2023\/wp-json\/wp\/v2\/pages"}],"about":[{"href":"https:\/\/www.cacciatoscana.com\/2023\/wp-json\/wp\/v2\/types\/page"}],"author":[{"embeddable":true,"href":"https:\/\/www.cacciatoscana.com\/2023\/wp-json\/wp\/v2\/users\/1"}],"replies":[{"embeddable":true,"href":"https:\/\/www.cacciatoscana.com\/2023\/wp-json\/wp\/v2\/comments?post=7624"}],"version-history":[{"count":1,"href":"https:\/\/www.cacciatoscana.com\/2023\/wp-json\/wp\/v2\/pages\/7624\/revisions"}],"predecessor-version":[{"id":7625,"href":"https:\/\/www.cacciatoscana.com\/2023\/wp-json\/wp\/v2\/pages\/7624\/revisions\/7625"}],"up":[{"embeddable":true,"href":"https:\/\/www.cacciatoscana.com\/2023\/wp-json\/wp\/v2\/pages\/7598"}],"wp:featuredmedia":[{"embeddable":true,"href":"https:\/\/www.cacciatoscana.com\/2023\/wp-json\/wp\/v2\/media\/7135"}],"wp:attachment":[{"href":"https:\/\/www.cacciatoscana.com\/2023\/wp-json\/wp\/v2\/media?parent=7624"}],"curies":[{"name":"wp","href":"https:\/\/api.w.org\/{rel}","templated":true}]}}