{"id":7620,"date":"2023-07-13T17:08:10","date_gmt":"2023-07-13T17:08:10","guid":{"rendered":"https:\/\/www.cacciatoscana.com\/2023\/?page_id=7620"},"modified":"2023-07-13T17:08:10","modified_gmt":"2023-07-13T17:08:10","slug":"centro-de-bienestar","status":"publish","type":"page","link":"https:\/\/www.cacciatoscana.com\/2023\/es\/otros-servicios\/centro-de-bienestar\/","title":{"rendered":"Centro de Bienestar"},"content":{"rendered":"<p>A pocos kil\u00f3metros de nuestras instalaciones se encuentra Iris Spa, para dejarse mimar con programas de bienestar adecuados a cualquier necesidad.<\/p>\n<p>Un panorama encantador de San Gimignano; relajaci\u00f3n en la piscina entre los olivos centenarios del jard\u00edn; el encanto de las torres milenarias; historia, cultura, tradiciones aut\u00e9nticas; un Spa donde recuperar energ\u00edas y bienestar, quietud, silencio y sobre todo tiempo. Nuestro Recorrido del Bienestar es su arma para redescubrir la relajaci\u00f3n profunda contra el cansancio f\u00edsico y mental. La agradable sensaci\u00f3n olfativa en el interior del Aromarium toscano, la ligereza de las brumas y las tormentas de verano sobre la piel, los efectos revitalizantes de la fuente de hielo, son solo algunas de las peculiaridades de su relajaci\u00f3n en el spa. Conf\u00ede en las manos de nuestros especialistas en bienestar. Cuidar\u00e1n de usted y de su cuerpo.<\/p>\n<p><img loading=\"lazy\" decoding=\"async\" class=\"aligncenter wp-image-6913 size-full\" src=\"https:\/\/www.cacciatoscana.com\/2023\/wp-content\/uploads\/2018\/01\/piscina4.jpg\" alt=\"\" width=\"1000\" height=\"665\" srcset=\"https:\/\/www.cacciatoscana.com\/2023\/wp-content\/uploads\/2018\/01\/piscina4.jpg 1000w, https:\/\/www.cacciatoscana.com\/2023\/wp-content\/uploads\/2018\/01\/piscina4-300x200.jpg 300w, https:\/\/www.cacciatoscana.com\/2023\/wp-content\/uploads\/2018\/01\/piscina4-768x511.jpg 768w, https:\/\/www.cacciatoscana.com\/2023\/wp-content\/uploads\/2018\/01\/piscina4-600x399.jpg 600w\" sizes=\"auto, (max-width: 1000px) 100vw, 1000px\" \/> <img loading=\"lazy\" decoding=\"async\" class=\"aligncenter wp-image-6914 size-full\" src=\"https:\/\/www.cacciatoscana.com\/2023\/wp-content\/uploads\/2018\/01\/trattamenti1.jpg\" alt=\"\" width=\"1000\" height=\"667\" srcset=\"https:\/\/www.cacciatoscana.com\/2023\/wp-content\/uploads\/2018\/01\/trattamenti1.jpg 1000w, https:\/\/www.cacciatoscana.com\/2023\/wp-content\/uploads\/2018\/01\/trattamenti1-300x200.jpg 300w, https:\/\/www.cacciatoscana.com\/2023\/wp-content\/uploads\/2018\/01\/trattamenti1-768x512.jpg 768w, https:\/\/www.cacciatoscana.com\/2023\/wp-content\/uploads\/2018\/01\/trattamenti1-600x400.jpg 600w\" sizes=\"auto, (max-width: 1000px) 100vw, 1000px\" \/><\/p>\n","protected":false},"excerpt":{"rendered":"<p>A pocos kil\u00f3metros de nuestras instalaciones se encuentra Iris Spa, para dejarse mimar con programas de bienestar adecuados a cualquier necesidad. Un panorama encantador de San Gimignano; relajaci\u00f3n en la piscina entre los olivos centenarios del jard\u00edn; el encanto de las torres milenarias; historia, cultura, tradiciones aut\u00e9nticas; un Spa donde recuperar energ\u00edas y bienestar, quietud, &hellip; <\/p>\n<p class=\"link-more\"><a href=\"https:\/\/www.cacciatoscana.com\/2023\/es\/otros-servicios\/centro-de-bienestar\/\" class=\"more-link\">Read more<span class=\"screen-reader-text\"> &#8220;Centro de Bienestar&#8221;<\/span><\/a><\/p>\n","protected":false},"author":1,"featured_media":6867,"parent":7598,"menu_order":0,"comment_status":"closed","ping_status":"closed","template":"","meta":{"footnotes":""},"class_list":["post-7620","page","type-page","status-publish","has-post-thumbnail","hentry"],"featured_media_urls":{"thumbnail":["https:\/\/www.cacciatoscana.com\/2023\/wp-content\/uploads\/2018\/01\/massaggi2-150x150.jpg",150,150,true],"medium":["https:\/\/www.cacciatoscana.com\/2023\/wp-content\/uploads\/2018\/01\/massaggi2-200x300.jpg",200,300,true],"medium_large":["https:\/\/www.cacciatoscana.com\/2023\/wp-content\/uploads\/2018\/01\/massaggi2.jpg",667,1000,false],"large":["https:\/\/www.cacciatoscana.com\/2023\/wp-content\/uploads\/2018\/01\/massaggi2.jpg",667,1000,false],"1536x1536":["https:\/\/www.cacciatoscana.com\/2023\/wp-content\/uploads\/2018\/01\/massaggi2.jpg",667,1000,false],"2048x2048":["https:\/\/www.cacciatoscana.com\/2023\/wp-content\/uploads\/2018\/01\/massaggi2.jpg",667,1000,false],"inspiro-featured-image":["https:\/\/www.cacciatoscana.com\/2023\/wp-content\/uploads\/2018\/01\/massaggi2.jpg",667,1000,false],"inspiro-loop":["https:\/\/www.cacciatoscana.com\/2023\/wp-content\/uploads\/2018\/01\/massaggi2-667x320.jpg",667,320,true],"inspiro-loop@2x":["https:\/\/www.cacciatoscana.com\/2023\/wp-content\/uploads\/2018\/01\/massaggi2-667x640.jpg",667,640,true],"portfolio_item-thumbnail":["https:\/\/www.cacciatoscana.com\/2023\/wp-content\/uploads\/2018\/01\/massaggi2-600x400.jpg",600,400,true],"portfolio_item-thumbnail@2x":["https:\/\/www.cacciatoscana.com\/2023\/wp-content\/uploads\/2018\/01\/massaggi2.jpg",534,800,false],"portfolio_item-masonry":["https:\/\/www.cacciatoscana.com\/2023\/wp-content\/uploads\/2018\/01\/massaggi2-600x900.jpg",600,900,true],"portfolio_item-masonry@2x":["https:\/\/www.cacciatoscana.com\/2023\/wp-content\/uploads\/2018\/01\/massaggi2.jpg",667,1000,false],"portfolio_item-thumbnail_cinema":["https:\/\/www.cacciatoscana.com\/2023\/wp-content\/uploads\/2018\/01\/massaggi2-667x335.jpg",667,335,true],"portfolio_item-thumbnail_portrait":["https:\/\/www.cacciatoscana.com\/2023\/wp-content\/uploads\/2018\/01\/massaggi2-600x900.jpg",600,900,true],"portfolio_item-thumbnail_portrait@2x":["https:\/\/www.cacciatoscana.com\/2023\/wp-content\/uploads\/2018\/01\/massaggi2.jpg",667,1000,false],"portfolio_item-thumbnail_square":["https:\/\/www.cacciatoscana.com\/2023\/wp-content\/uploads\/2018\/01\/massaggi2-667x800.jpg",667,800,true]},"_links":{"self":[{"href":"https:\/\/www.cacciatoscana.com\/2023\/wp-json\/wp\/v2\/pages\/7620","targetHints":{"allow":["GET"]}}],"collection":[{"href":"https:\/\/www.cacciatoscana.com\/2023\/wp-json\/wp\/v2\/pages"}],"about":[{"href":"https:\/\/www.cacciatoscana.com\/2023\/wp-json\/wp\/v2\/types\/page"}],"author":[{"embeddable":true,"href":"https:\/\/www.cacciatoscana.com\/2023\/wp-json\/wp\/v2\/users\/1"}],"replies":[{"embeddable":true,"href":"https:\/\/www.cacciatoscana.com\/2023\/wp-json\/wp\/v2\/comments?post=7620"}],"version-history":[{"count":1,"href":"https:\/\/www.cacciatoscana.com\/2023\/wp-json\/wp\/v2\/pages\/7620\/revisions"}],"predecessor-version":[{"id":7621,"href":"https:\/\/www.cacciatoscana.com\/2023\/wp-json\/wp\/v2\/pages\/7620\/revisions\/7621"}],"up":[{"embeddable":true,"href":"https:\/\/www.cacciatoscana.com\/2023\/wp-json\/wp\/v2\/pages\/7598"}],"wp:featuredmedia":[{"embeddable":true,"href":"https:\/\/www.cacciatoscana.com\/2023\/wp-json\/wp\/v2\/media\/6867"}],"wp:attachment":[{"href":"https:\/\/www.cacciatoscana.com\/2023\/wp-json\/wp\/v2\/media?parent=7620"}],"curies":[{"name":"wp","href":"https:\/\/api.w.org\/{rel}","templated":true}]}}