{"id":7618,"date":"2023-07-13T17:07:33","date_gmt":"2023-07-13T17:07:33","guid":{"rendered":"https:\/\/www.cacciatoscana.com\/2023\/?page_id=7618"},"modified":"2023-07-13T17:07:33","modified_gmt":"2023-07-13T17:07:33","slug":"campo-de-golf","status":"publish","type":"page","link":"https:\/\/www.cacciatoscana.com\/2023\/es\/otros-servicios\/campo-de-golf\/","title":{"rendered":"Campo de Golf"},"content":{"rendered":"<p>Relajaci\u00f3n y diversi\u00f3n en un paisaje verdaderamente \u00fanico.<\/p>\n<p>M\u00e1s de 9.400 metros de calles bordeadas de arboledas y olivos, formando el escenario perfecto para su swing. Su trazado de 27 hoyos ahora se divide en dos espectaculares recorridos que desaf\u00edan a los jugadores m\u00e1s expertos, pero al mismo tiempo garantizan la diversi\u00f3n de los apasionados aficionados. El respeto y el amor por la naturaleza son elementos esenciales en este deporte y el Club de golf Castelfalfi siempre ha apostado por preservar nuestro bien m\u00e1s preciado: el paisaje que lo acoge. La recuperaci\u00f3n de agua de lluvia para el riego y las t\u00e9cnicas de mantenimiento ecol\u00f3gicas son solo algunos de los aspectos que nos han llevado a obtener la etiqueta ecol\u00f3gica GEO Certified<sup>TM<\/sup>, garant\u00eda internacional de calidad deportiva.<\/p>\n","protected":false},"excerpt":{"rendered":"<p>Relajaci\u00f3n y diversi\u00f3n en un paisaje verdaderamente \u00fanico. M\u00e1s de 9.400 metros de calles bordeadas de arboledas y olivos, formando el escenario perfecto para su swing. Su trazado de 27 hoyos ahora se divide en dos espectaculares recorridos que desaf\u00edan a los jugadores m\u00e1s expertos, pero al mismo tiempo garantizan la diversi\u00f3n de los apasionados &hellip; <\/p>\n<p class=\"link-more\"><a href=\"https:\/\/www.cacciatoscana.com\/2023\/es\/otros-servicios\/campo-de-golf\/\" class=\"more-link\">Read more<span class=\"screen-reader-text\"> &#8220;Campo de Golf&#8221;<\/span><\/a><\/p>\n","protected":false},"author":1,"featured_media":6901,"parent":7598,"menu_order":0,"comment_status":"closed","ping_status":"closed","template":"","meta":{"footnotes":""},"class_list":["post-7618","page","type-page","status-publish","has-post-thumbnail","hentry"],"featured_media_urls":{"thumbnail":["https:\/\/www.cacciatoscana.com\/2023\/wp-content\/uploads\/2017\/09\/golf-club-castelfalfi-aerial-view-1-150x150.jpg",150,150,true],"medium":["https:\/\/www.cacciatoscana.com\/2023\/wp-content\/uploads\/2017\/09\/golf-club-castelfalfi-aerial-view-1-300x203.jpg",300,203,true],"medium_large":["https:\/\/www.cacciatoscana.com\/2023\/wp-content\/uploads\/2017\/09\/golf-club-castelfalfi-aerial-view-1-768x518.jpg",768,518,true],"large":["https:\/\/www.cacciatoscana.com\/2023\/wp-content\/uploads\/2017\/09\/golf-club-castelfalfi-aerial-view-1-1024x691.jpg",950,641,true],"1536x1536":["https:\/\/www.cacciatoscana.com\/2023\/wp-content\/uploads\/2017\/09\/golf-club-castelfalfi-aerial-view-1-1536x1037.jpg",1536,1037,true],"2048x2048":["https:\/\/www.cacciatoscana.com\/2023\/wp-content\/uploads\/2017\/09\/golf-club-castelfalfi-aerial-view-1.jpg",1600,1080,false],"inspiro-featured-image":["https:\/\/www.cacciatoscana.com\/2023\/wp-content\/uploads\/2017\/09\/golf-club-castelfalfi-aerial-view-1.jpg",1600,1080,false],"inspiro-loop":["https:\/\/www.cacciatoscana.com\/2023\/wp-content\/uploads\/2017\/09\/golf-club-castelfalfi-aerial-view-1-950x320.jpg",950,320,true],"inspiro-loop@2x":["https:\/\/www.cacciatoscana.com\/2023\/wp-content\/uploads\/2017\/09\/golf-club-castelfalfi-aerial-view-1-1600x640.jpg",1600,640,true],"portfolio_item-thumbnail":["https:\/\/www.cacciatoscana.com\/2023\/wp-content\/uploads\/2017\/09\/golf-club-castelfalfi-aerial-view-1-600x400.jpg",600,400,true],"portfolio_item-thumbnail@2x":["https:\/\/www.cacciatoscana.com\/2023\/wp-content\/uploads\/2017\/09\/golf-club-castelfalfi-aerial-view-1.jpg",1185,800,false],"portfolio_item-masonry":["https:\/\/www.cacciatoscana.com\/2023\/wp-content\/uploads\/2017\/09\/golf-club-castelfalfi-aerial-view-1-600x405.jpg",600,405,true],"portfolio_item-masonry@2x":["https:\/\/www.cacciatoscana.com\/2023\/wp-content\/uploads\/2017\/09\/golf-club-castelfalfi-aerial-view-1.jpg",1200,810,false],"portfolio_item-thumbnail_cinema":["https:\/\/www.cacciatoscana.com\/2023\/wp-content\/uploads\/2017\/09\/golf-club-castelfalfi-aerial-view-1-800x335.jpg",800,335,true],"portfolio_item-thumbnail_portrait":["https:\/\/www.cacciatoscana.com\/2023\/wp-content\/uploads\/2017\/09\/golf-club-castelfalfi-aerial-view-1-600x900.jpg",600,900,true],"portfolio_item-thumbnail_portrait@2x":["https:\/\/www.cacciatoscana.com\/2023\/wp-content\/uploads\/2017\/09\/golf-club-castelfalfi-aerial-view-1.jpg",1200,810,false],"portfolio_item-thumbnail_square":["https:\/\/www.cacciatoscana.com\/2023\/wp-content\/uploads\/2017\/09\/golf-club-castelfalfi-aerial-view-1-800x800.jpg",800,800,true]},"_links":{"self":[{"href":"https:\/\/www.cacciatoscana.com\/2023\/wp-json\/wp\/v2\/pages\/7618","targetHints":{"allow":["GET"]}}],"collection":[{"href":"https:\/\/www.cacciatoscana.com\/2023\/wp-json\/wp\/v2\/pages"}],"about":[{"href":"https:\/\/www.cacciatoscana.com\/2023\/wp-json\/wp\/v2\/types\/page"}],"author":[{"embeddable":true,"href":"https:\/\/www.cacciatoscana.com\/2023\/wp-json\/wp\/v2\/users\/1"}],"replies":[{"embeddable":true,"href":"https:\/\/www.cacciatoscana.com\/2023\/wp-json\/wp\/v2\/comments?post=7618"}],"version-history":[{"count":1,"href":"https:\/\/www.cacciatoscana.com\/2023\/wp-json\/wp\/v2\/pages\/7618\/revisions"}],"predecessor-version":[{"id":7619,"href":"https:\/\/www.cacciatoscana.com\/2023\/wp-json\/wp\/v2\/pages\/7618\/revisions\/7619"}],"up":[{"embeddable":true,"href":"https:\/\/www.cacciatoscana.com\/2023\/wp-json\/wp\/v2\/pages\/7598"}],"wp:featuredmedia":[{"embeddable":true,"href":"https:\/\/www.cacciatoscana.com\/2023\/wp-json\/wp\/v2\/media\/6901"}],"wp:attachment":[{"href":"https:\/\/www.cacciatoscana.com\/2023\/wp-json\/wp\/v2\/media?parent=7618"}],"curies":[{"name":"wp","href":"https:\/\/api.w.org\/{rel}","templated":true}]}}