{"id":7593,"date":"2023-07-13T16:54:12","date_gmt":"2023-07-13T16:54:12","guid":{"rendered":"https:\/\/www.cacciatoscana.com\/2023\/?page_id=7593"},"modified":"2023-07-13T16:54:42","modified_gmt":"2023-07-13T16:54:42","slug":"quienes-somos","status":"publish","type":"page","link":"https:\/\/www.cacciatoscana.com\/2023\/es\/quienes-somos\/","title":{"rendered":"Quienes somos"},"content":{"rendered":"\t\t<div data-elementor-type=\"wp-page\" data-elementor-id=\"7593\" class=\"elementor elementor-7593\">\n\t\t\t\t\t\t\t\t\t<section class=\"elementor-section elementor-top-section elementor-element elementor-element-c3f878b elementor-section-boxed elementor-section-height-default elementor-section-height-default\" data-id=\"c3f878b\" data-element_type=\"section\">\n\t\t\t\t\t\t<div class=\"elementor-container elementor-column-gap-default\">\n\t\t\t\t\t<div class=\"elementor-column elementor-col-100 elementor-top-column elementor-element elementor-element-4c2dcf4\" data-id=\"4c2dcf4\" data-element_type=\"column\">\n\t\t\t<div class=\"elementor-widget-wrap elementor-element-populated\">\n\t\t\t\t\t\t\t\t<div class=\"elementor-element elementor-element-87a2715 elementor-widget elementor-widget-text-editor\" data-id=\"87a2715\" data-element_type=\"widget\" data-widget_type=\"text-editor.default\">\n\t\t\t\t<div class=\"elementor-widget-container\">\n\t\t\t<style>\/*! elementor - v3.17.0 - 08-11-2023 *\/\n.elementor-widget-text-editor.elementor-drop-cap-view-stacked .elementor-drop-cap{background-color:#69727d;color:#fff}.elementor-widget-text-editor.elementor-drop-cap-view-framed .elementor-drop-cap{color:#69727d;border:3px solid;background-color:transparent}.elementor-widget-text-editor:not(.elementor-drop-cap-view-default) .elementor-drop-cap{margin-top:8px}.elementor-widget-text-editor:not(.elementor-drop-cap-view-default) .elementor-drop-cap-letter{width:1em;height:1em}.elementor-widget-text-editor .elementor-drop-cap{float:left;text-align:center;line-height:1;font-size:50px}.elementor-widget-text-editor .elementor-drop-cap-letter{display:inline-block}<\/style>\t\t\t\t<p>Los cotos de caza gestionados por Caccia Toscana est\u00e1n organizados y estructurados principalmente para ofrecer al cazador grandes oportunidades de avistamiento de ejemplares de caza, garantizando un est\u00e1ndar de calidad siempre al m\u00e1s alto nivel, manteniendo la tradici\u00f3n cineg\u00e9tica italiana en un nivel de excelencia, brindando tambi\u00e9n la oportunidad a los apasionados cazadores extranjeros.<\/p><p>Nuestro principal objetivo se expresa en el esmerado trabajo diario de gesti\u00f3n y organizaci\u00f3n del patrimonio cineg\u00e9tico.<\/p><p>Para nosotros ser Cazadores significa: \u201cAmar y conocer el territorio ante todo, saber gestionarlo siguiendo la l\u00f3gica de la naturaleza\u2026\u201d<\/p><p>Protegiendo la agricultura;<\/p><p>Fomentando y salvaguardando la proliferaci\u00f3n natural de ejemplares de caza;<\/p><p>Preservando su convivencia y la relaci\u00f3n entre especies.<\/p><p>Solo siendo capaces de comprender y obtener el delicado equilibrio y la perfecta armon\u00eda entre todos estos elementos podemos ofrecer y garantizar una experiencia de &#8220;Caza de Calidad&#8221;.<\/p><p>La aventura de una cacer\u00eda en Toscana es sin duda una de las cosas m\u00e1s codiciadas por cualquier cazador. Aqu\u00ed, de hecho, se encuentra la mayor concentraci\u00f3n de ungulados de toda Italia, con corzos, gamos, muflones, jabal\u00edes y ciervos, con estupendos ejemplares trofeo; todo esto en el fabuloso paisaje monta\u00f1oso que caracteriza la regi\u00f3n, junto con la tradicional apertura hacia la noble cineg\u00e9tica que hace de Toscana el lugar ideal para una experiencia de caza \u00fanica e inolvidable. En este sitio le ofrecemos la oportunidad de disfrutar de esta experiencia en las condiciones m\u00e1s ventajosas y con el m\u00e1ximo confort.<\/p><p>Podemos organizar batidas de caza, individuales o en grupo, de jabal\u00edes, corzos, ciervos, gamos y muflones, pero tambi\u00e9n otros tipos de caza sedentaria como faisanes, perdices y codornices.<\/p><p>Ofrecemos a nuestros hu\u00e9spedes de caza, a sus familias y amigos acompa\u00f1antes, la oportunidad de alojarse en nuestra finca de agroturismo &#8220;La Finca de Castelvecchio&#8221;.<\/p>\t\t\t\t\t\t<\/div>\n\t\t\t\t<\/div>\n\t\t\t\t\t<\/div>\n\t\t<\/div>\n\t\t\t\t\t\t\t<\/div>\n\t\t<\/section>\n\t\t\t\t\t\t\t<\/div>\n\t\t","protected":false},"excerpt":{"rendered":"<p>Los cotos de caza gestionados por Caccia Toscana est\u00e1n organizados y estructurados principalmente para ofrecer al cazador grandes oportunidades de avistamiento de ejemplares de caza, garantizando un est\u00e1ndar de calidad siempre al m\u00e1s alto nivel, manteniendo la tradici\u00f3n cineg\u00e9tica italiana en un nivel de excelencia, brindando tambi\u00e9n la oportunidad a los apasionados cazadores extranjeros. Nuestro &hellip; <\/p>\n<p class=\"link-more\"><a href=\"https:\/\/www.cacciatoscana.com\/2023\/es\/quienes-somos\/\" class=\"more-link\">Read more<span class=\"screen-reader-text\"> &#8220;Quienes somos&#8221;<\/span><\/a><\/p>\n","protected":false},"author":1,"featured_media":120,"parent":0,"menu_order":0,"comment_status":"closed","ping_status":"closed","template":"","meta":{"footnotes":""},"class_list":["post-7593","page","type-page","status-publish","has-post-thumbnail","hentry"],"featured_media_urls":{"thumbnail":["https:\/\/www.cacciatoscana.com\/2023\/wp-content\/uploads\/2023\/05\/DSC01459-150x150.jpg",150,150,true],"medium":["https:\/\/www.cacciatoscana.com\/2023\/wp-content\/uploads\/2023\/05\/DSC01459-300x200.jpg",300,200,true],"medium_large":["https:\/\/www.cacciatoscana.com\/2023\/wp-content\/uploads\/2023\/05\/DSC01459-768x512.jpg",768,512,true],"large":["https:\/\/www.cacciatoscana.com\/2023\/wp-content\/uploads\/2023\/05\/DSC01459-1024x683.jpg",950,634,true],"1536x1536":["https:\/\/www.cacciatoscana.com\/2023\/wp-content\/uploads\/2023\/05\/DSC01459-1536x1024.jpg",1536,1024,true],"2048x2048":["https:\/\/www.cacciatoscana.com\/2023\/wp-content\/uploads\/2023\/05\/DSC01459.jpg",1620,1080,false],"inspiro-featured-image":["https:\/\/www.cacciatoscana.com\/2023\/wp-content\/uploads\/2023\/05\/DSC01459.jpg",1620,1080,false],"inspiro-loop":["https:\/\/www.cacciatoscana.com\/2023\/wp-content\/uploads\/2023\/05\/DSC01459.jpg",480,320,false],"inspiro-loop@2x":["https:\/\/www.cacciatoscana.com\/2023\/wp-content\/uploads\/2023\/05\/DSC01459.jpg",960,640,false],"portfolio_item-thumbnail":["https:\/\/www.cacciatoscana.com\/2023\/wp-content\/uploads\/2023\/05\/DSC01459.jpg",600,400,false],"portfolio_item-thumbnail@2x":["https:\/\/www.cacciatoscana.com\/2023\/wp-content\/uploads\/2023\/05\/DSC01459.jpg",1200,800,false],"portfolio_item-masonry":["https:\/\/www.cacciatoscana.com\/2023\/wp-content\/uploads\/2023\/05\/DSC01459.jpg",600,400,false],"portfolio_item-masonry@2x":["https:\/\/www.cacciatoscana.com\/2023\/wp-content\/uploads\/2023\/05\/DSC01459.jpg",1200,800,false],"portfolio_item-thumbnail_cinema":["https:\/\/www.cacciatoscana.com\/2023\/wp-content\/uploads\/2023\/05\/DSC01459.jpg",503,335,false],"portfolio_item-thumbnail_portrait":["https:\/\/www.cacciatoscana.com\/2023\/wp-content\/uploads\/2023\/05\/DSC01459.jpg",600,400,false],"portfolio_item-thumbnail_portrait@2x":["https:\/\/www.cacciatoscana.com\/2023\/wp-content\/uploads\/2023\/05\/DSC01459.jpg",1200,800,false],"portfolio_item-thumbnail_square":["https:\/\/www.cacciatoscana.com\/2023\/wp-content\/uploads\/2023\/05\/DSC01459.jpg",800,533,false]},"_links":{"self":[{"href":"https:\/\/www.cacciatoscana.com\/2023\/wp-json\/wp\/v2\/pages\/7593","targetHints":{"allow":["GET"]}}],"collection":[{"href":"https:\/\/www.cacciatoscana.com\/2023\/wp-json\/wp\/v2\/pages"}],"about":[{"href":"https:\/\/www.cacciatoscana.com\/2023\/wp-json\/wp\/v2\/types\/page"}],"author":[{"embeddable":true,"href":"https:\/\/www.cacciatoscana.com\/2023\/wp-json\/wp\/v2\/users\/1"}],"replies":[{"embeddable":true,"href":"https:\/\/www.cacciatoscana.com\/2023\/wp-json\/wp\/v2\/comments?post=7593"}],"version-history":[{"count":4,"href":"https:\/\/www.cacciatoscana.com\/2023\/wp-json\/wp\/v2\/pages\/7593\/revisions"}],"predecessor-version":[{"id":7597,"href":"https:\/\/www.cacciatoscana.com\/2023\/wp-json\/wp\/v2\/pages\/7593\/revisions\/7597"}],"wp:featuredmedia":[{"embeddable":true,"href":"https:\/\/www.cacciatoscana.com\/2023\/wp-json\/wp\/v2\/media\/120"}],"wp:attachment":[{"href":"https:\/\/www.cacciatoscana.com\/2023\/wp-json\/wp\/v2\/media?parent=7593"}],"curies":[{"name":"wp","href":"https:\/\/api.w.org\/{rel}","templated":true}]}}