{"id":7588,"date":"2023-07-13T16:51:50","date_gmt":"2023-07-13T16:51:50","guid":{"rendered":"https:\/\/www.cacciatoscana.com\/2023\/?page_id=7588"},"modified":"2025-01-02T15:15:46","modified_gmt":"2025-01-02T15:15:46","slug":"caza-de-rebecos","status":"publish","type":"page","link":"https:\/\/www.cacciatoscana.com\/2023\/es\/caza-de-rebecos\/","title":{"rendered":"Caza de rebecos"},"content":{"rendered":"\t\t<div data-elementor-type=\"wp-page\" data-elementor-id=\"7588\" class=\"elementor elementor-7588\">\n\t\t\t\t\t\t\t\t\t<section class=\"elementor-section elementor-top-section elementor-element elementor-element-865e676 elementor-section-boxed elementor-section-height-default elementor-section-height-default\" data-id=\"865e676\" data-element_type=\"section\">\n\t\t\t\t\t\t<div class=\"elementor-container elementor-column-gap-default\">\n\t\t\t\t\t<div class=\"elementor-column elementor-col-100 elementor-top-column elementor-element elementor-element-ea58dd3\" data-id=\"ea58dd3\" data-element_type=\"column\">\n\t\t\t<div class=\"elementor-widget-wrap elementor-element-populated\">\n\t\t\t\t\t\t\t\t<div class=\"elementor-element elementor-element-0cc60c9 elementor-widget elementor-widget-text-editor\" data-id=\"0cc60c9\" data-element_type=\"widget\" data-widget_type=\"text-editor.default\">\n\t\t\t\t<div class=\"elementor-widget-container\">\n\t\t\t<style>\/*! elementor - v3.17.0 - 08-11-2023 *\/\n.elementor-widget-text-editor.elementor-drop-cap-view-stacked .elementor-drop-cap{background-color:#69727d;color:#fff}.elementor-widget-text-editor.elementor-drop-cap-view-framed .elementor-drop-cap{color:#69727d;border:3px solid;background-color:transparent}.elementor-widget-text-editor:not(.elementor-drop-cap-view-default) .elementor-drop-cap{margin-top:8px}.elementor-widget-text-editor:not(.elementor-drop-cap-view-default) .elementor-drop-cap-letter{width:1em;height:1em}.elementor-widget-text-editor .elementor-drop-cap{float:left;text-align:center;line-height:1;font-size:50px}.elementor-widget-text-editor .elementor-drop-cap-letter{display:inline-block}<\/style>\t\t\t\t<p>Caccia Toscana tambi\u00e9n puede ofrecerle la experiencia de cazar los ant\u00edlopes de monta\u00f1a m\u00e1s \u00e1giles y alertas, el rebeco alpino y el rebeco balc\u00e1nico. Gracias a la posici\u00f3n geogr\u00e1fica de nuestras \u00e1reas de caza, rodeadas de inmensas monta\u00f1as rocosas y pueblos ricos en historia, le ofrecemos la oportunidad de cazar estas dos especies, garantiz\u00e1ndole una caza llena de emociones.<\/p><p>En un d\u00eda t\u00edpico de caza de rebecos, se pueden avistar de 20 a 40 animales, a veces incluso m\u00e1s.<\/p><p>Aunque es un animal dif\u00edcil de cazar por su aguda vista y por el h\u00e1bitat en el que vive, intentaremos ayudarle a encontrar el animal, si no el trofeo, que mejor se adapte a sus deseos.<\/p><p>La mejor \u00e9poca para cazar rebecos es de agosto a diciembre.<\/p><p>La aventura de caza comienza inmediatamente despu\u00e9s del desayuno.<\/p><p>Acompa\u00f1ados por nuestros gu\u00edas partimos hacia los cotos de caza que se encuentran a pocos kil\u00f3metros del pabell\u00f3n.<\/p><p>Continuamos a pie desde el valle inferior (1.000 m) hasta los picos m\u00e1s altos (3.000 m).<\/p><p>En algunos recorridos existe la posibilidad de poder llegar hasta los 2.000 m en coche y luego continuar a pie.<\/p><p>Dependiendo de c\u00f3mo se desarrolle la cacer\u00eda, podemos optar por almorzar la comida que llevamos directamente en las monta\u00f1as, o bien podemos bajar al pueblo en el valle inferior y luego reanudar nuestra aventura inmediatamente despu\u00e9s del almuerzo.<\/p>\t\t\t\t\t\t<\/div>\n\t\t\t\t<\/div>\n\t\t\t\t\t<\/div>\n\t\t<\/div>\n\t\t\t\t\t\t\t<\/div>\n\t\t<\/section>\n\t\t\t\t<section class=\"elementor-section elementor-top-section elementor-element elementor-element-181bd56 elementor-section-boxed elementor-section-height-default elementor-section-height-default\" data-id=\"181bd56\" data-element_type=\"section\">\n\t\t\t\t\t\t<div class=\"elementor-container elementor-column-gap-default\">\n\t\t\t\t\t<div class=\"elementor-column elementor-col-100 elementor-top-column elementor-element elementor-element-be0c9c7\" data-id=\"be0c9c7\" data-element_type=\"column\">\n\t\t\t<div class=\"elementor-widget-wrap\">\n\t\t\t\t\t\t\t\t\t<\/div>\n\t\t<\/div>\n\t\t\t\t\t\t\t<\/div>\n\t\t<\/section>\n\t\t\t\t<section class=\"elementor-section elementor-top-section elementor-element elementor-element-0674190 elementor-section-full_width elementor-section-stretched elementor-section-height-default elementor-section-height-default\" data-id=\"0674190\" data-element_type=\"section\" data-settings=\"{&quot;background_background&quot;:&quot;classic&quot;,&quot;stretch_section&quot;:&quot;section-stretched&quot;}\">\n\t\t\t\t\t\t<div class=\"elementor-container elementor-column-gap-default\">\n\t\t\t\t\t<div class=\"elementor-column elementor-col-100 elementor-top-column elementor-element elementor-element-c1ea6b3\" data-id=\"c1ea6b3\" data-element_type=\"column\">\n\t\t\t<div class=\"elementor-widget-wrap elementor-element-populated\">\n\t\t\t\t\t\t\t\t<div class=\"elementor-element elementor-element-7149796 gallery-spacing-custom elementor-widget elementor-widget-image-gallery\" data-id=\"7149796\" data-element_type=\"widget\" data-widget_type=\"image-gallery.default\">\n\t\t\t\t<div class=\"elementor-widget-container\">\n\t\t\t<style>\/*! elementor - v3.17.0 - 08-11-2023 *\/\n.elementor-image-gallery .gallery-item{display:inline-block;text-align:center;vertical-align:top;width:100%;max-width:100%;margin:0 auto}.elementor-image-gallery .gallery-item img{margin:0 auto}.elementor-image-gallery .gallery-item .gallery-caption{margin:0}.elementor-image-gallery figure img{display:block}.elementor-image-gallery figure figcaption{width:100%}.gallery-spacing-custom .elementor-image-gallery .gallery-icon{padding:0}@media (min-width:768px){.elementor-image-gallery .gallery-columns-2 .gallery-item{max-width:50%}.elementor-image-gallery .gallery-columns-3 .gallery-item{max-width:33.33%}.elementor-image-gallery .gallery-columns-4 .gallery-item{max-width:25%}.elementor-image-gallery .gallery-columns-5 .gallery-item{max-width:20%}.elementor-image-gallery .gallery-columns-6 .gallery-item{max-width:16.666%}.elementor-image-gallery .gallery-columns-7 .gallery-item{max-width:14.28%}.elementor-image-gallery .gallery-columns-8 .gallery-item{max-width:12.5%}.elementor-image-gallery .gallery-columns-9 .gallery-item{max-width:11.11%}.elementor-image-gallery .gallery-columns-10 .gallery-item{max-width:10%}}@media (min-width:480px) and (max-width:767px){.elementor-image-gallery .gallery.gallery-columns-2 .gallery-item,.elementor-image-gallery .gallery.gallery-columns-3 .gallery-item,.elementor-image-gallery .gallery.gallery-columns-4 .gallery-item,.elementor-image-gallery .gallery.gallery-columns-5 .gallery-item,.elementor-image-gallery .gallery.gallery-columns-6 .gallery-item,.elementor-image-gallery .gallery.gallery-columns-7 .gallery-item,.elementor-image-gallery .gallery.gallery-columns-8 .gallery-item,.elementor-image-gallery .gallery.gallery-columns-9 .gallery-item,.elementor-image-gallery .gallery.gallery-columns-10 .gallery-item{max-width:50%}}@media (max-width:479px){.elementor-image-gallery .gallery.gallery-columns-2 .gallery-item,.elementor-image-gallery .gallery.gallery-columns-3 .gallery-item,.elementor-image-gallery .gallery.gallery-columns-4 .gallery-item,.elementor-image-gallery .gallery.gallery-columns-5 .gallery-item,.elementor-image-gallery .gallery.gallery-columns-6 .gallery-item,.elementor-image-gallery .gallery.gallery-columns-7 .gallery-item,.elementor-image-gallery .gallery.gallery-columns-8 .gallery-item,.elementor-image-gallery .gallery.gallery-columns-9 .gallery-item,.elementor-image-gallery .gallery.gallery-columns-10 .gallery-item{max-width:100%}}<\/style>\t\t<div class=\"elementor-image-gallery\">\n\t\t\t<div id='gallery-1' class='gallery galleryid-7588 gallery-columns-4 gallery-size-inspiro-recent-thumbnail-retina'><figure class='gallery-item'>\n\t\t\t<div class='gallery-icon landscape'>\n\t\t\t\t<a data-elementor-open-lightbox=\"yes\" data-elementor-lightbox-slideshow=\"7149796\" data-elementor-lightbox-title=\"WhatsApp Image 2023-06-19 at 20.45.27\" data-e-action-hash=\"#elementor-action%3Aaction%3Dlightbox%26settings%3DeyJpZCI6NzIyMCwidXJsIjoiaHR0cHM6XC9cL3d3dy5jYWNjaWF0b3NjYW5hLmNvbVwvMjAyM1wvd3AtY29udGVudFwvdXBsb2Fkc1wvMjAyM1wvMDZcL1doYXRzQXBwLUltYWdlLTIwMjMtMDYtMTktYXQtMjAuNDUuMjcuanBlZyIsInNsaWRlc2hvdyI6IjcxNDk3OTYifQ%3D%3D\" href='https:\/\/www.cacciatoscana.com\/2023\/wp-content\/uploads\/2023\/06\/WhatsApp-Image-2023-06-19-at-20.45.27.jpeg'><img loading=\"lazy\" decoding=\"async\" width=\"2048\" height=\"1536\" src=\"https:\/\/www.cacciatoscana.com\/2023\/wp-content\/uploads\/2023\/06\/WhatsApp-Image-2023-06-19-at-20.45.27.jpeg\" class=\"attachment-inspiro-recent-thumbnail-retina size-inspiro-recent-thumbnail-retina\" alt=\"\" srcset=\"https:\/\/www.cacciatoscana.com\/2023\/wp-content\/uploads\/2023\/06\/WhatsApp-Image-2023-06-19-at-20.45.27.jpeg 2048w, https:\/\/www.cacciatoscana.com\/2023\/wp-content\/uploads\/2023\/06\/WhatsApp-Image-2023-06-19-at-20.45.27-300x225.jpeg 300w, https:\/\/www.cacciatoscana.com\/2023\/wp-content\/uploads\/2023\/06\/WhatsApp-Image-2023-06-19-at-20.45.27-1024x768.jpeg 1024w, https:\/\/www.cacciatoscana.com\/2023\/wp-content\/uploads\/2023\/06\/WhatsApp-Image-2023-06-19-at-20.45.27-768x576.jpeg 768w, https:\/\/www.cacciatoscana.com\/2023\/wp-content\/uploads\/2023\/06\/WhatsApp-Image-2023-06-19-at-20.45.27-1536x1152.jpeg 1536w, https:\/\/www.cacciatoscana.com\/2023\/wp-content\/uploads\/2023\/06\/WhatsApp-Image-2023-06-19-at-20.45.27-2000x1500.jpeg 2000w, https:\/\/www.cacciatoscana.com\/2023\/wp-content\/uploads\/2023\/06\/WhatsApp-Image-2023-06-19-at-20.45.27-600x450.jpeg 600w\" sizes=\"auto, 100vw\" \/><\/a>\n\t\t\t<\/div><\/figure><figure class='gallery-item'>\n\t\t\t<div class='gallery-icon landscape'>\n\t\t\t\t<a data-elementor-open-lightbox=\"yes\" data-elementor-lightbox-slideshow=\"7149796\" data-elementor-lightbox-title=\"WhatsApp Image 2023-06-19 at 20.45.28\" data-e-action-hash=\"#elementor-action%3Aaction%3Dlightbox%26settings%3DeyJpZCI6NzIyMSwidXJsIjoiaHR0cHM6XC9cL3d3dy5jYWNjaWF0b3NjYW5hLmNvbVwvMjAyM1wvd3AtY29udGVudFwvdXBsb2Fkc1wvMjAyM1wvMDZcL1doYXRzQXBwLUltYWdlLTIwMjMtMDYtMTktYXQtMjAuNDUuMjguanBlZyIsInNsaWRlc2hvdyI6IjcxNDk3OTYifQ%3D%3D\" href='https:\/\/www.cacciatoscana.com\/2023\/wp-content\/uploads\/2023\/06\/WhatsApp-Image-2023-06-19-at-20.45.28.jpeg'><img loading=\"lazy\" decoding=\"async\" width=\"2048\" height=\"1536\" src=\"https:\/\/www.cacciatoscana.com\/2023\/wp-content\/uploads\/2023\/06\/WhatsApp-Image-2023-06-19-at-20.45.28.jpeg\" class=\"attachment-inspiro-recent-thumbnail-retina size-inspiro-recent-thumbnail-retina\" alt=\"\" srcset=\"https:\/\/www.cacciatoscana.com\/2023\/wp-content\/uploads\/2023\/06\/WhatsApp-Image-2023-06-19-at-20.45.28.jpeg 2048w, https:\/\/www.cacciatoscana.com\/2023\/wp-content\/uploads\/2023\/06\/WhatsApp-Image-2023-06-19-at-20.45.28-300x225.jpeg 300w, https:\/\/www.cacciatoscana.com\/2023\/wp-content\/uploads\/2023\/06\/WhatsApp-Image-2023-06-19-at-20.45.28-1024x768.jpeg 1024w, https:\/\/www.cacciatoscana.com\/2023\/wp-content\/uploads\/2023\/06\/WhatsApp-Image-2023-06-19-at-20.45.28-768x576.jpeg 768w, https:\/\/www.cacciatoscana.com\/2023\/wp-content\/uploads\/2023\/06\/WhatsApp-Image-2023-06-19-at-20.45.28-1536x1152.jpeg 1536w, https:\/\/www.cacciatoscana.com\/2023\/wp-content\/uploads\/2023\/06\/WhatsApp-Image-2023-06-19-at-20.45.28-2000x1500.jpeg 2000w, https:\/\/www.cacciatoscana.com\/2023\/wp-content\/uploads\/2023\/06\/WhatsApp-Image-2023-06-19-at-20.45.28-600x450.jpeg 600w\" sizes=\"auto, 100vw\" \/><\/a>\n\t\t\t<\/div><\/figure><figure class='gallery-item'>\n\t\t\t<div class='gallery-icon landscape'>\n\t\t\t\t<a data-elementor-open-lightbox=\"yes\" data-elementor-lightbox-slideshow=\"7149796\" data-elementor-lightbox-title=\"WhatsApp Image 2023-06-19 at 20.45.42 (1)\" data-e-action-hash=\"#elementor-action%3Aaction%3Dlightbox%26settings%3DeyJpZCI6NzIyMiwidXJsIjoiaHR0cHM6XC9cL3d3dy5jYWNjaWF0b3NjYW5hLmNvbVwvMjAyM1wvd3AtY29udGVudFwvdXBsb2Fkc1wvMjAyM1wvMDZcL1doYXRzQXBwLUltYWdlLTIwMjMtMDYtMTktYXQtMjAuNDUuNDItMS5qcGVnIiwic2xpZGVzaG93IjoiNzE0OTc5NiJ9\" href='https:\/\/www.cacciatoscana.com\/2023\/wp-content\/uploads\/2023\/06\/WhatsApp-Image-2023-06-19-at-20.45.42-1.jpeg'><img loading=\"lazy\" decoding=\"async\" width=\"2048\" height=\"1536\" src=\"https:\/\/www.cacciatoscana.com\/2023\/wp-content\/uploads\/2023\/06\/WhatsApp-Image-2023-06-19-at-20.45.42-1.jpeg\" class=\"attachment-inspiro-recent-thumbnail-retina size-inspiro-recent-thumbnail-retina\" alt=\"\" srcset=\"https:\/\/www.cacciatoscana.com\/2023\/wp-content\/uploads\/2023\/06\/WhatsApp-Image-2023-06-19-at-20.45.42-1.jpeg 2048w, https:\/\/www.cacciatoscana.com\/2023\/wp-content\/uploads\/2023\/06\/WhatsApp-Image-2023-06-19-at-20.45.42-1-300x225.jpeg 300w, https:\/\/www.cacciatoscana.com\/2023\/wp-content\/uploads\/2023\/06\/WhatsApp-Image-2023-06-19-at-20.45.42-1-1024x768.jpeg 1024w, https:\/\/www.cacciatoscana.com\/2023\/wp-content\/uploads\/2023\/06\/WhatsApp-Image-2023-06-19-at-20.45.42-1-768x576.jpeg 768w, https:\/\/www.cacciatoscana.com\/2023\/wp-content\/uploads\/2023\/06\/WhatsApp-Image-2023-06-19-at-20.45.42-1-1536x1152.jpeg 1536w, https:\/\/www.cacciatoscana.com\/2023\/wp-content\/uploads\/2023\/06\/WhatsApp-Image-2023-06-19-at-20.45.42-1-2000x1500.jpeg 2000w, https:\/\/www.cacciatoscana.com\/2023\/wp-content\/uploads\/2023\/06\/WhatsApp-Image-2023-06-19-at-20.45.42-1-600x450.jpeg 600w\" sizes=\"auto, 100vw\" \/><\/a>\n\t\t\t<\/div><\/figure><figure class='gallery-item'>\n\t\t\t<div class='gallery-icon landscape'>\n\t\t\t\t<a data-elementor-open-lightbox=\"yes\" data-elementor-lightbox-slideshow=\"7149796\" data-elementor-lightbox-title=\"WhatsApp Image 2023-06-19 at 20.46.22\" data-e-action-hash=\"#elementor-action%3Aaction%3Dlightbox%26settings%3DeyJpZCI6NzIyMywidXJsIjoiaHR0cHM6XC9cL3d3dy5jYWNjaWF0b3NjYW5hLmNvbVwvMjAyM1wvd3AtY29udGVudFwvdXBsb2Fkc1wvMjAyM1wvMDZcL1doYXRzQXBwLUltYWdlLTIwMjMtMDYtMTktYXQtMjAuNDYuMjIuanBlZyIsInNsaWRlc2hvdyI6IjcxNDk3OTYifQ%3D%3D\" href='https:\/\/www.cacciatoscana.com\/2023\/wp-content\/uploads\/2023\/06\/WhatsApp-Image-2023-06-19-at-20.46.22.jpeg'><img loading=\"lazy\" decoding=\"async\" width=\"2048\" height=\"1536\" src=\"https:\/\/www.cacciatoscana.com\/2023\/wp-content\/uploads\/2023\/06\/WhatsApp-Image-2023-06-19-at-20.46.22.jpeg\" class=\"attachment-inspiro-recent-thumbnail-retina size-inspiro-recent-thumbnail-retina\" alt=\"\" srcset=\"https:\/\/www.cacciatoscana.com\/2023\/wp-content\/uploads\/2023\/06\/WhatsApp-Image-2023-06-19-at-20.46.22.jpeg 2048w, https:\/\/www.cacciatoscana.com\/2023\/wp-content\/uploads\/2023\/06\/WhatsApp-Image-2023-06-19-at-20.46.22-300x225.jpeg 300w, https:\/\/www.cacciatoscana.com\/2023\/wp-content\/uploads\/2023\/06\/WhatsApp-Image-2023-06-19-at-20.46.22-1024x768.jpeg 1024w, https:\/\/www.cacciatoscana.com\/2023\/wp-content\/uploads\/2023\/06\/WhatsApp-Image-2023-06-19-at-20.46.22-768x576.jpeg 768w, https:\/\/www.cacciatoscana.com\/2023\/wp-content\/uploads\/2023\/06\/WhatsApp-Image-2023-06-19-at-20.46.22-1536x1152.jpeg 1536w, https:\/\/www.cacciatoscana.com\/2023\/wp-content\/uploads\/2023\/06\/WhatsApp-Image-2023-06-19-at-20.46.22-2000x1500.jpeg 2000w, https:\/\/www.cacciatoscana.com\/2023\/wp-content\/uploads\/2023\/06\/WhatsApp-Image-2023-06-19-at-20.46.22-600x450.jpeg 600w\" sizes=\"auto, 100vw\" \/><\/a>\n\t\t\t<\/div><\/figure>\n\t\t<\/div>\n\t\t<\/div>\n\t\t\t\t<\/div>\n\t\t\t\t<\/div>\n\t\t\t\t\t<\/div>\n\t\t<\/div>\n\t\t\t\t\t\t\t<\/div>\n\t\t<\/section>\n\t\t\t\t<section class=\"elementor-section elementor-top-section elementor-element elementor-element-3348f8e elementor-section-boxed elementor-section-height-default elementor-section-height-default\" data-id=\"3348f8e\" data-element_type=\"section\">\n\t\t\t\t\t\t<div class=\"elementor-container elementor-column-gap-default\">\n\t\t\t\t\t<div class=\"elementor-column elementor-col-50 elementor-top-column elementor-element elementor-element-2f1c1a1\" data-id=\"2f1c1a1\" data-element_type=\"column\">\n\t\t\t<div class=\"elementor-widget-wrap elementor-element-populated\">\n\t\t\t\t\t\t\t\t<div class=\"elementor-element elementor-element-de0dba1 elementor-widget elementor-widget-text-editor\" data-id=\"de0dba1\" data-element_type=\"widget\" data-widget_type=\"text-editor.default\">\n\t\t\t\t<div class=\"elementor-widget-container\">\n\t\t\t\t\t\t\t<div class=\"col-md-12\"><h3>Informaci\u00f3n y reservas:<\/h3><p>Rellene el siguiente formulario si desea solicitar informaci\u00f3n o contacte con nosotros directamente:<\/p><ul><li>Mail : info@cacciatoscana.it<\/li><li>Tel\u00e9fono: +39 393 2123899<\/li><\/ul><\/div>\t\t\t\t\t\t<\/div>\n\t\t\t\t<\/div>\n\t\t\t\t\t<\/div>\n\t\t<\/div>\n\t\t\t\t<div class=\"elementor-column elementor-col-50 elementor-top-column elementor-element elementor-element-b2bf23a\" data-id=\"b2bf23a\" data-element_type=\"column\">\n\t\t\t<div class=\"elementor-widget-wrap elementor-element-populated\">\n\t\t\t\t\t\t\t\t<section class=\"elementor-section elementor-inner-section elementor-element elementor-element-c718ffe elementor-section-boxed elementor-section-height-default elementor-section-height-default\" data-id=\"c718ffe\" data-element_type=\"section\">\n\t\t\t\t\t\t<div class=\"elementor-container elementor-column-gap-default\">\n\t\t\t\t\t<div class=\"elementor-column elementor-col-100 elementor-inner-column elementor-element elementor-element-c55c6b8\" data-id=\"c55c6b8\" data-element_type=\"column\">\n\t\t\t<div class=\"elementor-widget-wrap elementor-element-populated\">\n\t\t\t\t\t\t\t\t<div class=\"elementor-element elementor-element-ae95b43 elementor-widget elementor-widget-ucaddon_contact_form_7\" data-id=\"ae95b43\" data-element_type=\"widget\" data-widget_type=\"ucaddon_contact_form_7.default\">\n\t\t\t\t<div class=\"elementor-widget-container\">\n\t\t\t<!-- start Contact Form 7 -->\n\t\t\t<style type=\"text\/css\">\/* widget: Contact Form 7 *\/\n\n#uc_contact_form_7_elementor_ae95b43 {\n  display: flex;  \n  flex-direction: column;\n}\n#uc_contact_form_7_elementor_ae95b43 .wpcf7-list-item {\n    margin: 0 0 0 8px;\n}\n\n#uc_contact_form_7_elementor_ae95b43 .wpcf7-form p:has(.wpcf7-submit){\n  display:flex;\n  flex-wrap: wrap;\n}\n\n#uc_contact_form_7_elementor_ae95b43 .ue_contact_form_7 label{\n  display: block;\n}\n\n#uc_contact_form_7_elementor_ae95b43 .wpcf7-checkbox, #uc_contact_form_7_elementor_ae95b43 .wpcf7-radio{\n  display:flex;\n  flex-wrap: wrap;\n}\n\n#uc_contact_form_7_elementor_ae95b43 .wpcf7-form-control-wrap{\n  display:flex;\n  width:100%;\n  flex-wrap: wrap;\n}\n\n\n\n\n.ue_contact_form_7 p > label{\n  line-height: inherit;\n}\n\n<\/style>\n\n\t\t\t<div id=\"uc_contact_form_7_elementor_ae95b43\" class=\"ue_contact_form_7\">\n  <div class=\"ue_form_wrapper\">\n            \n    \n<div class=\"wpcf7 no-js\" id=\"wpcf7-f6817-o1\" lang=\"en-US\" dir=\"ltr\">\n<div class=\"screen-reader-response\"><p role=\"status\" aria-live=\"polite\" aria-atomic=\"true\"><\/p> <ul><\/ul><\/div>\n<form action=\"\/2023\/wp-json\/wp\/v2\/pages\/7588#wpcf7-f6817-o1\" method=\"post\" class=\"wpcf7-form init\" aria-label=\"Contact form\" novalidate=\"novalidate\" data-status=\"init\">\n<div style=\"display: none;\">\n<input type=\"hidden\" name=\"_wpcf7\" value=\"6817\" \/>\n<input type=\"hidden\" name=\"_wpcf7_version\" value=\"5.7.7\" \/>\n<input type=\"hidden\" name=\"_wpcf7_locale\" value=\"en_US\" \/>\n<input type=\"hidden\" name=\"_wpcf7_unit_tag\" value=\"wpcf7-f6817-o1\" \/>\n<input type=\"hidden\" name=\"_wpcf7_container_post\" value=\"0\" \/>\n<input type=\"hidden\" name=\"_wpcf7_posted_data_hash\" value=\"\" \/>\n<\/div>\n<p><label> Your name<br \/>\n<span class=\"wpcf7-form-control-wrap\" data-name=\"your-name\"><input size=\"40\" class=\"wpcf7-form-control wpcf7-text wpcf7-validates-as-required\" autocomplete=\"name\" aria-required=\"true\" aria-invalid=\"false\" value=\"\" type=\"text\" name=\"your-name\" \/><\/span> <\/label>\n<\/p>\n<p><label> Your email<br \/>\n<span class=\"wpcf7-form-control-wrap\" data-name=\"your-email\"><input size=\"40\" class=\"wpcf7-form-control wpcf7-text wpcf7-email wpcf7-validates-as-required wpcf7-validates-as-email\" autocomplete=\"email\" aria-required=\"true\" aria-invalid=\"false\" value=\"\" type=\"email\" name=\"your-email\" \/><\/span> <\/label>\n<\/p>\n<p><label> Subject<br \/>\n<span class=\"wpcf7-form-control-wrap\" data-name=\"your-subject\"><input size=\"40\" class=\"wpcf7-form-control wpcf7-text wpcf7-validates-as-required\" aria-required=\"true\" aria-invalid=\"false\" value=\"\" type=\"text\" name=\"your-subject\" \/><\/span> <\/label>\n<\/p>\n<p><label> Your message (optional)<br \/>\n<span class=\"wpcf7-form-control-wrap\" data-name=\"your-message\"><textarea cols=\"40\" rows=\"10\" class=\"wpcf7-form-control wpcf7-textarea\" aria-invalid=\"false\" name=\"your-message\"><\/textarea><\/span> <\/label>\n<\/p>\n<p><input class=\"wpcf7-form-control has-spinner wpcf7-submit\" type=\"submit\" value=\"Submit\" \/>\n<\/p><div class=\"wpcf7-response-output\" aria-hidden=\"true\"><\/div>\n<\/form>\n<\/div>\n    \n  <\/div>\n<\/div>\n\t\t\t<!-- end Contact Form 7 -->\t\t<\/div>\n\t\t\t\t<\/div>\n\t\t\t\t\t<\/div>\n\t\t<\/div>\n\t\t\t\t\t\t\t<\/div>\n\t\t<\/section>\n\t\t\t\t\t<\/div>\n\t\t<\/div>\n\t\t\t\t\t\t\t<\/div>\n\t\t<\/section>\n\t\t\t\t\t\t\t<\/div>\n\t\t","protected":false},"excerpt":{"rendered":"<p>Caccia Toscana tambi\u00e9n puede ofrecerle la experiencia de cazar los ant\u00edlopes de monta\u00f1a m\u00e1s \u00e1giles y alertas, el rebeco alpino y el rebeco balc\u00e1nico. Gracias a la posici\u00f3n geogr\u00e1fica de nuestras \u00e1reas de caza, rodeadas de inmensas monta\u00f1as rocosas y pueblos ricos en historia, le ofrecemos la oportunidad de cazar estas dos especies, garantiz\u00e1ndole una &hellip; <\/p>\n<p class=\"link-more\"><a href=\"https:\/\/www.cacciatoscana.com\/2023\/es\/caza-de-rebecos\/\" class=\"more-link\">Read more<span class=\"screen-reader-text\"> &#8220;Caza de rebecos&#8221;<\/span><\/a><\/p>\n","protected":false},"author":1,"featured_media":7099,"parent":0,"menu_order":0,"comment_status":"closed","ping_status":"closed","template":"","meta":{"footnotes":""},"class_list":["post-7588","page","type-page","status-publish","has-post-thumbnail","hentry"],"featured_media_urls":{"thumbnail":["https:\/\/www.cacciatoscana.com\/2023\/wp-content\/uploads\/2023\/06\/pexels-jeanpierre-debernardi-11843326-150x150.jpg",150,150,true],"medium":["https:\/\/www.cacciatoscana.com\/2023\/wp-content\/uploads\/2023\/06\/pexels-jeanpierre-debernardi-11843326-300x210.jpg",300,210,true],"medium_large":["https:\/\/www.cacciatoscana.com\/2023\/wp-content\/uploads\/2023\/06\/pexels-jeanpierre-debernardi-11843326-768x538.jpg",768,538,true],"large":["https:\/\/www.cacciatoscana.com\/2023\/wp-content\/uploads\/2023\/06\/pexels-jeanpierre-debernardi-11843326-1024x717.jpg",950,665,true],"1536x1536":["https:\/\/www.cacciatoscana.com\/2023\/wp-content\/uploads\/2023\/06\/pexels-jeanpierre-debernardi-11843326-1536x1075.jpg",1536,1075,true],"2048x2048":["https:\/\/www.cacciatoscana.com\/2023\/wp-content\/uploads\/2023\/06\/pexels-jeanpierre-debernardi-11843326-2048x1434.jpg",2048,1434,true],"inspiro-featured-image":["https:\/\/www.cacciatoscana.com\/2023\/wp-content\/uploads\/2023\/06\/pexels-jeanpierre-debernardi-11843326-2000x1400.jpg",2000,1400,true],"inspiro-loop":["https:\/\/www.cacciatoscana.com\/2023\/wp-content\/uploads\/2023\/06\/pexels-jeanpierre-debernardi-11843326-950x320.jpg",950,320,true],"inspiro-loop@2x":["https:\/\/www.cacciatoscana.com\/2023\/wp-content\/uploads\/2023\/06\/pexels-jeanpierre-debernardi-11843326-1900x640.jpg",1900,640,true],"portfolio_item-thumbnail":["https:\/\/www.cacciatoscana.com\/2023\/wp-content\/uploads\/2023\/06\/pexels-jeanpierre-debernardi-11843326-600x400.jpg",600,400,true],"portfolio_item-thumbnail@2x":["https:\/\/www.cacciatoscana.com\/2023\/wp-content\/uploads\/2023\/06\/pexels-jeanpierre-debernardi-11843326-scaled.jpg",1143,800,false],"portfolio_item-masonry":["https:\/\/www.cacciatoscana.com\/2023\/wp-content\/uploads\/2023\/06\/pexels-jeanpierre-debernardi-11843326-600x420.jpg",600,420,true],"portfolio_item-masonry@2x":["https:\/\/www.cacciatoscana.com\/2023\/wp-content\/uploads\/2023\/06\/pexels-jeanpierre-debernardi-11843326-scaled.jpg",1200,840,false],"portfolio_item-thumbnail_cinema":["https:\/\/www.cacciatoscana.com\/2023\/wp-content\/uploads\/2023\/06\/pexels-jeanpierre-debernardi-11843326-800x335.jpg",800,335,true],"portfolio_item-thumbnail_portrait":["https:\/\/www.cacciatoscana.com\/2023\/wp-content\/uploads\/2023\/06\/pexels-jeanpierre-debernardi-11843326-600x900.jpg",600,900,true],"portfolio_item-thumbnail_portrait@2x":["https:\/\/www.cacciatoscana.com\/2023\/wp-content\/uploads\/2023\/06\/pexels-jeanpierre-debernardi-11843326-scaled.jpg",1200,840,false],"portfolio_item-thumbnail_square":["https:\/\/www.cacciatoscana.com\/2023\/wp-content\/uploads\/2023\/06\/pexels-jeanpierre-debernardi-11843326-800x800.jpg",800,800,true]},"_links":{"self":[{"href":"https:\/\/www.cacciatoscana.com\/2023\/wp-json\/wp\/v2\/pages\/7588","targetHints":{"allow":["GET"]}}],"collection":[{"href":"https:\/\/www.cacciatoscana.com\/2023\/wp-json\/wp\/v2\/pages"}],"about":[{"href":"https:\/\/www.cacciatoscana.com\/2023\/wp-json\/wp\/v2\/types\/page"}],"author":[{"embeddable":true,"href":"https:\/\/www.cacciatoscana.com\/2023\/wp-json\/wp\/v2\/users\/1"}],"replies":[{"embeddable":true,"href":"https:\/\/www.cacciatoscana.com\/2023\/wp-json\/wp\/v2\/comments?post=7588"}],"version-history":[{"count":7,"href":"https:\/\/www.cacciatoscana.com\/2023\/wp-json\/wp\/v2\/pages\/7588\/revisions"}],"predecessor-version":[{"id":8539,"href":"https:\/\/www.cacciatoscana.com\/2023\/wp-json\/wp\/v2\/pages\/7588\/revisions\/8539"}],"wp:featuredmedia":[{"embeddable":true,"href":"https:\/\/www.cacciatoscana.com\/2023\/wp-json\/wp\/v2\/media\/7099"}],"wp:attachment":[{"href":"https:\/\/www.cacciatoscana.com\/2023\/wp-json\/wp\/v2\/media?parent=7588"}],"curies":[{"name":"wp","href":"https:\/\/api.w.org\/{rel}","templated":true}]}}