{"id":7447,"date":"2023-07-12T09:53:01","date_gmt":"2023-07-12T09:53:01","guid":{"rendered":"https:\/\/www.cacciatoscana.com\/2023\/?page_id=7447"},"modified":"2023-07-12T09:53:01","modified_gmt":"2023-07-12T09:53:01","slug":"helicopter-tour","status":"publish","type":"page","link":"https:\/\/www.cacciatoscana.com\/2023\/oltre-la-caccia\/helicopter-tour\/","title":{"rendered":"Helicopter tour"},"content":{"rendered":"<p>Partenza da luogo da stabilire dove inizier\u00e0 il tour con il nostro elicottero AS350 che pu\u00f2 portare fino a 5 persone a volo.<br \/>\nAlla fine del tour, a richiesta \u00e8 possibile organizzare un esclusivo pranzo nel vigneto o nelle sale della nostra Tenuta con degustazione verticale e scuola del vino.<\/p>\n<p><strong>Classic Tour<\/strong><br \/>\nLuogo di partenza da concordare, San Gimignano, Colle val d&#8217;Elsa, Certaldo, Chianti Vineyards,<br \/>\nTempo di volo: 15 minuti<\/p>\n<p style=\"margin-bottom: 12.0pt;\">\u00a0<strong>Deluxe Tour<\/strong><br \/>\nLuogo di partenza da concordare, Monteriggioni, Castellina in Chianti, Chianti Classico Castles, Certaldo, Colle val d&#8217;Elsa, San Gimignano.<br \/>\nTempo di Volo: 25 Minuti<\/p>\n<p><strong>\u00a0Vip Tour<\/strong><br \/>\nLuogo di partenza da concordare, Monteriggioni, Siena, Castellina in Chianti, Greve in Chianti, Chianti Classico Castles, San Casciano, Florence, Certaldo, San Gimignano.<br \/>\nTempo di Volo: 45 Minuti<\/p>\n","protected":false},"excerpt":{"rendered":"<p>Partenza da luogo da stabilire dove inizier\u00e0 il tour con il nostro elicottero AS350 che pu\u00f2 portare fino a 5 persone a volo. Alla fine del tour, a richiesta \u00e8 possibile organizzare un esclusivo pranzo nel vigneto o nelle sale della nostra Tenuta con degustazione verticale e scuola del vino. Classic Tour Luogo di partenza &hellip; <\/p>\n<p class=\"link-more\"><a href=\"https:\/\/www.cacciatoscana.com\/2023\/oltre-la-caccia\/helicopter-tour\/\" class=\"more-link\">Read more<span class=\"screen-reader-text\"> &#8220;Helicopter tour&#8221;<\/span><\/a><\/p>\n","protected":false},"author":1,"featured_media":6911,"parent":5206,"menu_order":0,"comment_status":"closed","ping_status":"closed","template":"","meta":{"footnotes":""},"class_list":["post-7447","page","type-page","status-publish","has-post-thumbnail","hentry"],"featured_media_urls":{"thumbnail":["https:\/\/www.cacciatoscana.com\/2023\/wp-content\/uploads\/2023\/06\/image002-150x150.jpg",150,150,true],"medium":["https:\/\/www.cacciatoscana.com\/2023\/wp-content\/uploads\/2023\/06\/image002-300x166.jpg",300,166,true],"medium_large":["https:\/\/www.cacciatoscana.com\/2023\/wp-content\/uploads\/2023\/06\/image002-768x425.jpg",768,425,true],"large":["https:\/\/www.cacciatoscana.com\/2023\/wp-content\/uploads\/2023\/06\/image002.jpg",930,515,false],"1536x1536":["https:\/\/www.cacciatoscana.com\/2023\/wp-content\/uploads\/2023\/06\/image002.jpg",930,515,false],"2048x2048":["https:\/\/www.cacciatoscana.com\/2023\/wp-content\/uploads\/2023\/06\/image002.jpg",930,515,false],"inspiro-featured-image":["https:\/\/www.cacciatoscana.com\/2023\/wp-content\/uploads\/2023\/06\/image002.jpg",930,515,false],"inspiro-loop":["https:\/\/www.cacciatoscana.com\/2023\/wp-content\/uploads\/2023\/06\/image002-930x320.jpg",930,320,true],"inspiro-loop@2x":["https:\/\/www.cacciatoscana.com\/2023\/wp-content\/uploads\/2023\/06\/image002.jpg",930,515,false],"portfolio_item-thumbnail":["https:\/\/www.cacciatoscana.com\/2023\/wp-content\/uploads\/2023\/06\/image002-600x400.jpg",600,400,true],"portfolio_item-thumbnail@2x":["https:\/\/www.cacciatoscana.com\/2023\/wp-content\/uploads\/2023\/06\/image002.jpg",930,515,false],"portfolio_item-masonry":["https:\/\/www.cacciatoscana.com\/2023\/wp-content\/uploads\/2023\/06\/image002-600x332.jpg",600,332,true],"portfolio_item-masonry@2x":["https:\/\/www.cacciatoscana.com\/2023\/wp-content\/uploads\/2023\/06\/image002.jpg",930,515,false],"portfolio_item-thumbnail_cinema":["https:\/\/www.cacciatoscana.com\/2023\/wp-content\/uploads\/2023\/06\/image002-800x335.jpg",800,335,true],"portfolio_item-thumbnail_portrait":["https:\/\/www.cacciatoscana.com\/2023\/wp-content\/uploads\/2023\/06\/image002-600x515.jpg",600,515,true],"portfolio_item-thumbnail_portrait@2x":["https:\/\/www.cacciatoscana.com\/2023\/wp-content\/uploads\/2023\/06\/image002.jpg",930,515,false],"portfolio_item-thumbnail_square":["https:\/\/www.cacciatoscana.com\/2023\/wp-content\/uploads\/2023\/06\/image002-800x515.jpg",800,515,true]},"_links":{"self":[{"href":"https:\/\/www.cacciatoscana.com\/2023\/wp-json\/wp\/v2\/pages\/7447","targetHints":{"allow":["GET"]}}],"collection":[{"href":"https:\/\/www.cacciatoscana.com\/2023\/wp-json\/wp\/v2\/pages"}],"about":[{"href":"https:\/\/www.cacciatoscana.com\/2023\/wp-json\/wp\/v2\/types\/page"}],"author":[{"embeddable":true,"href":"https:\/\/www.cacciatoscana.com\/2023\/wp-json\/wp\/v2\/users\/1"}],"replies":[{"embeddable":true,"href":"https:\/\/www.cacciatoscana.com\/2023\/wp-json\/wp\/v2\/comments?post=7447"}],"version-history":[{"count":1,"href":"https:\/\/www.cacciatoscana.com\/2023\/wp-json\/wp\/v2\/pages\/7447\/revisions"}],"predecessor-version":[{"id":7448,"href":"https:\/\/www.cacciatoscana.com\/2023\/wp-json\/wp\/v2\/pages\/7447\/revisions\/7448"}],"up":[{"embeddable":true,"href":"https:\/\/www.cacciatoscana.com\/2023\/wp-json\/wp\/v2\/pages\/5206"}],"wp:featuredmedia":[{"embeddable":true,"href":"https:\/\/www.cacciatoscana.com\/2023\/wp-json\/wp\/v2\/media\/6911"}],"wp:attachment":[{"href":"https:\/\/www.cacciatoscana.com\/2023\/wp-json\/wp\/v2\/media?parent=7447"}],"curies":[{"name":"wp","href":"https:\/\/api.w.org\/{rel}","templated":true}]}}