{"id":6844,"date":"2023-06-13T15:16:44","date_gmt":"2023-06-13T15:16:44","guid":{"rendered":"https:\/\/www.cacciatoscana.com\/2023\/?page_id=6844"},"modified":"2023-06-19T15:42:49","modified_gmt":"2023-06-19T15:42:49","slug":"chi-siamo","status":"publish","type":"page","link":"https:\/\/www.cacciatoscana.com\/2023\/chi-siamo\/","title":{"rendered":"Chi siamo"},"content":{"rendered":"\t\t<div data-elementor-type=\"wp-page\" data-elementor-id=\"6844\" class=\"elementor elementor-6844\">\n\t\t\t\t\t\t\t\t\t<section class=\"elementor-section elementor-top-section elementor-element elementor-element-c3f878b elementor-section-boxed elementor-section-height-default elementor-section-height-default\" data-id=\"c3f878b\" data-element_type=\"section\">\n\t\t\t\t\t\t<div class=\"elementor-container elementor-column-gap-default\">\n\t\t\t\t\t<div class=\"elementor-column elementor-col-100 elementor-top-column elementor-element elementor-element-4c2dcf4\" data-id=\"4c2dcf4\" data-element_type=\"column\">\n\t\t\t<div class=\"elementor-widget-wrap elementor-element-populated\">\n\t\t\t\t\t\t\t\t<div class=\"elementor-element elementor-element-87a2715 elementor-widget elementor-widget-text-editor\" data-id=\"87a2715\" data-element_type=\"widget\" data-widget_type=\"text-editor.default\">\n\t\t\t\t<div class=\"elementor-widget-container\">\n\t\t\t<style>\/*! elementor - v3.17.0 - 08-11-2023 *\/\n.elementor-widget-text-editor.elementor-drop-cap-view-stacked .elementor-drop-cap{background-color:#69727d;color:#fff}.elementor-widget-text-editor.elementor-drop-cap-view-framed .elementor-drop-cap{color:#69727d;border:3px solid;background-color:transparent}.elementor-widget-text-editor:not(.elementor-drop-cap-view-default) .elementor-drop-cap{margin-top:8px}.elementor-widget-text-editor:not(.elementor-drop-cap-view-default) .elementor-drop-cap-letter{width:1em;height:1em}.elementor-widget-text-editor .elementor-drop-cap{float:left;text-align:center;line-height:1;font-size:50px}.elementor-widget-text-editor .elementor-drop-cap-letter{display:inline-block}<\/style>\t\t\t\t<p>Le aree di caccia gestite da Caccia Toscana sono organizzate e strutturate principalmente per offrire al cacciatore grandi possibilit\u00e0 di avvistamento di selvaggina, garantendo uno standard di qualit\u00e0 sempre al Top, mantenendo al massimo livello di eccellenza la tradizione dell\u2019arte venatoria italiana aprendo la strada anche agli appassionati cacciatori stranieri.<\/p><p>Il nostro obiettivo principale si esprime nell&#8217;accurato lavoro quotidiano di gestione e organizzazione del patrimonio faunistico venatorio.<\/p><p>Per noi essere Cacciatori significa: \u201cAmare e conoscere il territorio prima di ogni cosa, sapendolo gestire seguendo la logica della natura\u2026&#8221;<\/p><ul><li>Proteggendo\u00a0 l\u2019agricoltura;<\/li><li>Incentivando e cautelando la naturale proliferazione di selvaggina;<\/li><li>Preservandone la convivenza ed il rapporto fra le specie.<\/li><\/ul><p>Solo riuscendo a capire e ad ottenere il delicato equilibrio con la perfetta armonia fra tutti questi elementi possiamo offrire e garantire un\u2019esperienza di \u201cCaccia di Qualit\u00e0\u201d.<\/p><p>\u00a0<\/p><p>L\u2019avventura di una cacciata in Toscana \u00e8 sicuramente una delle cose pi\u00f9 ambite da qualsiasi cacciatore. Qui infatti \u00e8 presente la pi\u00f9 alta concentrazione di ungulati di tutto il territorio italiano, con caprioli, daini, mufloni, cinghiali e cervo, con stupendi esemplari da trofeo, il tutto nel favoloso paesaggio collinare che caratterizza la regione, assieme alla tradizionale apertura verso la nobile arte della caccia, che rende la Toscana il posto ideale per un\u2019esperienza di caccia unica e indimenticabile. In questo sito vi offriamo la possibilit\u00e0 di godere di questa esperienza alle condizioni pi\u00f9 vantaggiose e massimo comfort.<\/p><p>\u00a0<\/p><p>Siamo in grado di organizzare battute di caccia individuale o di gruppo, al cinghiale, al capriolo, al cervo, al daino, al muflone, ma anche ad altri tipi di selvaggina stanziale, fagiani, starne, quaglie.<\/p><p>Offriamo ai nostri ospiti cacciatori e alle loro famiglie, e ai loro amici accompagnatori, la possibilit\u00e0 di soggiornare presso il nostro agriturismo \u201cLa Tenuta di Castelvecchio\u201d.<\/p>\t\t\t\t\t\t<\/div>\n\t\t\t\t<\/div>\n\t\t\t\t\t<\/div>\n\t\t<\/div>\n\t\t\t\t\t\t\t<\/div>\n\t\t<\/section>\n\t\t\t\t\t\t\t<\/div>\n\t\t","protected":false},"excerpt":{"rendered":"<p>Le aree di caccia gestite da Caccia Toscana sono organizzate e strutturate principalmente per offrire al cacciatore grandi possibilit\u00e0 di avvistamento di selvaggina, garantendo uno standard di qualit\u00e0 sempre al Top, mantenendo al massimo livello di eccellenza la tradizione dell\u2019arte venatoria italiana aprendo la strada anche agli appassionati cacciatori stranieri. Il nostro obiettivo principale si &hellip; <\/p>\n<p class=\"link-more\"><a href=\"https:\/\/www.cacciatoscana.com\/2023\/chi-siamo\/\" class=\"more-link\">Read more<span class=\"screen-reader-text\"> &#8220;Chi siamo&#8221;<\/span><\/a><\/p>\n","protected":false},"author":1,"featured_media":120,"parent":0,"menu_order":0,"comment_status":"closed","ping_status":"closed","template":"","meta":{"footnotes":""},"class_list":["post-6844","page","type-page","status-publish","has-post-thumbnail","hentry"],"featured_media_urls":{"thumbnail":["https:\/\/www.cacciatoscana.com\/2023\/wp-content\/uploads\/2023\/05\/DSC01459-150x150.jpg",150,150,true],"medium":["https:\/\/www.cacciatoscana.com\/2023\/wp-content\/uploads\/2023\/05\/DSC01459-300x200.jpg",300,200,true],"medium_large":["https:\/\/www.cacciatoscana.com\/2023\/wp-content\/uploads\/2023\/05\/DSC01459-768x512.jpg",768,512,true],"large":["https:\/\/www.cacciatoscana.com\/2023\/wp-content\/uploads\/2023\/05\/DSC01459-1024x683.jpg",950,634,true],"1536x1536":["https:\/\/www.cacciatoscana.com\/2023\/wp-content\/uploads\/2023\/05\/DSC01459-1536x1024.jpg",1536,1024,true],"2048x2048":["https:\/\/www.cacciatoscana.com\/2023\/wp-content\/uploads\/2023\/05\/DSC01459.jpg",1620,1080,false],"inspiro-featured-image":["https:\/\/www.cacciatoscana.com\/2023\/wp-content\/uploads\/2023\/05\/DSC01459.jpg",1620,1080,false],"inspiro-loop":["https:\/\/www.cacciatoscana.com\/2023\/wp-content\/uploads\/2023\/05\/DSC01459.jpg",480,320,false],"inspiro-loop@2x":["https:\/\/www.cacciatoscana.com\/2023\/wp-content\/uploads\/2023\/05\/DSC01459.jpg",960,640,false],"portfolio_item-thumbnail":["https:\/\/www.cacciatoscana.com\/2023\/wp-content\/uploads\/2023\/05\/DSC01459.jpg",600,400,false],"portfolio_item-thumbnail@2x":["https:\/\/www.cacciatoscana.com\/2023\/wp-content\/uploads\/2023\/05\/DSC01459.jpg",1200,800,false],"portfolio_item-masonry":["https:\/\/www.cacciatoscana.com\/2023\/wp-content\/uploads\/2023\/05\/DSC01459.jpg",600,400,false],"portfolio_item-masonry@2x":["https:\/\/www.cacciatoscana.com\/2023\/wp-content\/uploads\/2023\/05\/DSC01459.jpg",1200,800,false],"portfolio_item-thumbnail_cinema":["https:\/\/www.cacciatoscana.com\/2023\/wp-content\/uploads\/2023\/05\/DSC01459.jpg",503,335,false],"portfolio_item-thumbnail_portrait":["https:\/\/www.cacciatoscana.com\/2023\/wp-content\/uploads\/2023\/05\/DSC01459.jpg",600,400,false],"portfolio_item-thumbnail_portrait@2x":["https:\/\/www.cacciatoscana.com\/2023\/wp-content\/uploads\/2023\/05\/DSC01459.jpg",1200,800,false],"portfolio_item-thumbnail_square":["https:\/\/www.cacciatoscana.com\/2023\/wp-content\/uploads\/2023\/05\/DSC01459.jpg",800,533,false]},"_links":{"self":[{"href":"https:\/\/www.cacciatoscana.com\/2023\/wp-json\/wp\/v2\/pages\/6844","targetHints":{"allow":["GET"]}}],"collection":[{"href":"https:\/\/www.cacciatoscana.com\/2023\/wp-json\/wp\/v2\/pages"}],"about":[{"href":"https:\/\/www.cacciatoscana.com\/2023\/wp-json\/wp\/v2\/types\/page"}],"author":[{"embeddable":true,"href":"https:\/\/www.cacciatoscana.com\/2023\/wp-json\/wp\/v2\/users\/1"}],"replies":[{"embeddable":true,"href":"https:\/\/www.cacciatoscana.com\/2023\/wp-json\/wp\/v2\/comments?post=6844"}],"version-history":[{"count":11,"href":"https:\/\/www.cacciatoscana.com\/2023\/wp-json\/wp\/v2\/pages\/6844\/revisions"}],"predecessor-version":[{"id":7160,"href":"https:\/\/www.cacciatoscana.com\/2023\/wp-json\/wp\/v2\/pages\/6844\/revisions\/7160"}],"wp:featuredmedia":[{"embeddable":true,"href":"https:\/\/www.cacciatoscana.com\/2023\/wp-json\/wp\/v2\/media\/120"}],"wp:attachment":[{"href":"https:\/\/www.cacciatoscana.com\/2023\/wp-json\/wp\/v2\/media?parent=6844"}],"curies":[{"name":"wp","href":"https:\/\/api.w.org\/{rel}","templated":true}]}}